{"id":933,"date":"2022-07-25T12:35:09","date_gmt":"2022-07-25T10:35:09","guid":{"rendered":"https:\/\/netco.lasolutionglobale.be\/?page_id=933"},"modified":"2022-10-06T16:47:21","modified_gmt":"2022-10-06T14:47:21","slug":"garnissage-et-blindage","status":"publish","type":"page","link":"https:\/\/travauxneufs.lasolutionglobale.eu\/fr\/services-et-produits\/services-maintenance\/garnissage-et-blindage","title":{"rendered":"Garnissage et blindage"},"content":{"rendered":"\n<div class=\"wp-block-group is-style-white-section-yellow-shadow is-layout-flow wp-block-group-is-layout-flow\"><nav class=\"breadcrumbs\" aria-label=\"Fil d\u2019Ariane\"><a href=\"https:\/\/travauxneufs.lasolutionglobale.eu\/fr\" class=\"breadcrumb breadcrumb--first\">Accueil<\/a><\/nav>\n\n\n\n<h2 class=\"wp-block-heading\">\u200b<strong>Garnissage \/ blindage&nbsp;<\/strong><\/h2>\n\n\n\n<p>Les rev\u00eatements sp\u00e9cifiques pr\u00e9viennent les arr\u00eats de production longs et co\u00fbteux.<br>Ces r\u00e9sultats se mesurent en ann\u00e9es et en millions de tonnes, notamment dans les secteurs des granulats.&nbsp;<\/p>\n\n\n\n<p>Diff\u00e9rentes technologies&nbsp;selon le r\u00e9sultat ou la combinaison de r\u00e9sultats souhait\u00e9s<\/p>\n\n\n\n<p><\/p>\n\n\n\n<p><strong>Garnissage de tr\u00e9mies en POLIROM<\/strong> (plaques polyur\u00e9thane avec insert grillage m\u00e9tallique)<\/p>\n\n\n\n<p>Excellentes r\u00e9sistances \u00e0 l&rsquo;abrasion <strong>(15mm3)<\/strong>, \u00e0 l&rsquo;ozone, au vieillissement, aux huiles et solvants<br>Form\u00e9 et fix\u00e9 sur de nombreuses surfaces<\/p>\n\n\n\n<div class=\"wp-block-columns is-layout-flex wp-container-core-columns-is-layout-9d6595d7 wp-block-columns-is-layout-flex\">\n<div class=\"wp-block-column is-layout-flow wp-block-column-is-layout-flow\"><\/div>\n\n\n\n<div class=\"wp-block-column is-layout-flow wp-block-column-is-layout-flow\"><\/div>\n\n\n\n<div class=\"wp-block-column is-layout-flow wp-block-column-is-layout-flow\"><\/div>\n<\/div>\n\n\n\n<p><strong>Garnissage de tr\u00e9mies en Poly\u00e9thyl\u00e8ne Haute Densit\u00e9 (PEHD 500, 1000, anti-huile)&nbsp;<\/strong><strong>:<\/strong><\/p>\n\n\n\n<p>Excellentes propri\u00e9t\u00e9s de glissement gr\u00e2ce \u00e0 un coefficient de frottement particuli\u00e8rement faible<br>Parfaitement&nbsp;hydrofuge, r\u00e9sistance \u00e0 un grand nombre d&rsquo;agresseurs chimiques<\/p>\n\n\n\n<p><\/p>\n\n\n\n<div class=\"wp-block-columns is-layout-flex wp-container-core-columns-is-layout-9d6595d7 wp-block-columns-is-layout-flex\">\n<div class=\"wp-block-column is-layout-flow wp-block-column-is-layout-flow\" style=\"flex-basis:33.34%\">\n<figure data-gkt-effects=\"{&amp;quot;reveal&amp;quot;:{&amp;quot;x&amp;quot;:0,&amp;quot;y&amp;quot;:0,&amp;quot;opacity&amp;quot;:0,&amp;quot;scale&amp;quot;:1,&amp;quot;transition&amp;quot;:{&amp;quot;type&amp;quot;:&amp;quot;easing&amp;quot;,&amp;quot;duration&amp;quot;:0.9,&amp;quot;delay&amp;quot;:0}}}\" class=\"wp-block-image size-large zoom\" ><img loading=\"lazy\" decoding=\"async\" width=\"1024\" height=\"768\" src=\"https:\/\/travauxneufs.lasolutionglobale.eu\/wp-content\/uploads\/2022\/09\/IMG_20200822_124435-3-1024x768.jpg\" alt=\"\" class=\"wp-image-2234\" srcset=\"https:\/\/travauxneufs.lasolutionglobale.eu\/wp-content\/uploads\/2022\/09\/IMG_20200822_124435-3-1024x768.jpg 1024w, https:\/\/travauxneufs.lasolutionglobale.eu\/wp-content\/uploads\/2022\/09\/IMG_20200822_124435-3-300x225.jpg 300w, https:\/\/travauxneufs.lasolutionglobale.eu\/wp-content\/uploads\/2022\/09\/IMG_20200822_124435-3-768x576.jpg 768w, https:\/\/travauxneufs.lasolutionglobale.eu\/wp-content\/uploads\/2022\/09\/IMG_20200822_124435-3-1536x1152.jpg 1536w, https:\/\/travauxneufs.lasolutionglobale.eu\/wp-content\/uploads\/2022\/09\/IMG_20200822_124435-3-2048x1536.jpg 2048w\" sizes=\"auto, (max-width: 1024px) 100vw, 1024px\" \/><\/figure>\n<\/div>\n\n\n\n<div class=\"wp-block-column is-layout-flow wp-block-column-is-layout-flow\" style=\"flex-basis:33.34%\">\n<figure data-gkt-effects=\"{&amp;quot;reveal&amp;quot;:{&amp;quot;x&amp;quot;:0,&amp;quot;y&amp;quot;:0,&amp;quot;opacity&amp;quot;:0,&amp;quot;scale&amp;quot;:1,&amp;quot;transition&amp;quot;:{&amp;quot;type&amp;quot;:&amp;quot;easing&amp;quot;,&amp;quot;duration&amp;quot;:0.9,&amp;quot;delay&amp;quot;:0}}}\" class=\"wp-block-image size-large zoom\" ><img loading=\"lazy\" decoding=\"async\" width=\"1024\" height=\"768\" src=\"https:\/\/travauxneufs.lasolutionglobale.eu\/wp-content\/uploads\/2022\/09\/IMG_20211201_115634-1024x768.jpg\" alt=\"\" class=\"wp-image-2219\" srcset=\"https:\/\/travauxneufs.lasolutionglobale.eu\/wp-content\/uploads\/2022\/09\/IMG_20211201_115634-1024x768.jpg 1024w, https:\/\/travauxneufs.lasolutionglobale.eu\/wp-content\/uploads\/2022\/09\/IMG_20211201_115634-300x225.jpg 300w, https:\/\/travauxneufs.lasolutionglobale.eu\/wp-content\/uploads\/2022\/09\/IMG_20211201_115634-768x576.jpg 768w, https:\/\/travauxneufs.lasolutionglobale.eu\/wp-content\/uploads\/2022\/09\/IMG_20211201_115634-1536x1152.jpg 1536w, https:\/\/travauxneufs.lasolutionglobale.eu\/wp-content\/uploads\/2022\/09\/IMG_20211201_115634-2048x1536.jpg 2048w\" sizes=\"auto, (max-width: 1024px) 100vw, 1024px\" \/><\/figure>\n<\/div>\n\n\n\n<div class=\"wp-block-column is-layout-flow wp-block-column-is-layout-flow\" style=\"flex-basis:33.33%\">\n<figure data-gkt-effects=\"{&amp;quot;reveal&amp;quot;:{&amp;quot;x&amp;quot;:0,&amp;quot;y&amp;quot;:0,&amp;quot;opacity&amp;quot;:0,&amp;quot;scale&amp;quot;:1,&amp;quot;transition&amp;quot;:{&amp;quot;type&amp;quot;:&amp;quot;easing&amp;quot;,&amp;quot;duration&amp;quot;:0.9,&amp;quot;delay&amp;quot;:0}}}\" class=\"wp-block-image size-large zoom\" ><img loading=\"lazy\" decoding=\"async\" width=\"1024\" height=\"768\" src=\"https:\/\/travauxneufs.lasolutionglobale.eu\/wp-content\/uploads\/2022\/09\/IMG_20190606_092556-1024x768.jpg\" alt=\"\" class=\"wp-image-2222\" srcset=\"https:\/\/travauxneufs.lasolutionglobale.eu\/wp-content\/uploads\/2022\/09\/IMG_20190606_092556-1024x768.jpg 1024w, https:\/\/travauxneufs.lasolutionglobale.eu\/wp-content\/uploads\/2022\/09\/IMG_20190606_092556-300x225.jpg 300w, https:\/\/travauxneufs.lasolutionglobale.eu\/wp-content\/uploads\/2022\/09\/IMG_20190606_092556-768x576.jpg 768w, https:\/\/travauxneufs.lasolutionglobale.eu\/wp-content\/uploads\/2022\/09\/IMG_20190606_092556-1536x1152.jpg 1536w, https:\/\/travauxneufs.lasolutionglobale.eu\/wp-content\/uploads\/2022\/09\/IMG_20190606_092556-2048x1536.jpg 2048w\" sizes=\"auto, (max-width: 1024px) 100vw, 1024px\" \/><\/figure>\n<\/div>\n<\/div>\n\n\n\n<p><strong>Garnissage divers en caoutchouc par feuilles, dalles et pav\u00e9s\u00a0<\/strong>(caoutchouc naturel\u2026)\u00a0<strong>:<\/strong><\/p>\n\n\n\n<p>Excellente&nbsp;r\u00e9sistance \u00e0 l&rsquo;abrasion humide, <br>Faible d\u00e9formation permanente et&nbsp;grande flexibilit\u00e9<br>Bonne \u00e9lasticit\u00e9 m\u00eame \u00e0 basse temp\u00e9rature, ce qui favorise l&rsquo;application,<br>Anti-choc, anti-bruit,Facilit\u00e9 de montage (dalles et pav\u00e9s)<\/p>\n\n\n\n<p><\/p>\n\n\n\n<div class=\"wp-block-columns is-layout-flex wp-container-core-columns-is-layout-9d6595d7 wp-block-columns-is-layout-flex\">\n<div class=\"wp-block-column is-layout-flow wp-block-column-is-layout-flow\" style=\"flex-basis:33.34%\">\n<figure class=\"wp-block-image size-large zoom\"><img loading=\"lazy\" decoding=\"async\" width=\"1024\" height=\"768\" src=\"https:\/\/travauxneufs.lasolutionglobale.eu\/wp-content\/uploads\/2022\/09\/IMG_20190507_142944-1-1024x768.jpg\" alt=\"\" class=\"wp-image-2260\" srcset=\"https:\/\/travauxneufs.lasolutionglobale.eu\/wp-content\/uploads\/2022\/09\/IMG_20190507_142944-1-1024x768.jpg 1024w, https:\/\/travauxneufs.lasolutionglobale.eu\/wp-content\/uploads\/2022\/09\/IMG_20190507_142944-1-300x225.jpg 300w, https:\/\/travauxneufs.lasolutionglobale.eu\/wp-content\/uploads\/2022\/09\/IMG_20190507_142944-1-768x576.jpg 768w, https:\/\/travauxneufs.lasolutionglobale.eu\/wp-content\/uploads\/2022\/09\/IMG_20190507_142944-1-1536x1152.jpg 1536w, https:\/\/travauxneufs.lasolutionglobale.eu\/wp-content\/uploads\/2022\/09\/IMG_20190507_142944-1-2048x1536.jpg 2048w\" sizes=\"auto, (max-width: 1024px) 100vw, 1024px\" \/><\/figure>\n<\/div>\n\n\n\n<div class=\"wp-block-column is-layout-flow wp-block-column-is-layout-flow\" style=\"flex-basis:33.34%\">\n<figure class=\"wp-block-image size-large zoom\"><img loading=\"lazy\" decoding=\"async\" width=\"1024\" height=\"768\" src=\"https:\/\/travauxneufs.lasolutionglobale.eu\/wp-content\/uploads\/2022\/09\/IMG_20190507_143014-1024x768.jpg\" alt=\"\" class=\"wp-image-2322\" srcset=\"https:\/\/travauxneufs.lasolutionglobale.eu\/wp-content\/uploads\/2022\/09\/IMG_20190507_143014-1024x768.jpg 1024w, https:\/\/travauxneufs.lasolutionglobale.eu\/wp-content\/uploads\/2022\/09\/IMG_20190507_143014-300x225.jpg 300w, https:\/\/travauxneufs.lasolutionglobale.eu\/wp-content\/uploads\/2022\/09\/IMG_20190507_143014-768x576.jpg 768w, https:\/\/travauxneufs.lasolutionglobale.eu\/wp-content\/uploads\/2022\/09\/IMG_20190507_143014-1536x1152.jpg 1536w, https:\/\/travauxneufs.lasolutionglobale.eu\/wp-content\/uploads\/2022\/09\/IMG_20190507_143014-2048x1536.jpg 2048w\" sizes=\"auto, (max-width: 1024px) 100vw, 1024px\" \/><\/figure>\n<\/div>\n\n\n\n<div class=\"wp-block-column is-layout-flow wp-block-column-is-layout-flow\"><\/div>\n\n\n\n<div class=\"wp-block-column is-layout-flow wp-block-column-is-layout-flow\" style=\"flex-basis:33.33%\"><\/div>\n<\/div>\n\n\n\n<p><strong>Garnissage en polyur\u00e9thane par feuilles ou par projection :<\/strong><\/p>\n\n\n\n<p>R\u00e9sistance aux produits chimiques,<br>Propri\u00e9t\u00e9s m\u00e9caniques des thermoplastiques et d\u2019\u00e9lasticit\u00e9 du&nbsp;Caoutchouc,<br>Excellente tenue \u00e0 l\u2019abrasion&nbsp;et large plage d\u2019utilisation \u00e0 la temp\u00e9rature <\/p>\n\n\n\n<div class=\"wp-block-columns is-layout-flex wp-container-core-columns-is-layout-9d6595d7 wp-block-columns-is-layout-flex\">\n<div class=\"wp-block-column is-layout-flow wp-block-column-is-layout-flow\">\n<figure class=\"wp-block-image size-large zoom\"><img loading=\"lazy\" decoding=\"async\" width=\"1024\" height=\"768\" src=\"https:\/\/travauxneufs.lasolutionglobale.eu\/wp-content\/uploads\/2022\/09\/IMG_20201203_144328-copie-2-1024x768.jpg\" alt=\"\" class=\"wp-image-2307\" srcset=\"https:\/\/travauxneufs.lasolutionglobale.eu\/wp-content\/uploads\/2022\/09\/IMG_20201203_144328-copie-2-1024x768.jpg 1024w, https:\/\/travauxneufs.lasolutionglobale.eu\/wp-content\/uploads\/2022\/09\/IMG_20201203_144328-copie-2-300x225.jpg 300w, https:\/\/travauxneufs.lasolutionglobale.eu\/wp-content\/uploads\/2022\/09\/IMG_20201203_144328-copie-2-768x576.jpg 768w, https:\/\/travauxneufs.lasolutionglobale.eu\/wp-content\/uploads\/2022\/09\/IMG_20201203_144328-copie-2-1536x1152.jpg 1536w, https:\/\/travauxneufs.lasolutionglobale.eu\/wp-content\/uploads\/2022\/09\/IMG_20201203_144328-copie-2-2048x1536.jpg 2048w\" sizes=\"auto, (max-width: 1024px) 100vw, 1024px\" \/><\/figure>\n<\/div>\n\n\n\n<div class=\"wp-block-column is-layout-flow wp-block-column-is-layout-flow\">\n<figure class=\"wp-block-image size-large zoom\"><img loading=\"lazy\" decoding=\"async\" width=\"1024\" height=\"768\" src=\"https:\/\/travauxneufs.lasolutionglobale.eu\/wp-content\/uploads\/2022\/09\/IMG_20201203_150222-1-1024x768.jpg\" alt=\"\" class=\"wp-image-2309\" srcset=\"https:\/\/travauxneufs.lasolutionglobale.eu\/wp-content\/uploads\/2022\/09\/IMG_20201203_150222-1-1024x768.jpg 1024w, https:\/\/travauxneufs.lasolutionglobale.eu\/wp-content\/uploads\/2022\/09\/IMG_20201203_150222-1-300x225.jpg 300w, https:\/\/travauxneufs.lasolutionglobale.eu\/wp-content\/uploads\/2022\/09\/IMG_20201203_150222-1-768x576.jpg 768w, https:\/\/travauxneufs.lasolutionglobale.eu\/wp-content\/uploads\/2022\/09\/IMG_20201203_150222-1-1536x1152.jpg 1536w, https:\/\/travauxneufs.lasolutionglobale.eu\/wp-content\/uploads\/2022\/09\/IMG_20201203_150222-1-2048x1536.jpg 2048w\" sizes=\"auto, (max-width: 1024px) 100vw, 1024px\" \/><\/figure>\n<\/div>\n\n\n\n<div class=\"wp-block-column is-layout-flow wp-block-column-is-layout-flow\">\n<figure class=\"wp-block-image size-large zoom\"><img loading=\"lazy\" decoding=\"async\" width=\"1024\" height=\"768\" src=\"https:\/\/travauxneufs.lasolutionglobale.eu\/wp-content\/uploads\/2022\/09\/IMG_20201203_144319-1-1024x768.jpg\" alt=\"\" class=\"wp-image-2311\" srcset=\"https:\/\/travauxneufs.lasolutionglobale.eu\/wp-content\/uploads\/2022\/09\/IMG_20201203_144319-1-1024x768.jpg 1024w, https:\/\/travauxneufs.lasolutionglobale.eu\/wp-content\/uploads\/2022\/09\/IMG_20201203_144319-1-300x225.jpg 300w, https:\/\/travauxneufs.lasolutionglobale.eu\/wp-content\/uploads\/2022\/09\/IMG_20201203_144319-1-768x576.jpg 768w, https:\/\/travauxneufs.lasolutionglobale.eu\/wp-content\/uploads\/2022\/09\/IMG_20201203_144319-1-1536x1152.jpg 1536w, https:\/\/travauxneufs.lasolutionglobale.eu\/wp-content\/uploads\/2022\/09\/IMG_20201203_144319-1-2048x1536.jpg 2048w\" sizes=\"auto, (max-width: 1024px) 100vw, 1024px\" \/><\/figure>\n<\/div>\n<\/div>\n\n\n\n<p><strong>Garnissage en c\u00e9ramique par plaques, dalles et pav\u00e9s&nbsp;garnis :<\/strong> <\/p>\n\n\n\n<p>Propri\u00e9t\u00e9s de r\u00e9sistance \u00e0 l&rsquo;usure extr\u00eamement \u00e9lev\u00e9e<\/p>\n\n\n\n<div class=\"wp-block-columns is-layout-flex wp-container-core-columns-is-layout-9d6595d7 wp-block-columns-is-layout-flex\">\n<div class=\"wp-block-column is-layout-flow wp-block-column-is-layout-flow\">\n<figure class=\"wp-block-image size-full zoom\"><img loading=\"lazy\" decoding=\"async\" width=\"459\" height=\"472\" src=\"https:\/\/travauxneufs.lasolutionglobale.eu\/wp-content\/uploads\/2022\/10\/image013.png\" alt=\"\" class=\"wp-image-4450\" srcset=\"https:\/\/travauxneufs.lasolutionglobale.eu\/wp-content\/uploads\/2022\/10\/image013.png 459w, https:\/\/travauxneufs.lasolutionglobale.eu\/wp-content\/uploads\/2022\/10\/image013-292x300.png 292w\" sizes=\"auto, (max-width: 459px) 100vw, 459px\" \/><\/figure>\n<\/div>\n\n\n\n<div class=\"wp-block-column is-layout-flow wp-block-column-is-layout-flow\"><\/div>\n\n\n\n<div class=\"wp-block-column is-layout-flow wp-block-column-is-layout-flow\"><\/div>\n<\/div>\n\n\n\n<div style=\"height:3rem\" aria-hidden=\"true\" class=\"wp-block-spacer\"><\/div>\n\n\n\n<p><strong>Diff\u00e9rents rev\u00eatements des rouleaux :<\/strong><\/p>\n\n\n\n<p>Caoutchouc naturel standard :<br>SBR, Silicone, N\u00e9opr\u00e8ne, Polyamide, Nitrile, Polyur\u00e9thane, C\u00e9ramique,<\/p>\n\n\n\n<div class=\"wp-block-columns is-layout-flex wp-container-core-columns-is-layout-9d6595d7 wp-block-columns-is-layout-flex\">\n<div class=\"wp-block-column is-layout-flow wp-block-column-is-layout-flow\">\n<figure class=\"wp-block-image size-full zoom\"><img loading=\"lazy\" decoding=\"async\" width=\"918\" height=\"608\" src=\"https:\/\/travauxneufs.lasolutionglobale.eu\/wp-content\/uploads\/2022\/09\/Capture-decran-2022-09-27-a-07.39.14.png\" alt=\"\" class=\"wp-image-3224\" srcset=\"https:\/\/travauxneufs.lasolutionglobale.eu\/wp-content\/uploads\/2022\/09\/Capture-decran-2022-09-27-a-07.39.14.png 918w, https:\/\/travauxneufs.lasolutionglobale.eu\/wp-content\/uploads\/2022\/09\/Capture-decran-2022-09-27-a-07.39.14-300x199.png 300w, https:\/\/travauxneufs.lasolutionglobale.eu\/wp-content\/uploads\/2022\/09\/Capture-decran-2022-09-27-a-07.39.14-768x509.png 768w\" sizes=\"auto, (max-width: 918px) 100vw, 918px\" \/><\/figure>\n<\/div>\n\n\n\n<div class=\"wp-block-column is-layout-flow wp-block-column-is-layout-flow\"><\/div>\n\n\n\n<div class=\"wp-block-column is-layout-flow wp-block-column-is-layout-flow\"><\/div>\n<\/div>\n\n\n\n<p><strong>Rev\u00eatement\u00a0en \u00e9lastom\u00e8re et caoutchouc des tambours\u00a0<\/strong>(caoutchouc naturel\u2026)\u00a0<strong>:<\/strong><\/p>\n\n\n\n<p>Excellente r\u00e9sistance \u00e0 l&rsquo;abrasion humide,<br>Excellente r\u00e9sistance \u00e0 la coupure et au d\u00e9chirement,<br>Bonne \u00e9lasticit\u00e9 m\u00eame \u00e0 basse temp\u00e9rature<\/p>\n\n\n\n<div class=\"wp-block-columns is-layout-flex wp-container-core-columns-is-layout-9d6595d7 wp-block-columns-is-layout-flex\">\n<div class=\"wp-block-column is-layout-flow wp-block-column-is-layout-flow\">\n<figure class=\"wp-block-image size-large zoom\"><img loading=\"lazy\" decoding=\"async\" width=\"1024\" height=\"768\" src=\"https:\/\/travauxneufs.lasolutionglobale.eu\/wp-content\/uploads\/2022\/09\/IMG_20201218_091452-1-1024x768.jpg\" alt=\"\" class=\"wp-image-2330\" srcset=\"https:\/\/travauxneufs.lasolutionglobale.eu\/wp-content\/uploads\/2022\/09\/IMG_20201218_091452-1-1024x768.jpg 1024w, https:\/\/travauxneufs.lasolutionglobale.eu\/wp-content\/uploads\/2022\/09\/IMG_20201218_091452-1-300x225.jpg 300w, https:\/\/travauxneufs.lasolutionglobale.eu\/wp-content\/uploads\/2022\/09\/IMG_20201218_091452-1-768x576.jpg 768w, https:\/\/travauxneufs.lasolutionglobale.eu\/wp-content\/uploads\/2022\/09\/IMG_20201218_091452-1-1536x1152.jpg 1536w, https:\/\/travauxneufs.lasolutionglobale.eu\/wp-content\/uploads\/2022\/09\/IMG_20201218_091452-1-2048x1536.jpg 2048w\" sizes=\"auto, (max-width: 1024px) 100vw, 1024px\" \/><\/figure>\n<\/div>\n\n\n\n<div class=\"wp-block-column is-layout-flow wp-block-column-is-layout-flow\">\n<figure class=\"wp-block-image size-full zoom\"><img loading=\"lazy\" decoding=\"async\" width=\"457\" height=\"284\" src=\"https:\/\/travauxneufs.lasolutionglobale.eu\/wp-content\/uploads\/2022\/09\/image006-copie.jpg\" alt=\"\" class=\"wp-image-3210\" srcset=\"https:\/\/travauxneufs.lasolutionglobale.eu\/wp-content\/uploads\/2022\/09\/image006-copie.jpg 457w, https:\/\/travauxneufs.lasolutionglobale.eu\/wp-content\/uploads\/2022\/09\/image006-copie-300x186.jpg 300w\" sizes=\"auto, (max-width: 457px) 100vw, 457px\" \/><\/figure>\n<\/div>\n\n\n\n<div class=\"wp-block-column is-layout-flow wp-block-column-is-layout-flow\">\n<figure class=\"wp-block-image size-full zoom\"><img loading=\"lazy\" decoding=\"async\" width=\"227\" height=\"145\" src=\"https:\/\/travauxneufs.lasolutionglobale.eu\/wp-content\/uploads\/2022\/09\/image005-copie.jpg\" alt=\"\" class=\"wp-image-3213\"\/><\/figure>\n<\/div>\n<\/div>\n\n\n\n<div style=\"height:3rem\" aria-hidden=\"true\" class=\"wp-block-spacer\"><\/div>\n\n\n\n<p><strong>Rev\u00eatement c\u00e9ramique des tambours :<\/strong><\/p>\n\n\n\n<p>propri\u00e9t\u00e9s de r\u00e9sistance \u00e0 l&rsquo;usure extr\u00eamement \u00e9lev\u00e9e,r\u00e9duit le risque patinage et augmente la friction entre les bandes transporteuses et les tambours de&nbsp;convoyeur<\/p>\n\n\n\n<div class=\"wp-block-columns is-layout-flex wp-container-core-columns-is-layout-9d6595d7 wp-block-columns-is-layout-flex\">\n<div class=\"wp-block-column is-layout-flow wp-block-column-is-layout-flow\">\n<figure class=\"wp-block-image size-full zoom\"><img loading=\"lazy\" decoding=\"async\" width=\"327\" height=\"217\" src=\"https:\/\/travauxneufs.lasolutionglobale.eu\/wp-content\/uploads\/2022\/09\/image004-1.png\" alt=\"\" class=\"wp-image-3204\" srcset=\"https:\/\/travauxneufs.lasolutionglobale.eu\/wp-content\/uploads\/2022\/09\/image004-1.png 327w, https:\/\/travauxneufs.lasolutionglobale.eu\/wp-content\/uploads\/2022\/09\/image004-1-300x199.png 300w\" sizes=\"auto, (max-width: 327px) 100vw, 327px\" \/><\/figure>\n<\/div>\n\n\n\n<div class=\"wp-block-column is-layout-flow wp-block-column-is-layout-flow\">\n<figure class=\"wp-block-image size-full zoom\"><img loading=\"lazy\" decoding=\"async\" width=\"229\" height=\"160\" src=\"https:\/\/travauxneufs.lasolutionglobale.eu\/wp-content\/uploads\/2022\/09\/image002-1-1.png\" alt=\"\" class=\"wp-image-3206\"\/><\/figure>\n<\/div>\n\n\n\n<div class=\"wp-block-column is-layout-flow wp-block-column-is-layout-flow\"><\/div>\n<\/div>\n\n\n\n<p><\/p>\n\n\n\n<div class=\"wp-block-columns are-vertically-aligned-center is-layout-flex wp-container-core-columns-is-layout-d5e2fd01 wp-block-columns-is-layout-flex\" style=\"padding-top:2rem\"><\/div>\n<\/div>\n\n\n\n<div style=\"height:5rem\" aria-hidden=\"true\" class=\"wp-block-spacer\"><\/div>\n\n\n\n<div class=\"wp-block-group is-style-lightgray-section is-layout-flow wp-block-group-is-layout-flow\">\n<h2 class=\"has-text-align-center wp-block-heading\">NETCO fait la diff\u00e9rence<\/h2>\n\n\n\n<p class=\"has-text-align-center\">Nos principaux atouts qui vous assurent une prestation de haute qualit\u00e9<\/p>\n\n\n\n<div class=\"wp-block-group is-style-services is-layout-flow wp-block-group-is-layout-flow\">\n<div class=\"wp-block-group is-layout-flow wp-block-group-is-layout-flow\">\n<p>Raison n\u00b01<\/p>\n\n\n\n<p>Plus de 120 ans d\u2019exp\u00e9rience et d\u2019expertise que nous partageons avec nos clients.<\/p>\n<\/div>\n\n\n\n<div class=\"wp-block-group is-layout-flow wp-block-group-is-layout-flow\">\n<p>Raison n\u00b02<\/p>\n\n\n\n<p>Nos collaborateurs sp\u00e9cialistes, hautement qualifi\u00e9s et form\u00e9s sont disponibles 24\/7 !<\/p>\n<\/div>\n\n\n\n<div class=\"wp-block-group is-layout-flow wp-block-group-is-layout-flow\">\n<p>Raison n\u00b04<\/p>\n\n\n\n<p>Acc\u00e8s \u00e0 toutes les gammes avec une logistique performante et une ind\u00e9pendance technique<\/p>\n<\/div>\n<\/div>\n<\/div>\n","protected":false},"excerpt":{"rendered":"<p>\u200bGarnissage \/ blindage&nbsp; Les rev\u00eatements sp\u00e9cifiques pr\u00e9viennent les arr\u00eats de production longs et co\u00fbteux.Ces r\u00e9sultats se mesurent en ann\u00e9es et en millions de tonnes, notamment dans les secteurs des granulats.&nbsp; Diff\u00e9rentes technologies&nbsp;selon le r\u00e9sultat ou la combinaison de r\u00e9sultats souhait\u00e9s Garnissage de tr\u00e9mies en POLIROM (plaques polyur\u00e9thane avec insert grillage m\u00e9tallique) Excellentes r\u00e9sistances \u00e0 l&rsquo;abrasion [&hellip;]<\/p>\n","protected":false},"author":1,"featured_media":2043,"parent":80,"menu_order":0,"comment_status":"closed","ping_status":"closed","template":"","meta":{"_editorskit_title_hidden":false,"_editorskit_reading_time":1,"_editorskit_is_block_options_detached":false,"_editorskit_block_options_position":"{}","ghostkit_customizer_options":"","ghostkit_custom_css":"","ghostkit_custom_js_head":"","ghostkit_custom_js_foot":"","ghostkit_typography":"","slim_seo":{"title":"Garnissage et blindage - Travaux neufs","description":"\u200b Garnissage \/ blindage&nbsp; Les rev\u00eatements sp\u00e9cifiques pr\u00e9viennent les arr\u00eats de production longs et co\u00fbteux. Ces r\u00e9sultats se mesurent en ann\u00e9es et en milli"},"footnotes":""},"class_list":["post-933","page","type-page","status-publish","has-post-thumbnail","hentry"],"_links":{"self":[{"href":"https:\/\/travauxneufs.lasolutionglobale.eu\/fr\/wp-json\/wp\/v2\/pages\/933","targetHints":{"allow":["GET"]}}],"collection":[{"href":"https:\/\/travauxneufs.lasolutionglobale.eu\/fr\/wp-json\/wp\/v2\/pages"}],"about":[{"href":"https:\/\/travauxneufs.lasolutionglobale.eu\/fr\/wp-json\/wp\/v2\/types\/page"}],"author":[{"embeddable":true,"href":"https:\/\/travauxneufs.lasolutionglobale.eu\/fr\/wp-json\/wp\/v2\/users\/1"}],"replies":[{"embeddable":true,"href":"https:\/\/travauxneufs.lasolutionglobale.eu\/fr\/wp-json\/wp\/v2\/comments?post=933"}],"version-history":[{"count":57,"href":"https:\/\/travauxneufs.lasolutionglobale.eu\/fr\/wp-json\/wp\/v2\/pages\/933\/revisions"}],"predecessor-version":[{"id":4697,"href":"https:\/\/travauxneufs.lasolutionglobale.eu\/fr\/wp-json\/wp\/v2\/pages\/933\/revisions\/4697"}],"up":[{"embeddable":true,"href":"https:\/\/travauxneufs.lasolutionglobale.eu\/fr\/wp-json\/wp\/v2\/pages\/80"}],"wp:featuredmedia":[{"embeddable":true,"href":"https:\/\/travauxneufs.lasolutionglobale.eu\/fr\/wp-json\/wp\/v2\/media\/2043"}],"wp:attachment":[{"href":"https:\/\/travauxneufs.lasolutionglobale.eu\/fr\/wp-json\/wp\/v2\/media?parent=933"}],"curies":[{"name":"wp","href":"https:\/\/api.w.org\/{rel}","templated":true}]}}