{"id":931,"date":"2022-07-25T12:34:29","date_gmt":"2022-07-25T10:34:29","guid":{"rendered":"https:\/\/netco.lasolutionglobale.be\/?page_id=931"},"modified":"2022-10-24T11:37:45","modified_gmt":"2022-10-24T09:37:45","slug":"capacite-intervention-moyens-humains-et-materiel","status":"publish","type":"page","link":"https:\/\/travauxneufs.lasolutionglobale.eu\/fr\/services-et-produits\/services-maintenance\/capacite-intervention-moyens-humains-et-materiel","title":{"rendered":"Capacit\u00e9 d&rsquo;intervention"},"content":{"rendered":"\n<div class=\"wp-block-group is-style-white-section-yellow-shadow is-layout-flow wp-block-group-is-layout-flow\"><nav class=\"breadcrumbs\" aria-label=\"Fil d\u2019Ariane\"><a href=\"https:\/\/travauxneufs.lasolutionglobale.eu\/fr\" class=\"breadcrumb breadcrumb--first\">Accueil<\/a><\/nav>\n\n\n\n<h2 class=\"wp-block-heading\">\u200bNos \u00e9quipes disponibles 24\/7<\/h2>\n\n\n\n<p>NETCO a structur\u00e9 ses comp\u00e9tences techniques par p\u00f4les d\u2019expertises<br>Gr\u00e2ce \u00e0 son maillage national NETCO dispose d\u2019une exp\u00e9rience et d\u2019une capacit\u00e9 d&rsquo;intervention unique en France !<\/p>\n\n\n\n<p><strong>NETCO, int\u00e9grateur de solutions pour tous type de demandes et de types de convoyeurs <\/strong>:<\/p>\n\n\n\n<ul class=\"wp-block-list\"><li>Analyse des besoins du chantier <\/li><li>Identification des ressources humaines et mat\u00e9rielles<\/li><li>Mobilisation des \u00e9quipes et envoi des missions sur tablettes <\/li><li>Interventions sur sites selon vos priorit\u00e9s et imp\u00e9ratifs de production<\/li><li>Rapports de fin de chantier <\/li><\/ul>\n\n\n\n<p><strong>NETCO, votre interlocuteur unique qui ma\u00eetrise l\u2019ensemble des m\u00e9tiers de la manutention technique par bandes transporteuses <\/strong><\/p>\n\n\n\n<div style=\"height:1rem\" aria-hidden=\"true\" class=\"wp-block-spacer\"><\/div>\n<\/div>\n\n\n\n<div class=\"wp-block-group is-style-lightgray-section is-layout-flow wp-block-group-is-layout-flow\">\n<h2 class=\"has-text-align-center wp-block-heading\">NETCO fait la diff\u00e9rence.<\/h2>\n\n\n\n<p class=\"has-text-align-center\">Une r\u00e9activit\u00e9 optimale de nos \u00e9quipes d\u00e8s la prise en compte et l\u2019analyse de vos besoins d\u2019intervention !<\/p>\n\n\n\n<div class=\"wp-block-group is-style-services is-layout-flow wp-block-group-is-layout-flow\">\n<div class=\"wp-block-group is-layout-flow wp-block-group-is-layout-flow\">\n<p>Raison n\u00b01<\/p>\n\n\n\n<p>Nos collaborateurs sp\u00e9cialistes, hautement qualifi\u00e9s et form\u00e9s sont disponibles 24\/7 !<\/p>\n<\/div>\n\n\n\n<div class=\"wp-block-group is-layout-flow wp-block-group-is-layout-flow\">\n<p>Raison n\u00b02<\/p>\n\n\n\n<p>Plus de 120 ans d\u2019exp\u00e9rience et d\u2019expertise que nous partageons avec nos clients.<\/p>\n<\/div>\n\n\n\n<div class=\"wp-block-group is-layout-flow wp-block-group-is-layout-flow\">\n<p>Raison n\u00b03<\/p>\n\n\n\n<p>Acc\u00e8s \u00e0 toutes les gammes avec une logistique performante et une ind\u00e9pendance technique<\/p>\n<\/div>\n\n\n\n<div class=\"wp-block-group is-layout-flow wp-block-group-is-layout-flow\">\n<p>Raison n\u00b04<\/p>\n\n\n\n<p>Interventions 24\/7 sur tous vos sites d\u2019exploitation&nbsp;<\/p>\n<\/div>\n<\/div>\n<\/div>\n","protected":false},"excerpt":{"rendered":"<p>\u200bNos \u00e9quipes disponibles 24\/7 NETCO a structur\u00e9 ses comp\u00e9tences techniques par p\u00f4les d\u2019expertisesGr\u00e2ce \u00e0 son maillage national NETCO dispose d\u2019une exp\u00e9rience et d\u2019une capacit\u00e9 d&rsquo;intervention unique en France ! NETCO, int\u00e9grateur de solutions pour tous type de demandes et de types de convoyeurs : Analyse des besoins du chantier Identification des ressources humaines et mat\u00e9rielles [&hellip;]<\/p>\n","protected":false},"author":1,"featured_media":2051,"parent":80,"menu_order":0,"comment_status":"closed","ping_status":"closed","template":"","meta":{"_editorskit_title_hidden":false,"_editorskit_reading_time":1,"_editorskit_is_block_options_detached":false,"_editorskit_block_options_position":"{}","ghostkit_customizer_options":"","ghostkit_custom_css":"","ghostkit_custom_js_head":"","ghostkit_custom_js_foot":"","ghostkit_typography":"","slim_seo":{"title":"Capacit\u00e9 d'intervention - Travaux neufs","description":"\u200bNos \u00e9quipes disponibles 24\/7 NETCO a structur\u00e9 ses comp\u00e9tences techniques par p\u00f4les d\u2019expertises Gr\u00e2ce \u00e0 son maillage national NETCO dispose d\u2019une exp\u00e9rience e"},"footnotes":""},"class_list":["post-931","page","type-page","status-publish","has-post-thumbnail","hentry"],"_links":{"self":[{"href":"https:\/\/travauxneufs.lasolutionglobale.eu\/fr\/wp-json\/wp\/v2\/pages\/931","targetHints":{"allow":["GET"]}}],"collection":[{"href":"https:\/\/travauxneufs.lasolutionglobale.eu\/fr\/wp-json\/wp\/v2\/pages"}],"about":[{"href":"https:\/\/travauxneufs.lasolutionglobale.eu\/fr\/wp-json\/wp\/v2\/types\/page"}],"author":[{"embeddable":true,"href":"https:\/\/travauxneufs.lasolutionglobale.eu\/fr\/wp-json\/wp\/v2\/users\/1"}],"replies":[{"embeddable":true,"href":"https:\/\/travauxneufs.lasolutionglobale.eu\/fr\/wp-json\/wp\/v2\/comments?post=931"}],"version-history":[{"count":25,"href":"https:\/\/travauxneufs.lasolutionglobale.eu\/fr\/wp-json\/wp\/v2\/pages\/931\/revisions"}],"predecessor-version":[{"id":5066,"href":"https:\/\/travauxneufs.lasolutionglobale.eu\/fr\/wp-json\/wp\/v2\/pages\/931\/revisions\/5066"}],"up":[{"embeddable":true,"href":"https:\/\/travauxneufs.lasolutionglobale.eu\/fr\/wp-json\/wp\/v2\/pages\/80"}],"wp:featuredmedia":[{"embeddable":true,"href":"https:\/\/travauxneufs.lasolutionglobale.eu\/fr\/wp-json\/wp\/v2\/media\/2051"}],"wp:attachment":[{"href":"https:\/\/travauxneufs.lasolutionglobale.eu\/fr\/wp-json\/wp\/v2\/media?parent=931"}],"curies":[{"name":"wp","href":"https:\/\/api.w.org\/{rel}","templated":true}]}}