{"id":929,"date":"2022-07-25T12:34:06","date_gmt":"2022-07-25T10:34:06","guid":{"rendered":"https:\/\/netco.lasolutionglobale.be\/?page_id=929"},"modified":"2022-10-06T16:45:31","modified_gmt":"2022-10-06T14:45:31","slug":"transformation-dans-nos-ateliers","status":"publish","type":"page","link":"https:\/\/travauxneufs.lasolutionglobale.eu\/fr\/services-et-produits\/services-maintenance\/transformation-dans-nos-ateliers","title":{"rendered":"Transformation dans nos ateliers"},"content":{"rendered":"\n<div class=\"wp-block-group is-style-white-section-yellow-shadow is-layout-flow wp-block-group-is-layout-flow\"><nav class=\"breadcrumbs\" aria-label=\"Fil d\u2019Ariane\"><a href=\"https:\/\/travauxneufs.lasolutionglobale.eu\/fr\" class=\"breadcrumb breadcrumb--first\">Accueil<\/a><\/nav>\n\n\n\n<h2 class=\"wp-block-heading\">\u200bPr\u00e9paration de bandes et fabrication sur mesure <\/h2>\n\n\n\n<p><strong>Notre atelier CACOUTCHOUC\u200b<\/strong><\/p>\n\n\n\n<p>Notre atelier confectionne des bandes sur mesures, longueur, largeur , qualit\u00e9 n\u00e9cessaires \u00e0 votre process.<br>Nous sommes \u00e9quip\u00e9s pour vulcaniser des bandes sans fin ou r\u00e9aliser des vulcanisations longitudinales pour bandes de tr\u00e8s grandes largeurs.\u200b <br>Nous assurons \u00e9galement la pose de tasseaux en caoutchouc, godets en acier standards, inoxydable ou mati\u00e8re plastique ainsi que diverses protections m\u00e9talliques ou autre sur bande.\u200b<\/p>\n\n\n\n<p>Autres prestations de nos ateliers :\u200b<\/p>\n\n\n\n<ul class=\"wp-block-list\"><li>Fabrication de manchettes de toutes formes en diff\u00e9rentes qualit\u00e9s <\/li><li>R\u00e9alisation de garnissages en caoutchouc de diff\u00e9rentes qualit\u00e9s, PEHD, PU et c\u00e9ramique\u200b;<\/li><\/ul>\n\n\n\n<p><strong>Notre atelier Bandes l\u00e9g\u00e8res PVC PU\u200b<\/strong><\/p>\n\n\n\n<p>Notre atelier sp\u00e9cialis\u00e9 nous permet de confectionner les courroies et bandes transporteuses en PVC, PU.\u200b <br>Nos prestations sont :<\/p>\n\n\n\n<ul class=\"wp-block-list\"><li>D\u00e9coupe de bandes<\/li><li>Pose de tasseaux sur machines hautes fr\u00e9quences<\/li><li>Pose de profils\u200b<\/li><li>Perforations<\/li><li>Jonctions \u00e0 froid ou \u00e0 chaud \u200b<\/li><\/ul>\n<\/div>\n\n\n\n<div class=\"wp-block-group is-style-lightgray-section is-layout-flow wp-block-group-is-layout-flow\">\n<h2 class=\"has-text-align-center wp-block-heading\">NETCO fait la diff\u00e9rence<\/h2>\n\n\n\n<p class=\"has-text-align-center\">Nos principaux atouts qui vous assurent une prestation de haute qualit\u00e9<\/p>\n\n\n\n<div class=\"wp-block-group is-style-services is-layout-flow wp-block-group-is-layout-flow\">\n<div class=\"wp-block-group is-layout-flow wp-block-group-is-layout-flow\">\n<p>Raison n\u00b01<\/p>\n\n\n\n<p>Plus de 120 ans d\u2019exp\u00e9rience et d\u2019expertise que nous partageons avec nos clients.<\/p>\n<\/div>\n\n\n\n<div class=\"wp-block-group is-layout-flow wp-block-group-is-layout-flow\">\n<p>Raison n\u00b02<\/p>\n\n\n\n<p>Nos collaborateurs sp\u00e9cialistes, hautement qualifi\u00e9s et form\u00e9s sont disponibles 24\/7 !<\/p>\n<\/div>\n\n\n\n<div class=\"wp-block-group is-layout-flow wp-block-group-is-layout-flow\">\n<p>Raison n\u00b03<\/p>\n\n\n\n<p>Acc\u00e8s \u00e0 toutes les gammes avec une logistique performante et une ind\u00e9pendance technique<\/p>\n<\/div>\n<\/div>\n<\/div>\n","protected":false},"excerpt":{"rendered":"<p>\u200bPr\u00e9paration de bandes et fabrication sur mesure Notre atelier CACOUTCHOUC\u200b Notre atelier confectionne des bandes sur mesures, longueur, largeur , qualit\u00e9 n\u00e9cessaires \u00e0 votre process.Nous sommes \u00e9quip\u00e9s pour vulcaniser des bandes sans fin ou r\u00e9aliser des vulcanisations longitudinales pour bandes de tr\u00e8s grandes largeurs.\u200b Nous assurons \u00e9galement la pose de tasseaux en caoutchouc, godets en [&hellip;]<\/p>\n","protected":false},"author":1,"featured_media":1922,"parent":80,"menu_order":0,"comment_status":"closed","ping_status":"closed","template":"","meta":{"_editorskit_title_hidden":false,"_editorskit_reading_time":1,"_editorskit_is_block_options_detached":false,"_editorskit_block_options_position":"{}","ghostkit_customizer_options":"","ghostkit_custom_css":"","ghostkit_custom_js_head":"","ghostkit_custom_js_foot":"","ghostkit_typography":"","slim_seo":{"title":"Transformation dans nos ateliers - Travaux neufs","description":"\u200bPr\u00e9paration de bandes et fabrication sur mesure Notre atelier CACOUTCHOUC\u200b Notre atelier confectionne des bandes sur mesures, longueur, largeur , qualit\u00e9 n\u00e9ces"},"footnotes":""},"class_list":["post-929","page","type-page","status-publish","has-post-thumbnail","hentry"],"_links":{"self":[{"href":"https:\/\/travauxneufs.lasolutionglobale.eu\/fr\/wp-json\/wp\/v2\/pages\/929","targetHints":{"allow":["GET"]}}],"collection":[{"href":"https:\/\/travauxneufs.lasolutionglobale.eu\/fr\/wp-json\/wp\/v2\/pages"}],"about":[{"href":"https:\/\/travauxneufs.lasolutionglobale.eu\/fr\/wp-json\/wp\/v2\/types\/page"}],"author":[{"embeddable":true,"href":"https:\/\/travauxneufs.lasolutionglobale.eu\/fr\/wp-json\/wp\/v2\/users\/1"}],"replies":[{"embeddable":true,"href":"https:\/\/travauxneufs.lasolutionglobale.eu\/fr\/wp-json\/wp\/v2\/comments?post=929"}],"version-history":[{"count":10,"href":"https:\/\/travauxneufs.lasolutionglobale.eu\/fr\/wp-json\/wp\/v2\/pages\/929\/revisions"}],"predecessor-version":[{"id":4694,"href":"https:\/\/travauxneufs.lasolutionglobale.eu\/fr\/wp-json\/wp\/v2\/pages\/929\/revisions\/4694"}],"up":[{"embeddable":true,"href":"https:\/\/travauxneufs.lasolutionglobale.eu\/fr\/wp-json\/wp\/v2\/pages\/80"}],"wp:featuredmedia":[{"embeddable":true,"href":"https:\/\/travauxneufs.lasolutionglobale.eu\/fr\/wp-json\/wp\/v2\/media\/1922"}],"wp:attachment":[{"href":"https:\/\/travauxneufs.lasolutionglobale.eu\/fr\/wp-json\/wp\/v2\/media?parent=929"}],"curies":[{"name":"wp","href":"https:\/\/api.w.org\/{rel}","templated":true}]}}