{"id":927,"date":"2022-07-25T12:33:33","date_gmt":"2022-07-25T10:33:33","guid":{"rendered":"https:\/\/netco.lasolutionglobale.be\/?page_id=927"},"modified":"2022-10-06T16:32:50","modified_gmt":"2022-10-06T14:32:50","slug":"solutions-logistiques-et-approvisionnement","status":"publish","type":"page","link":"https:\/\/travauxneufs.lasolutionglobale.eu\/fr\/services-et-produits\/services-maintenance\/solutions-logistiques-et-approvisionnement","title":{"rendered":"Logistique et approvisionnements"},"content":{"rendered":"\n<div class=\"wp-block-group is-style-white-section-yellow-shadow is-layout-flow wp-block-group-is-layout-flow\"><nav class=\"breadcrumbs\" aria-label=\"Fil d\u2019Ariane\"><a href=\"https:\/\/travauxneufs.lasolutionglobale.eu\/fr\" class=\"breadcrumb breadcrumb--first\">Accueil<\/a><\/nav>\n\n\n\n<h2 class=\"wp-block-heading\">Un acc\u00e8s \u00e0 toutes les gammes <\/h2>\n\n\n\n<p>NETCO s\u2019appuie sur la plateforme logistique <strong>PROVULCO, leader europ\u00e9en dans les bandes transporteuses caoutchouc<\/strong>, pour vous garantir&nbsp;:<\/p>\n\n\n\n<ul class=\"wp-block-list\"><li>Un acc\u00e8s \u00e0 toutes les gammes de bandes caoutchouc : <br>Anti-abrasive, Anti-gras, Anti-chaleur, Textile, M\u00e9tal, et ce dans toutes les marques&nbsp;dont Prima, \u2026<\/li><\/ul>\n\n\n\n<ul class=\"wp-block-list\"><li>Un stock important de plus de 100 km de bandes pour avoir la disponibilit\u00e9 des produits<\/li><li>Une capacit\u00e9 technique pour calculer, d\u00e9velopper et produire des bandes sp\u00e9cifiques pour vos besoins sur-mesure<\/li><li>Une comp\u00e9titivit\u00e9 tarifaire li\u00e9e aux volumes d\u2019achats importants<\/li><li>La tra\u00e7abilit\u00e9 et la conformit\u00e9 des produits livr\u00e9s<\/li><\/ul>\n\n\n\n<p><strong>NETCO dispose ainsi d\u2019une compl\u00e8te ind\u00e9pendance technique<\/strong> pour conseiller et proposer \u00e0 ses clients en fonction de leurs installations et des produits transport\u00e9s la qualit\u00e9 de bandes la mieux adapt\u00e9e.<\/p>\n\n\n\n<p><strong>NETCO vous propose des solutions d\u2019approvisionnement sur-mesure<\/strong> afin de r\u00e9duire vos stocks en mettant \u00e0 disposition vos produits dans les d\u00e9lais d\u00e9finis.<\/p>\n\n\n\n<p>NETCO vous offre \u00e9galement la possibilit\u00e9 de&nbsp;v\u00e9rifier les propri\u00e9t\u00e9s m\u00e9caniques de vos bandes neuves ou usag\u00e9es au sein du laboratoire ind\u00e9pendant de mesure et de calcul de bandes transporteuses&nbsp;<strong>BRI (Belt Rubber Institute).<\/strong><\/p>\n\n\n\n<p>. <\/p>\n\n\n\n<div class=\"wp-block-columns is-layout-flex wp-container-core-columns-is-layout-9d6595d7 wp-block-columns-is-layout-flex\">\n<div class=\"wp-block-column is-layout-flow wp-block-column-is-layout-flow\">\n<figure class=\"wp-block-image size-large zoom\"><img loading=\"lazy\" decoding=\"async\" width=\"682\" height=\"1024\" src=\"https:\/\/travauxneufs.lasolutionglobale.eu\/wp-content\/uploads\/2022\/10\/iStock-484438924-1-682x1024.jpg\" alt=\"Distribution and Screening Plant Gravel - Gravera\" class=\"wp-image-4138\" srcset=\"https:\/\/travauxneufs.lasolutionglobale.eu\/wp-content\/uploads\/2022\/10\/iStock-484438924-1-682x1024.jpg 682w, https:\/\/travauxneufs.lasolutionglobale.eu\/wp-content\/uploads\/2022\/10\/iStock-484438924-1-200x300.jpg 200w, https:\/\/travauxneufs.lasolutionglobale.eu\/wp-content\/uploads\/2022\/10\/iStock-484438924-1-768x1152.jpg 768w, https:\/\/travauxneufs.lasolutionglobale.eu\/wp-content\/uploads\/2022\/10\/iStock-484438924-1-1024x1536.jpg 1024w, https:\/\/travauxneufs.lasolutionglobale.eu\/wp-content\/uploads\/2022\/10\/iStock-484438924-1.jpg 1333w\" sizes=\"auto, (max-width: 682px) 100vw, 682px\" \/><\/figure>\n<\/div>\n\n\n\n<div class=\"wp-block-column is-layout-flow wp-block-column-is-layout-flow\">\n<figure class=\"wp-block-image size-large zoom\"><img loading=\"lazy\" decoding=\"async\" width=\"1024\" height=\"668\" src=\"https:\/\/travauxneufs.lasolutionglobale.eu\/wp-content\/uploads\/2022\/10\/iStock-519664519-1024x668.jpg\" alt=\"Manufacturing Equipment\" class=\"wp-image-4243\" srcset=\"https:\/\/travauxneufs.lasolutionglobale.eu\/wp-content\/uploads\/2022\/10\/iStock-519664519-1024x668.jpg 1024w, https:\/\/travauxneufs.lasolutionglobale.eu\/wp-content\/uploads\/2022\/10\/iStock-519664519-300x196.jpg 300w, https:\/\/travauxneufs.lasolutionglobale.eu\/wp-content\/uploads\/2022\/10\/iStock-519664519-768x501.jpg 768w, https:\/\/travauxneufs.lasolutionglobale.eu\/wp-content\/uploads\/2022\/10\/iStock-519664519-1536x1002.jpg 1536w, https:\/\/travauxneufs.lasolutionglobale.eu\/wp-content\/uploads\/2022\/10\/iStock-519664519.jpg 2000w\" sizes=\"auto, (max-width: 1024px) 100vw, 1024px\" \/><\/figure>\n\n\n\n<div style=\"height:1.75rem\" aria-hidden=\"true\" class=\"wp-block-spacer\"><\/div>\n\n\n\n<figure class=\"wp-block-image size-large zoom\"><img loading=\"lazy\" decoding=\"async\" width=\"1024\" height=\"681\" src=\"https:\/\/travauxneufs.lasolutionglobale.eu\/wp-content\/uploads\/2022\/10\/iStock-1345337947-1024x681.jpg\" alt=\"Belt conveyor in an underground tunnel. Transportation of ore to the surface\" class=\"wp-image-4126\" srcset=\"https:\/\/travauxneufs.lasolutionglobale.eu\/wp-content\/uploads\/2022\/10\/iStock-1345337947-1024x681.jpg 1024w, https:\/\/travauxneufs.lasolutionglobale.eu\/wp-content\/uploads\/2022\/10\/iStock-1345337947-300x200.jpg 300w, https:\/\/travauxneufs.lasolutionglobale.eu\/wp-content\/uploads\/2022\/10\/iStock-1345337947-768x511.jpg 768w, https:\/\/travauxneufs.lasolutionglobale.eu\/wp-content\/uploads\/2022\/10\/iStock-1345337947-1536x1022.jpg 1536w, https:\/\/travauxneufs.lasolutionglobale.eu\/wp-content\/uploads\/2022\/10\/iStock-1345337947.jpg 2000w\" sizes=\"auto, (max-width: 1024px) 100vw, 1024px\" \/><\/figure>\n<\/div>\n\n\n\n<div class=\"wp-block-column is-layout-flow wp-block-column-is-layout-flow\">\n<figure class=\"wp-block-image size-large zoom\"><img loading=\"lazy\" decoding=\"async\" width=\"682\" height=\"1024\" src=\"https:\/\/travauxneufs.lasolutionglobale.eu\/wp-content\/uploads\/2022\/10\/iStock-498256540-682x1024.jpg\" alt=\"The industrial landscape\" class=\"wp-image-4156\" srcset=\"https:\/\/travauxneufs.lasolutionglobale.eu\/wp-content\/uploads\/2022\/10\/iStock-498256540-682x1024.jpg 682w, https:\/\/travauxneufs.lasolutionglobale.eu\/wp-content\/uploads\/2022\/10\/iStock-498256540-200x300.jpg 200w, https:\/\/travauxneufs.lasolutionglobale.eu\/wp-content\/uploads\/2022\/10\/iStock-498256540-768x1152.jpg 768w, https:\/\/travauxneufs.lasolutionglobale.eu\/wp-content\/uploads\/2022\/10\/iStock-498256540-1024x1536.jpg 1024w, https:\/\/travauxneufs.lasolutionglobale.eu\/wp-content\/uploads\/2022\/10\/iStock-498256540.jpg 1333w\" sizes=\"auto, (max-width: 682px) 100vw, 682px\" \/><\/figure>\n<\/div>\n<\/div>\n\n\n\n<div class=\"wp-block-columns are-vertically-aligned-center is-layout-flex wp-container-core-columns-is-layout-d5e2fd01 wp-block-columns-is-layout-flex\" style=\"padding-top:2rem\">\n<div class=\"wp-block-column is-vertically-aligned-center is-layout-flow wp-block-column-is-layout-flow\" style=\"padding-top:1rem;padding-right:1rem;padding-bottom:1rem;padding-left:1rem\">\n<div class=\"wp-block-group is-style-data-line is-layout-flow wp-block-group-is-layout-flow\">\n<p>+ de 100 Km<\/p>\n\n\n\n<p>de bande en stock<\/p>\n<\/div>\n<\/div>\n<\/div>\n<\/div>\n\n\n\n<div class=\"wp-block-group is-style-lightgray-section is-layout-flow wp-block-group-is-layout-flow\">\n<h2 class=\"has-text-align-center wp-block-heading\">NETCO fait la diff\u00e9rence<\/h2>\n\n\n\n<p class=\"has-text-align-center\">NETCO vous met \u00e0 votre disposition son acc\u00e8s \u00e0 toutes les gammes, son exp\u00e9rience, ses stocks importants et ses tarifs optimis\u00e9s :<\/p>\n\n\n\n<div class=\"wp-block-group is-style-services is-layout-flow wp-block-group-is-layout-flow\">\n<div class=\"wp-block-group is-layout-flow wp-block-group-is-layout-flow\">\n<p>Raison n\u00b01<\/p>\n\n\n\n<p>Un acc\u00e8s illimit\u00e9 \u00e0 toutes les gammes de bandes du march\u00e9<\/p>\n<\/div>\n\n\n\n<div class=\"wp-block-group is-layout-flow wp-block-group-is-layout-flow\">\n<p>Raison n\u00b03<\/p>\n\n\n\n<p>Un stock important pour une disponibilit\u00e9 24\/7 partout en France et en Europe<\/p>\n<\/div>\n\n\n\n<div class=\"wp-block-group is-layout-flow wp-block-group-is-layout-flow\">\n<p>Raison n\u00b02<\/p>\n\n\n\n<p>Une ind\u00e9pendance technique soutenue par un laboratoire ind\u00e9pendant de mesure et de calcul de r\u00e9sistances des bandes transporteuses&nbsp;<\/p>\n<\/div>\n\n\n\n<div class=\"wp-block-group is-layout-flow wp-block-group-is-layout-flow\">\n<p>Raison n\u00b04<\/p>\n\n\n\n<p>Le meilleur rapport qualit\u00e9 \/ prix d\u00fb principalement aux importants volumes d&rsquo;achats de bande du Groupe<\/p>\n<\/div>\n<\/div>\n<\/div>\n","protected":false},"excerpt":{"rendered":"<p>Un acc\u00e8s \u00e0 toutes les gammes NETCO s\u2019appuie sur la plateforme logistique PROVULCO, leader europ\u00e9en dans les bandes transporteuses caoutchouc, pour vous garantir&nbsp;: Un acc\u00e8s \u00e0 toutes les gammes de bandes caoutchouc : Anti-abrasive, Anti-gras, Anti-chaleur, Textile, M\u00e9tal, et ce dans toutes les marques&nbsp;dont Prima, \u2026 Un stock important de plus de 100 km de [&hellip;]<\/p>\n","protected":false},"author":1,"featured_media":2007,"parent":80,"menu_order":0,"comment_status":"closed","ping_status":"closed","template":"","meta":{"_editorskit_title_hidden":false,"_editorskit_reading_time":1,"_editorskit_is_block_options_detached":false,"_editorskit_block_options_position":"{}","ghostkit_customizer_options":"","ghostkit_custom_css":"","ghostkit_custom_js_head":"","ghostkit_custom_js_foot":"","ghostkit_typography":"","slim_seo":{"title":"Logistique et approvisionnements - Travaux neufs","description":"Un acc\u00e8s \u00e0 toutes les gammes NETCO s\u2019appuie sur la plateforme logistique PROVULCO, leader europ\u00e9en dans les bandes transporteuses caoutchouc , pour vous garanti"},"footnotes":""},"class_list":["post-927","page","type-page","status-publish","has-post-thumbnail","hentry"],"_links":{"self":[{"href":"https:\/\/travauxneufs.lasolutionglobale.eu\/fr\/wp-json\/wp\/v2\/pages\/927","targetHints":{"allow":["GET"]}}],"collection":[{"href":"https:\/\/travauxneufs.lasolutionglobale.eu\/fr\/wp-json\/wp\/v2\/pages"}],"about":[{"href":"https:\/\/travauxneufs.lasolutionglobale.eu\/fr\/wp-json\/wp\/v2\/types\/page"}],"author":[{"embeddable":true,"href":"https:\/\/travauxneufs.lasolutionglobale.eu\/fr\/wp-json\/wp\/v2\/users\/1"}],"replies":[{"embeddable":true,"href":"https:\/\/travauxneufs.lasolutionglobale.eu\/fr\/wp-json\/wp\/v2\/comments?post=927"}],"version-history":[{"count":27,"href":"https:\/\/travauxneufs.lasolutionglobale.eu\/fr\/wp-json\/wp\/v2\/pages\/927\/revisions"}],"predecessor-version":[{"id":4683,"href":"https:\/\/travauxneufs.lasolutionglobale.eu\/fr\/wp-json\/wp\/v2\/pages\/927\/revisions\/4683"}],"up":[{"embeddable":true,"href":"https:\/\/travauxneufs.lasolutionglobale.eu\/fr\/wp-json\/wp\/v2\/pages\/80"}],"wp:featuredmedia":[{"embeddable":true,"href":"https:\/\/travauxneufs.lasolutionglobale.eu\/fr\/wp-json\/wp\/v2\/media\/2007"}],"wp:attachment":[{"href":"https:\/\/travauxneufs.lasolutionglobale.eu\/fr\/wp-json\/wp\/v2\/media?parent=927"}],"curies":[{"name":"wp","href":"https:\/\/api.w.org\/{rel}","templated":true}]}}