{"id":925,"date":"2022-07-25T12:32:54","date_gmt":"2022-07-25T10:32:54","guid":{"rendered":"https:\/\/netco.lasolutionglobale.be\/?page_id=925"},"modified":"2022-11-03T18:09:54","modified_gmt":"2022-11-03T17:09:54","slug":"optimisation-energetique","status":"publish","type":"page","link":"https:\/\/travauxneufs.lasolutionglobale.eu\/fr\/services-et-produits\/services-maintenance\/optimisation-energetique","title":{"rendered":"Optimisation \u00e9nerg\u00e9tique &#038; r\u00e9duction des co\u00fbts"},"content":{"rendered":"\n<div class=\"wp-block-group is-style-white-section-yellow-shadow is-layout-flow wp-block-group-is-layout-flow\"><nav class=\"breadcrumbs\" aria-label=\"Fil d\u2019Ariane\"><a href=\"https:\/\/travauxneufs.lasolutionglobale.eu\/fr\" class=\"breadcrumb breadcrumb--first\">Accueil<\/a><\/nav>\n\n\n\n<h2 class=\"wp-block-heading\">Les co\u00fbts \u00e9nerg\u00e9tiques explosent ! <br>NETCO a des solutions : <\/h2>\n\n\n\n<p><strong>Avec ses partenaires, NETCO apporte des solutions \u00e0 360\u00b0 pour optimiser vos frais fixes \u00e9nerg\u00e9tiques : <\/strong><\/p>\n\n\n\n<h2 class=\"wp-block-heading\">\u200bNotre solution globale<\/h2>\n\n\n\n<p><strong>Le co\u00fbt exponentiel de l\u2019\u00e9nergie impacte directement votre comp\u00e9titivit\u00e9 et vos imp\u00e9ratifs \u00e9cologiques<\/strong>.<br><strong>Cela vous obligent \u00e0 des r\u00e9sultats significatifs en mati\u00e8re d&rsquo;\u00e9conomie d\u2019\u00e9nergie.<\/strong><\/p>\n\n\n\n<p>Notre \u00ab\u202f<strong>solution globale<\/strong>\u202f\u00bb permet de proposer des&nbsp;<strong>solutions\u202f concr\u00e8tes<\/strong>&nbsp;en utilisant l\u2019ensemble de nos ressources \u202f: <br>Expertise, dimensionnement, fourniture de produits innovants, gestion de stock de mat\u00e9riel r\u00e9cent, plan de maintenance adapt\u00e9e et prestations de nos techniciens et ing\u00e9nieurs.<\/p>\n\n\n\n<div style=\"height:3rem\" aria-hidden=\"true\" class=\"wp-block-spacer\"><\/div>\n\n\n\n<div style=\"height:3rem\" aria-hidden=\"true\" class=\"wp-block-spacer\"><\/div>\n\n\n\n<div class=\"wp-block-columns is-layout-flex wp-container-core-columns-is-layout-9d6595d7 wp-block-columns-is-layout-flex\">\n<div class=\"wp-block-column is-layout-flow wp-block-column-is-layout-flow\">\n<h2 class=\"wp-block-heading\">R\u00e9duction co\u00fbts \/ kWh<\/h2>\n\n\n\n<p>Dimensionnement adapt\u00e9 du moteur, r\u00e9ducteur et transmission<br>Param\u00e9trage du variateur<br>Moteur et r\u00e9ducteur \u00e0 haut rendement<br>Alignement des arbres et organes de transmission<br>Cha\u00eene cin\u00e9matique adapt\u00e9e et entretenue<br>Maintenance pr\u00e9ventive<\/p>\n<\/div>\n\n\n\n<div class=\"wp-block-column is-layout-flow wp-block-column-is-layout-flow\">\n<figure class=\"wp-block-image size-large zoom\"><img loading=\"lazy\" decoding=\"async\" width=\"1024\" height=\"506\" src=\"https:\/\/travauxneufs.lasolutionglobale.eu\/wp-content\/uploads\/2022\/11\/watt-definition-1024x506.jpeg\" alt=\"\" class=\"wp-image-5073\" srcset=\"https:\/\/travauxneufs.lasolutionglobale.eu\/wp-content\/uploads\/2022\/11\/watt-definition-1024x506.jpeg 1024w, https:\/\/travauxneufs.lasolutionglobale.eu\/wp-content\/uploads\/2022\/11\/watt-definition-300x148.jpeg 300w, https:\/\/travauxneufs.lasolutionglobale.eu\/wp-content\/uploads\/2022\/11\/watt-definition-768x380.jpeg 768w, https:\/\/travauxneufs.lasolutionglobale.eu\/wp-content\/uploads\/2022\/11\/watt-definition.jpeg 1200w\" sizes=\"auto, (max-width: 1024px) 100vw, 1024px\" \/><\/figure>\n<\/div>\n<\/div>\n\n\n\n<div class=\"wp-block-columns is-layout-flex wp-container-core-columns-is-layout-9d6595d7 wp-block-columns-is-layout-flex\">\n<div class=\"wp-block-column is-layout-flow wp-block-column-is-layout-flow\">\n<h2 class=\"wp-block-heading\">R\u00e9duction du co\u00fbt de nettoyage des convoyeurs \u00e0 bande<\/h2>\n\n\n\n<p>Confinement de la mati\u00e8re<br>Etanch\u00e9it\u00e9 poussi\u00e8re \u00e0 360\u00b0<br>Guidage de la bande<br>Protection des angles rentrants<br>Ne n\u00e9cessite pas de r\u00e9glage<br>Sans entretien pendant de nombreuses ann\u00e9es<\/p>\n\n\n\n<div style=\"height:1rem\" aria-hidden=\"true\" class=\"wp-block-spacer\"><\/div>\n\n\n\n<div class=\"wp-block-buttons is-layout-flex wp-block-buttons-is-layout-flex\">\n<div class=\"wp-block-button is-style-outline is-style-outline--1\"><a class=\"wp-block-button__link\" href=\"https:\/\/travauxneufs.lasolutionglobale.eu\/fr\/services-et-produits\/produits\/manutention-lourde\/etancheite-convoyeurs-optim-auge\" target=\"_blank\" rel=\"noreferrer noopener\">En savoir plus <\/a><\/div>\n<\/div>\n<\/div>\n\n\n\n<div class=\"wp-block-column is-layout-flow wp-block-column-is-layout-flow\">\n<figure class=\"wp-block-image size-large zoom\"><img loading=\"lazy\" decoding=\"async\" width=\"1024\" height=\"768\" src=\"https:\/\/travauxneufs.lasolutionglobale.eu\/wp-content\/uploads\/2022\/09\/sansOA1-1024x768.jpg\" alt=\"sansOA1\" class=\"wp-image-2784\" title=\"zoom\" srcset=\"https:\/\/travauxneufs.lasolutionglobale.eu\/wp-content\/uploads\/2022\/09\/sansOA1-1024x768.jpg 1024w, https:\/\/travauxneufs.lasolutionglobale.eu\/wp-content\/uploads\/2022\/09\/sansOA1-300x225.jpg 300w, https:\/\/travauxneufs.lasolutionglobale.eu\/wp-content\/uploads\/2022\/09\/sansOA1-768x576.jpg 768w, https:\/\/travauxneufs.lasolutionglobale.eu\/wp-content\/uploads\/2022\/09\/sansOA1-1536x1152.jpg 1536w, https:\/\/travauxneufs.lasolutionglobale.eu\/wp-content\/uploads\/2022\/09\/sansOA1.jpg 2048w\" sizes=\"auto, (max-width: 1024px) 100vw, 1024px\" \/><\/figure>\n<\/div>\n<\/div>\n\n\n\n<div class=\"wp-block-columns is-layout-flex wp-container-core-columns-is-layout-9d6595d7 wp-block-columns-is-layout-flex\">\n<div class=\"wp-block-column is-layout-flow wp-block-column-is-layout-flow\">\n<h2 class=\"wp-block-heading\">Augmentation du taux de disponibilit\u00e9 des convoyeurs<\/h2>\n\n\n\n<p>Expertise<br>Plan de Maintenance pr\u00e9dictive et pr\u00e9ventive adapt\u00e9<br>Ma\u00eetrise parfaite des convoyeurs industriels<br>Composants de qualit\u00e9<br>Stock et logistique optimis\u00e9s <br>Services 24\/7 et d\u00e9pannages tr\u00e8s rapides<\/p>\n\n\n\n<div style=\"height:1rem\" aria-hidden=\"true\" class=\"wp-block-spacer\"><\/div>\n\n\n\n<div class=\"wp-block-buttons is-layout-flex wp-block-buttons-is-layout-flex\">\n<div class=\"wp-block-button is-style-outline is-style-outline--2\"><a class=\"wp-block-button__link\" href=\"https:\/\/travauxneufs.lasolutionglobale.eu\/fr\/services-et-produits\/services-maintenance\/optimisation-taux-de-disponibilite\" target=\"_blank\" rel=\"noreferrer noopener\">En savoir plus <\/a><\/div>\n<\/div>\n<\/div>\n\n\n\n<div class=\"wp-block-column is-layout-flow wp-block-column-is-layout-flow\">\n<figure class=\"wp-block-image size-full zoom\"><img loading=\"lazy\" decoding=\"async\" width=\"802\" height=\"580\" src=\"https:\/\/travauxneufs.lasolutionglobale.eu\/wp-content\/uploads\/2022\/11\/Capture-decran-2022-11-02-a-11.01.53.png\" alt=\"\" class=\"wp-image-5098\" title=\"zoom\" srcset=\"https:\/\/travauxneufs.lasolutionglobale.eu\/wp-content\/uploads\/2022\/11\/Capture-decran-2022-11-02-a-11.01.53.png 802w, https:\/\/travauxneufs.lasolutionglobale.eu\/wp-content\/uploads\/2022\/11\/Capture-decran-2022-11-02-a-11.01.53-300x217.png 300w, https:\/\/travauxneufs.lasolutionglobale.eu\/wp-content\/uploads\/2022\/11\/Capture-decran-2022-11-02-a-11.01.53-768x555.png 768w\" sizes=\"auto, (max-width: 802px) 100vw, 802px\" \/><\/figure>\n<\/div>\n<\/div>\n\n\n\n<div class=\"wp-block-columns is-layout-flex wp-container-core-columns-is-layout-9d6595d7 wp-block-columns-is-layout-flex\">\n<div class=\"wp-block-column is-layout-flow wp-block-column-is-layout-flow\">\n<h2 class=\"wp-block-heading\">S\u00e9curisation des personnes autour du convoyeur<\/h2>\n\n\n\n<h6 class=\"wp-block-heading\"><a href=\"https:\/\/www.abm-tecna.be\/fr\/securisation-des-personnes-autour-du-convoyeur\/\"><\/a><\/h6>\n\n\n\n<p>Protections rapproch\u00e9es des angles rentrants des rouleaux et tambours<br>Syst\u00e8mes de protection simples \u00e0 placer et r\u00e9gler soi-m\u00eame<br>Syst\u00e8mes avec un r\u00e9glage d\u00e9finitif et ind\u00e9r\u00e9glable<br>Emplacement optimis\u00e9s des protections<br>Autres solutions sur mesure <br>Maintenance r\u00e9guli\u00e8re<\/p>\n\n\n\n<div style=\"height:1rem\" aria-hidden=\"true\" class=\"wp-block-spacer\"><\/div>\n\n\n\n<div class=\"wp-block-buttons is-layout-flex wp-block-buttons-is-layout-flex\">\n<div class=\"wp-block-button is-style-outline is-style-outline--3\"><a class=\"wp-block-button__link\" href=\"https:\/\/travauxneufs.lasolutionglobale.eu\/fr\/services-et-produits\/services-maintenance\/mise-aux-normes-securite-des-convoyeurs\" target=\"_blank\" rel=\"noreferrer noopener\">En savoir plus <\/a><\/div>\n<\/div>\n<\/div>\n\n\n\n<div class=\"wp-block-column is-layout-flow wp-block-column-is-layout-flow\">\n<figure class=\"wp-block-image size-large zoom\"><img loading=\"lazy\" decoding=\"async\" width=\"1024\" height=\"768\" src=\"https:\/\/travauxneufs.lasolutionglobale.eu\/wp-content\/uploads\/2022\/11\/OptimProtec-RS-CE-2-1536x1152-1-1024x768.jpeg\" alt=\"\" class=\"wp-image-5105\" title=\"zoom\" srcset=\"https:\/\/travauxneufs.lasolutionglobale.eu\/wp-content\/uploads\/2022\/11\/OptimProtec-RS-CE-2-1536x1152-1-1024x768.jpeg 1024w, https:\/\/travauxneufs.lasolutionglobale.eu\/wp-content\/uploads\/2022\/11\/OptimProtec-RS-CE-2-1536x1152-1-300x225.jpeg 300w, https:\/\/travauxneufs.lasolutionglobale.eu\/wp-content\/uploads\/2022\/11\/OptimProtec-RS-CE-2-1536x1152-1-768x576.jpeg 768w, https:\/\/travauxneufs.lasolutionglobale.eu\/wp-content\/uploads\/2022\/11\/OptimProtec-RS-CE-2-1536x1152-1.jpeg 1536w\" sizes=\"auto, (max-width: 1024px) 100vw, 1024px\" \/><\/figure>\n<\/div>\n<\/div>\n\n\n\n<div class=\"wp-block-columns is-layout-flex wp-container-core-columns-is-layout-9d6595d7 wp-block-columns-is-layout-flex\">\n<div class=\"wp-block-column is-layout-flow wp-block-column-is-layout-flow\">\n<h2 class=\"wp-block-heading\">Maintenance \u00e0 co\u00fbts ma\u00eetris\u00e9s<\/h2>\n\n\n\n<p>Plans de maintenance adapt\u00e9s<br>Qualifications en interne\u202f: m\u00e9canique, soudure, montage, vulcanisation, collage, raclage, r\u00e9ducteurs, \u2026<br>Maitrise parfaite des convoyeurs industriels<br>Composants de qualit\u00e9<br>Maintenance pr\u00e9ventive et am\u00e9liorative<br>Bonne connaissance des sites de nos client<\/p>\n\n\n\n<div style=\"height:1rem\" aria-hidden=\"true\" class=\"wp-block-spacer\"><\/div>\n\n\n\n<div class=\"wp-block-buttons is-layout-flex wp-block-buttons-is-layout-flex\">\n<div class=\"wp-block-button is-style-outline is-style-outline--4\"><a class=\"wp-block-button__link\" href=\"https:\/\/travauxneufs.lasolutionglobale.eu\/fr\/services-et-produits\/services-maintenance\/maintenance-des-systemes-de-convoyage\" target=\"_blank\" rel=\"noreferrer noopener\">En savoir plus <\/a><\/div>\n<\/div>\n<\/div>\n\n\n\n<div class=\"wp-block-column is-layout-flow wp-block-column-is-layout-flow\">\n<figure class=\"wp-block-image size-large zoom\"><img loading=\"lazy\" decoding=\"async\" width=\"1024\" height=\"683\" src=\"https:\/\/travauxneufs.lasolutionglobale.eu\/wp-content\/uploads\/2022\/11\/AdobeStock_109276596-1536x1025-1-1024x683.jpeg\" alt=\"\" class=\"wp-image-5135\" title=\"zoom\" srcset=\"https:\/\/travauxneufs.lasolutionglobale.eu\/wp-content\/uploads\/2022\/11\/AdobeStock_109276596-1536x1025-1-1024x683.jpeg 1024w, https:\/\/travauxneufs.lasolutionglobale.eu\/wp-content\/uploads\/2022\/11\/AdobeStock_109276596-1536x1025-1-300x200.jpeg 300w, https:\/\/travauxneufs.lasolutionglobale.eu\/wp-content\/uploads\/2022\/11\/AdobeStock_109276596-1536x1025-1-768x513.jpeg 768w, https:\/\/travauxneufs.lasolutionglobale.eu\/wp-content\/uploads\/2022\/11\/AdobeStock_109276596-1536x1025-1.jpeg 1536w\" sizes=\"auto, (max-width: 1024px) 100vw, 1024px\" \/><\/figure>\n<\/div>\n<\/div>\n\n\n\n<div class=\"wp-block-columns is-layout-flex wp-container-core-columns-is-layout-9d6595d7 wp-block-columns-is-layout-flex\">\n<div class=\"wp-block-column is-layout-flow wp-block-column-is-layout-flow\">\n<h2 class=\"wp-block-heading\">Contrat de maintenance globale<\/h2>\n\n\n\n<h6 class=\"wp-block-heading\"><a href=\"https:\/\/www.abm-tecna.be\/fr\/securisation-des-personnes-autour-du-convoyeur\/\"><\/a><\/h6>\n\n\n\n<p>Nous pouvons prendre en charge la gestion de certains \u00e9quipements, de vos convoyeurs ou de votre parc complet en fonction des indicateurs et objectifs fix\u00e9s.<br><\/p>\n\n\n\n<p>Y compris la gestion du stock de pi\u00e8ces d\u00e9tach\u00e9es.<\/p>\n\n\n\n<div style=\"height:1rem\" aria-hidden=\"true\" class=\"wp-block-spacer\"><\/div>\n\n\n\n<div class=\"wp-block-buttons is-layout-flex wp-block-buttons-is-layout-flex\">\n<div class=\"wp-block-button is-style-outline is-style-outline--5\"><a class=\"wp-block-button__link\" href=\"https:\/\/travauxneufs.lasolutionglobale.eu\/fr\/services-et-produits\/services-maintenance\/maintenance-des-systemes-de-convoyage\" target=\"_blank\" rel=\"noreferrer noopener\">En savoir plus <\/a><\/div>\n<\/div>\n<\/div>\n\n\n\n<div class=\"wp-block-column is-layout-flow wp-block-column-is-layout-flow\">\n<figure class=\"wp-block-image size-full zoom\"><img loading=\"lazy\" decoding=\"async\" width=\"758\" height=\"413\" src=\"https:\/\/travauxneufs.lasolutionglobale.eu\/wp-content\/uploads\/2022\/11\/Capture-decran-2022-11-02-a-12.16.41.png\" alt=\"\" class=\"wp-image-5120\" title=\"zoom\" srcset=\"https:\/\/travauxneufs.lasolutionglobale.eu\/wp-content\/uploads\/2022\/11\/Capture-decran-2022-11-02-a-12.16.41.png 758w, https:\/\/travauxneufs.lasolutionglobale.eu\/wp-content\/uploads\/2022\/11\/Capture-decran-2022-11-02-a-12.16.41-300x163.png 300w\" sizes=\"auto, (max-width: 758px) 100vw, 758px\" \/><\/figure>\n<\/div>\n<\/div>\n\n\n\n<div style=\"height:3rem\" aria-hidden=\"true\" class=\"wp-block-spacer\"><\/div>\n\n\n\n<p><strong>En r\u00e9sum\u00e9<\/strong><\/p>\n\n\n\n<p>Pour vous garantir une&nbsp;<strong>r\u00e9duction des co\u00fbts \u00e9nerg\u00e9tiques<\/strong>, nous avons impl\u00e9ment\u00e9 avec notre partenaire ABM TECNA des solutions efficaces et durables telles que :<\/p>\n\n\n\n<p><strong>Dimensionnement du moteur, r\u00e9ducteur et transmission<\/strong>&nbsp;<br>Avec nos comp\u00e9tence, la formation de nos ing\u00e9nieurs et outils d\u00e9velopp\u00e9s pour le dimensionnement et le calcul des gains \u00e9nerg\u00e9tiques<br>Param\u00e9trage du variateur&nbsp;et notre partenariat avec&nbsp;des&nbsp;experts<br>Moteur et r\u00e9ducteur \u00e0 haut rendement.<\/p>\n\n\n\n<p><strong>Alignement des arbres et organes de transmission<\/strong>&nbsp;effectu\u00e9s par nos ing\u00e9nieurs et techniciens de terrain.<br>Cha\u00eene cin\u00e9matique adapt\u00e9e et entretenue&nbsp;par nos techniciens sp\u00e9cialis\u00e9s suivants nos plans de maintenance.<\/p>\n\n\n\n<p><strong>Maintenance&nbsp;pr\u00e9ventive et am\u00e9liorative<\/strong>,&nbsp;une&nbsp;pr\u00e9occupation permanente de l\u2019ensemble de nos services<\/p>\n\n\n\n<p><\/p>\n<\/div>\n\n\n\n<div style=\"height:5rem\" aria-hidden=\"true\" class=\"wp-block-spacer\"><\/div>\n\n\n\n<div class=\"wp-block-group is-style-lightgray-section is-layout-flow wp-block-group-is-layout-flow\">\n<h2 class=\"has-text-align-center wp-block-heading\">NETCO fait la diff\u00e9rence<\/h2>\n\n\n\n<p class=\"has-text-align-center\">Nos principaux atouts qui vous assurent une prestation de haute qualit\u00e9<\/p>\n\n\n\n<div class=\"wp-block-group is-style-services is-layout-flow wp-block-group-is-layout-flow\">\n<div class=\"wp-block-group is-layout-flow wp-block-group-is-layout-flow\">\n<p>Raison n\u00b01<\/p>\n\n\n\n<p>Plus de 120 ans d\u2019exp\u00e9rience et d\u2019expertise que nous partageons avec nos clients.<\/p>\n<\/div>\n\n\n\n<div class=\"wp-block-group is-layout-flow wp-block-group-is-layout-flow\">\n<p>Raison n\u00b02<\/p>\n\n\n\n<p>Nos collaborateurs sp\u00e9cialistes, hautement qualifi\u00e9s et form\u00e9s sont disponibles 24\/7 !<\/p>\n<\/div>\n\n\n\n<div class=\"wp-block-group is-layout-flow wp-block-group-is-layout-flow\">\n<p>Raison n\u00b04<\/p>\n\n\n\n<p>Acc\u00e8s \u00e0 toutes les gammes avec une logistique performante et une ind\u00e9pendance technique<\/p>\n<\/div>\n<\/div>\n<\/div>\n","protected":false},"excerpt":{"rendered":"<p>Les co\u00fbts \u00e9nerg\u00e9tiques explosent ! NETCO a des solutions : Avec ses partenaires, NETCO apporte des solutions \u00e0 360\u00b0 pour optimiser vos frais fixes \u00e9nerg\u00e9tiques : \u200bNotre solution globale Le co\u00fbt exponentiel de l\u2019\u00e9nergie impacte directement votre comp\u00e9titivit\u00e9 et vos imp\u00e9ratifs \u00e9cologiques.Cela vous obligent \u00e0 des r\u00e9sultats significatifs en mati\u00e8re d&rsquo;\u00e9conomie d\u2019\u00e9nergie. Notre \u00ab\u202fsolution globale\u202f\u00bb [&hellip;]<\/p>\n","protected":false},"author":1,"featured_media":2024,"parent":80,"menu_order":0,"comment_status":"closed","ping_status":"closed","template":"","meta":{"_editorskit_title_hidden":false,"_editorskit_reading_time":2,"_editorskit_is_block_options_detached":false,"_editorskit_block_options_position":"{}","ghostkit_customizer_options":"","ghostkit_custom_css":"","ghostkit_custom_js_head":"","ghostkit_custom_js_foot":"","ghostkit_typography":"","slim_seo":{"title":"Optimisation \u00e9nerg\u00e9tique & r\u00e9duction des co\u00fbts - Travaux neufs","description":"Les co\u00fbts \u00e9nerg\u00e9tiques explosent ! NETCO a des solutions : Avec ses partenaires, NETCO apporte des solutions \u00e0 360\u00b0 pour optimiser vos frais fixes \u00e9nerg\u00e9tiques"},"footnotes":""},"class_list":["post-925","page","type-page","status-publish","has-post-thumbnail","hentry"],"_links":{"self":[{"href":"https:\/\/travauxneufs.lasolutionglobale.eu\/fr\/wp-json\/wp\/v2\/pages\/925","targetHints":{"allow":["GET"]}}],"collection":[{"href":"https:\/\/travauxneufs.lasolutionglobale.eu\/fr\/wp-json\/wp\/v2\/pages"}],"about":[{"href":"https:\/\/travauxneufs.lasolutionglobale.eu\/fr\/wp-json\/wp\/v2\/types\/page"}],"author":[{"embeddable":true,"href":"https:\/\/travauxneufs.lasolutionglobale.eu\/fr\/wp-json\/wp\/v2\/users\/1"}],"replies":[{"embeddable":true,"href":"https:\/\/travauxneufs.lasolutionglobale.eu\/fr\/wp-json\/wp\/v2\/comments?post=925"}],"version-history":[{"count":53,"href":"https:\/\/travauxneufs.lasolutionglobale.eu\/fr\/wp-json\/wp\/v2\/pages\/925\/revisions"}],"predecessor-version":[{"id":5144,"href":"https:\/\/travauxneufs.lasolutionglobale.eu\/fr\/wp-json\/wp\/v2\/pages\/925\/revisions\/5144"}],"up":[{"embeddable":true,"href":"https:\/\/travauxneufs.lasolutionglobale.eu\/fr\/wp-json\/wp\/v2\/pages\/80"}],"wp:featuredmedia":[{"embeddable":true,"href":"https:\/\/travauxneufs.lasolutionglobale.eu\/fr\/wp-json\/wp\/v2\/media\/2024"}],"wp:attachment":[{"href":"https:\/\/travauxneufs.lasolutionglobale.eu\/fr\/wp-json\/wp\/v2\/media?parent=925"}],"curies":[{"name":"wp","href":"https:\/\/api.w.org\/{rel}","templated":true}]}}