{"id":923,"date":"2022-07-25T12:32:22","date_gmt":"2022-07-25T10:32:22","guid":{"rendered":"https:\/\/netco.lasolutionglobale.be\/?page_id=923"},"modified":"2024-05-27T07:47:21","modified_gmt":"2024-05-27T05:47:21","slug":"mise-aux-normes-securite-des-convoyeurs","status":"publish","type":"page","link":"https:\/\/travauxneufs.lasolutionglobale.eu\/fr\/services-et-produits\/services-maintenance\/mise-aux-normes-securite-des-convoyeurs","title":{"rendered":"Normes &#038; s\u00e9curit\u00e9 des convoyeurs"},"content":{"rendered":"\n<div class=\"wp-block-group is-style-white-section-yellow-shadow is-layout-flow wp-block-group-is-layout-flow\"><nav class=\"breadcrumbs\" aria-label=\"Fil d\u2019Ariane\"><a href=\"https:\/\/travauxneufs.lasolutionglobale.eu\/fr\" class=\"breadcrumb breadcrumb--first\">Accueil<\/a><\/nav>\n\n\n\n<h2 class=\"wp-block-heading\">Mise aux normes de s\u00e9curit\u00e9  :<\/h2>\n\n\n\n<p>\u00c9laboration d\u2019un plan de remise \u00e0 niveau en conformit\u00e9 avec les rapports et conclusions d&rsquo;analyses d&rsquo;audits remis par des organismes certifi\u00e9s <br>( Apave, Drire, Prevencem, etc&#8230; )<\/p>\n\n\n\n<p><br>Travaux de mise en conformit\u00e9 par nos \u00e9quipes d\u00e9di\u00e9es <br>Optimisation ergonomique des postes de travail sur convoyeurs<br><br>Fourniture et pose d\u2019accessoires adapt\u00e9s de tous types <br>Mise en place de syst\u00e8mes de d\u00e9tection de personnes ou d\u2019arr\u00eats d\u2019urgence, etc\u2026<\/p>\n\n\n\n<div style=\"height:1rem\" aria-hidden=\"true\" class=\"wp-block-spacer\"><\/div>\n\n\n\n<p><strong>Fourniture et pose de cart\u00e9risations de s\u00e9curit\u00e9<\/strong> :<\/p>\n\n\n\n<ul class=\"wp-block-list\"><li>Mise en s\u00e9curit\u00e9 des zones sensibles <\/li><li>Facile et rapide \u00e0 d\u00e9monter<\/li><li>Mat\u00e9riau l\u00e9ger en PEHD<\/li><li>100% anticorrosion<\/li><li>Pas besoin de les peindre<\/li><li>Fait sur mesure<\/li><li>S\u00e9curit\u00e9 lors de l&rsquo;ex\u00e9cution des op\u00e9rations<\/li><\/ul>\n\n\n\n<p><\/p>\n\n\n\n<div class=\"wp-block-columns is-layout-flex wp-container-core-columns-is-layout-9d6595d7 wp-block-columns-is-layout-flex\">\n<div class=\"wp-block-column is-layout-flow wp-block-column-is-layout-flow\">\n<figure class=\"wp-block-image size-full zoom\"><img loading=\"lazy\" decoding=\"async\" width=\"1024\" height=\"768\" src=\"https:\/\/travauxneufs.lasolutionglobale.eu\/wp-content\/uploads\/2022\/10\/WhatsApp-Image-2020-08-10-at-19.29.19-2.jpeg\" alt=\"\" class=\"wp-image-4998\" srcset=\"https:\/\/travauxneufs.lasolutionglobale.eu\/wp-content\/uploads\/2022\/10\/WhatsApp-Image-2020-08-10-at-19.29.19-2.jpeg 1024w, https:\/\/travauxneufs.lasolutionglobale.eu\/wp-content\/uploads\/2022\/10\/WhatsApp-Image-2020-08-10-at-19.29.19-2-300x225.jpeg 300w, https:\/\/travauxneufs.lasolutionglobale.eu\/wp-content\/uploads\/2022\/10\/WhatsApp-Image-2020-08-10-at-19.29.19-2-768x576.jpeg 768w\" sizes=\"auto, (max-width: 1024px) 100vw, 1024px\" \/><\/figure>\n<\/div>\n\n\n\n<div class=\"wp-block-column is-layout-flow wp-block-column-is-layout-flow\">\n<figure class=\"wp-block-image size-full zoom\"><img loading=\"lazy\" decoding=\"async\" width=\"1024\" height=\"768\" src=\"https:\/\/travauxneufs.lasolutionglobale.eu\/wp-content\/uploads\/2022\/10\/893b11c0-fe28-49d7-8db2-dfecc274d48f.jpg\" alt=\"\" class=\"wp-image-5002\" srcset=\"https:\/\/travauxneufs.lasolutionglobale.eu\/wp-content\/uploads\/2022\/10\/893b11c0-fe28-49d7-8db2-dfecc274d48f.jpg 1024w, https:\/\/travauxneufs.lasolutionglobale.eu\/wp-content\/uploads\/2022\/10\/893b11c0-fe28-49d7-8db2-dfecc274d48f-300x225.jpg 300w, https:\/\/travauxneufs.lasolutionglobale.eu\/wp-content\/uploads\/2022\/10\/893b11c0-fe28-49d7-8db2-dfecc274d48f-768x576.jpg 768w\" sizes=\"auto, (max-width: 1024px) 100vw, 1024px\" \/><\/figure>\n<\/div>\n\n\n\n<div class=\"wp-block-column is-layout-flow wp-block-column-is-layout-flow\"><\/div>\n<\/div>\n<\/div>\n\n\n\n<div class=\"wp-block-columns is-layout-flex wp-container-core-columns-is-layout-9d6595d7 wp-block-columns-is-layout-flex\">\n<div class=\"wp-block-column is-layout-flow wp-block-column-is-layout-flow\">\n<figure class=\"wp-block-image size-full zoom\"><img loading=\"lazy\" decoding=\"async\" width=\"1024\" height=\"768\" src=\"https:\/\/travauxneufs.lasolutionglobale.eu\/wp-content\/uploads\/2022\/10\/WhatsApp-Image-2021-04-28-at-11.30.26.jpeg\" alt=\"\" class=\"wp-image-5013\" srcset=\"https:\/\/travauxneufs.lasolutionglobale.eu\/wp-content\/uploads\/2022\/10\/WhatsApp-Image-2021-04-28-at-11.30.26.jpeg 1024w, https:\/\/travauxneufs.lasolutionglobale.eu\/wp-content\/uploads\/2022\/10\/WhatsApp-Image-2021-04-28-at-11.30.26-300x225.jpeg 300w, https:\/\/travauxneufs.lasolutionglobale.eu\/wp-content\/uploads\/2022\/10\/WhatsApp-Image-2021-04-28-at-11.30.26-768x576.jpeg 768w\" sizes=\"auto, (max-width: 1024px) 100vw, 1024px\" \/><figcaption>Avant<\/figcaption><\/figure>\n<\/div>\n\n\n\n<div class=\"wp-block-column is-layout-flow wp-block-column-is-layout-flow\">\n<figure class=\"wp-block-image size-full zoom\"><img loading=\"lazy\" decoding=\"async\" width=\"1024\" height=\"768\" src=\"https:\/\/travauxneufs.lasolutionglobale.eu\/wp-content\/uploads\/2022\/10\/WhatsApp-Image-2021-04-28-at-11.30.41.jpeg\" alt=\"\" class=\"wp-image-5017\" srcset=\"https:\/\/travauxneufs.lasolutionglobale.eu\/wp-content\/uploads\/2022\/10\/WhatsApp-Image-2021-04-28-at-11.30.41.jpeg 1024w, https:\/\/travauxneufs.lasolutionglobale.eu\/wp-content\/uploads\/2022\/10\/WhatsApp-Image-2021-04-28-at-11.30.41-300x225.jpeg 300w, https:\/\/travauxneufs.lasolutionglobale.eu\/wp-content\/uploads\/2022\/10\/WhatsApp-Image-2021-04-28-at-11.30.41-768x576.jpeg 768w\" sizes=\"auto, (max-width: 1024px) 100vw, 1024px\" \/><figcaption>Apr\u00e8s<\/figcaption><\/figure>\n<\/div>\n\n\n\n<div class=\"wp-block-column is-layout-flow wp-block-column-is-layout-flow\"><\/div>\n<\/div>\n\n\n\n<div class=\"wp-block-columns is-layout-flex wp-container-core-columns-is-layout-9d6595d7 wp-block-columns-is-layout-flex\">\n<div class=\"wp-block-column is-layout-flow wp-block-column-is-layout-flow\">\n<figure class=\"wp-block-image size-large zoom\"><img loading=\"lazy\" decoding=\"async\" width=\"768\" height=\"1024\" src=\"https:\/\/travauxneufs.lasolutionglobale.eu\/wp-content\/uploads\/2022\/10\/WhatsApp-Image-2021-09-07-at-12.42.22-768x1024.jpeg\" alt=\"\" class=\"wp-image-5006\" srcset=\"https:\/\/travauxneufs.lasolutionglobale.eu\/wp-content\/uploads\/2022\/10\/WhatsApp-Image-2021-09-07-at-12.42.22-768x1024.jpeg 768w, https:\/\/travauxneufs.lasolutionglobale.eu\/wp-content\/uploads\/2022\/10\/WhatsApp-Image-2021-09-07-at-12.42.22-225x300.jpeg 225w, https:\/\/travauxneufs.lasolutionglobale.eu\/wp-content\/uploads\/2022\/10\/WhatsApp-Image-2021-09-07-at-12.42.22-1152x1536.jpeg 1152w, https:\/\/travauxneufs.lasolutionglobale.eu\/wp-content\/uploads\/2022\/10\/WhatsApp-Image-2021-09-07-at-12.42.22.jpeg 1200w\" sizes=\"auto, (max-width: 768px) 100vw, 768px\" \/><\/figure>\n<\/div>\n\n\n\n<div class=\"wp-block-column is-layout-flow wp-block-column-is-layout-flow\">\n<figure class=\"wp-block-image size-large zoom\"><img loading=\"lazy\" decoding=\"async\" width=\"768\" height=\"1024\" src=\"https:\/\/travauxneufs.lasolutionglobale.eu\/wp-content\/uploads\/2022\/10\/WhatsApp-Image-2022-02-11-at-17.09.45-1-768x1024.jpeg\" alt=\"\" class=\"wp-image-5008\" srcset=\"https:\/\/travauxneufs.lasolutionglobale.eu\/wp-content\/uploads\/2022\/10\/WhatsApp-Image-2022-02-11-at-17.09.45-1-768x1024.jpeg 768w, https:\/\/travauxneufs.lasolutionglobale.eu\/wp-content\/uploads\/2022\/10\/WhatsApp-Image-2022-02-11-at-17.09.45-1-225x300.jpeg 225w, https:\/\/travauxneufs.lasolutionglobale.eu\/wp-content\/uploads\/2022\/10\/WhatsApp-Image-2022-02-11-at-17.09.45-1-1152x1536.jpeg 1152w, https:\/\/travauxneufs.lasolutionglobale.eu\/wp-content\/uploads\/2022\/10\/WhatsApp-Image-2022-02-11-at-17.09.45-1.jpeg 1200w\" sizes=\"auto, (max-width: 768px) 100vw, 768px\" \/><\/figure>\n<\/div>\n\n\n\n<div class=\"wp-block-column is-layout-flow wp-block-column-is-layout-flow\">\n<figure class=\"wp-block-image size-full zoom\"><img loading=\"lazy\" decoding=\"async\" width=\"768\" height=\"1024\" src=\"https:\/\/travauxneufs.lasolutionglobale.eu\/wp-content\/uploads\/2022\/10\/WhatsApp-Image-2021-04-28-at-11.21.41-2.jpeg\" alt=\"\" class=\"wp-image-5010\" srcset=\"https:\/\/travauxneufs.lasolutionglobale.eu\/wp-content\/uploads\/2022\/10\/WhatsApp-Image-2021-04-28-at-11.21.41-2.jpeg 768w, https:\/\/travauxneufs.lasolutionglobale.eu\/wp-content\/uploads\/2022\/10\/WhatsApp-Image-2021-04-28-at-11.21.41-2-225x300.jpeg 225w\" sizes=\"auto, (max-width: 768px) 100vw, 768px\" \/><\/figure>\n<\/div>\n<\/div>\n\n\n\n<p class=\"zoom\">Pour tous renseignements, n&rsquo;h\u00e9sitez pas \u00e0 contacter notre \u00e9quipe commerciale !<\/p>\n\n\n\n<div style=\"height:5rem\" aria-hidden=\"true\" class=\"wp-block-spacer\"><\/div>\n\n\n\n<div class=\"wp-block-group is-style-lightgray-section is-layout-flow wp-block-group-is-layout-flow\">\n<h2 class=\"has-text-align-center wp-block-heading\">NETCO fait la diff\u00e9rence<\/h2>\n\n\n\n<p class=\"has-text-align-center\">NETCO propose \u00e0 ses clients des audits adapt\u00e9s de leurs convoyeurs&nbsp;et ainsi poursuivre son accompagnement dans l&rsquo;am\u00e9lioration continue des syst\u00e8mes de convoyage et de manutention.<\/p>\n\n\n\n<div class=\"wp-block-group is-style-services is-layout-flow wp-block-group-is-layout-flow\">\n<div class=\"wp-block-group is-layout-flow wp-block-group-is-layout-flow\">\n<p>Raison n\u00b01<\/p>\n\n\n\n<p>Plus de 120 ans d\u2019exp\u00e9rience et d\u2019expertise que nous partageons avec nos clients.<\/p>\n<\/div>\n\n\n\n<div class=\"wp-block-group is-layout-flow wp-block-group-is-layout-flow\">\n<p>Raison n\u00b02<\/p>\n\n\n\n<p>Nos collaborateurs sp\u00e9cialistes, hautement qualifi\u00e9s et form\u00e9s sont disponibles 24\/7 !<\/p>\n<\/div>\n\n\n\n<div class=\"wp-block-group is-layout-flow wp-block-group-is-layout-flow\">\n<p>Raison n\u00b03<\/p>\n\n\n\n<p>NETCO dispose d\u2019un bureau d\u2019\u00e9tude et fabrique depuis plusieurs d\u00e9cennies des syst\u00e8mes de convoyage de tous types. <\/p>\n<\/div>\n<\/div>\n<\/div>\n","protected":false},"excerpt":{"rendered":"<p>Mise aux normes de s\u00e9curit\u00e9 : \u00c9laboration d\u2019un plan de remise \u00e0 niveau en conformit\u00e9 avec les rapports et conclusions d&rsquo;analyses d&rsquo;audits remis par des organismes certifi\u00e9s ( Apave, Drire, Prevencem, etc&#8230; ) Travaux de mise en conformit\u00e9 par nos \u00e9quipes d\u00e9di\u00e9es Optimisation ergonomique des postes de travail sur convoyeurs Fourniture et pose d\u2019accessoires adapt\u00e9s [&hellip;]<\/p>\n","protected":false},"author":1,"featured_media":2021,"parent":80,"menu_order":0,"comment_status":"closed","ping_status":"closed","template":"","meta":{"_editorskit_title_hidden":false,"_editorskit_reading_time":1,"_editorskit_is_block_options_detached":false,"_editorskit_block_options_position":"{}","ghostkit_customizer_options":"","ghostkit_custom_css":"","ghostkit_custom_js_head":"","ghostkit_custom_js_foot":"","ghostkit_typography":"","slim_seo":{"title":"Normes & s\u00e9curit\u00e9 des convoyeurs - Travaux neufs","description":"Mise aux normes de s\u00e9curit\u00e9 : \u00c9laboration d\u2019un plan de remise \u00e0 niveau en conformit\u00e9 avec les rapports et conclusions d'analyses d'audits remis par des organism"},"footnotes":""},"class_list":["post-923","page","type-page","status-publish","has-post-thumbnail","hentry"],"_links":{"self":[{"href":"https:\/\/travauxneufs.lasolutionglobale.eu\/fr\/wp-json\/wp\/v2\/pages\/923","targetHints":{"allow":["GET"]}}],"collection":[{"href":"https:\/\/travauxneufs.lasolutionglobale.eu\/fr\/wp-json\/wp\/v2\/pages"}],"about":[{"href":"https:\/\/travauxneufs.lasolutionglobale.eu\/fr\/wp-json\/wp\/v2\/types\/page"}],"author":[{"embeddable":true,"href":"https:\/\/travauxneufs.lasolutionglobale.eu\/fr\/wp-json\/wp\/v2\/users\/1"}],"replies":[{"embeddable":true,"href":"https:\/\/travauxneufs.lasolutionglobale.eu\/fr\/wp-json\/wp\/v2\/comments?post=923"}],"version-history":[{"count":40,"href":"https:\/\/travauxneufs.lasolutionglobale.eu\/fr\/wp-json\/wp\/v2\/pages\/923\/revisions"}],"predecessor-version":[{"id":6112,"href":"https:\/\/travauxneufs.lasolutionglobale.eu\/fr\/wp-json\/wp\/v2\/pages\/923\/revisions\/6112"}],"up":[{"embeddable":true,"href":"https:\/\/travauxneufs.lasolutionglobale.eu\/fr\/wp-json\/wp\/v2\/pages\/80"}],"wp:featuredmedia":[{"embeddable":true,"href":"https:\/\/travauxneufs.lasolutionglobale.eu\/fr\/wp-json\/wp\/v2\/media\/2021"}],"wp:attachment":[{"href":"https:\/\/travauxneufs.lasolutionglobale.eu\/fr\/wp-json\/wp\/v2\/media?parent=923"}],"curies":[{"name":"wp","href":"https:\/\/api.w.org\/{rel}","templated":true}]}}