{"id":921,"date":"2022-07-25T12:31:51","date_gmt":"2022-07-25T10:31:51","guid":{"rendered":"https:\/\/netco.lasolutionglobale.be\/?page_id=921"},"modified":"2022-10-06T16:39:19","modified_gmt":"2022-10-06T14:39:19","slug":"modification-convoyeurs","status":"publish","type":"page","link":"https:\/\/travauxneufs.lasolutionglobale.eu\/fr\/services-et-produits\/services-maintenance\/modification-convoyeurs","title":{"rendered":"Modification convoyeurs"},"content":{"rendered":"\n<div class=\"wp-block-group is-style-white-section-yellow-shadow is-layout-flow wp-block-group-is-layout-flow\"><nav class=\"breadcrumbs\" aria-label=\"Fil d\u2019Ariane\"><a href=\"https:\/\/travauxneufs.lasolutionglobale.eu\/fr\" class=\"breadcrumb breadcrumb--first\">Accueil<\/a><\/nav>\n\n\n\n<h2 class=\"wp-block-heading\">\u200bNous adaptons votre installation<\/h2>\n\n\n\n<p>Nos charg\u00e9s d\u2019affaires et techniciens conseils ainsi que notre bureau d\u2019\u00e9tudes sont \u00e0 votre disposition pour vous accompagner dans la modification et l\u2019am\u00e9lioration existante de vos convoyeurs<\/p>\n<\/div>\n\n\n\n<div style=\"height:5rem\" aria-hidden=\"true\" class=\"wp-block-spacer\"><\/div>\n\n\n\n<div class=\"wp-block-group is-style-lightgray-section is-layout-flow wp-block-group-is-layout-flow\">\n<h2 class=\"has-text-align-center wp-block-heading\">NETCO fait la diff\u00e9rence<\/h2>\n\n\n\n<p class=\"has-text-align-center\">Nos principaux atouts qui vous assurent une prestation de haute qualit\u00e9 <\/p>\n\n\n\n<div class=\"wp-block-group is-style-services is-layout-flow wp-block-group-is-layout-flow\">\n<div class=\"wp-block-group is-layout-flow wp-block-group-is-layout-flow\">\n<p>Raison n\u00b01<\/p>\n\n\n\n<p>Plus de 120 ans d\u2019exp\u00e9rience et d\u2019expertise que nous partageons avec nos clients.<\/p>\n<\/div>\n\n\n\n<div class=\"wp-block-group is-layout-flow wp-block-group-is-layout-flow\">\n<p>Raison n\u00b02<\/p>\n\n\n\n<p>Acc\u00e8s \u00e0 toutes les gammes avec une logistique performante et une ind\u00e9pendance technique<\/p>\n<\/div>\n\n\n\n<div class=\"wp-block-group is-layout-flow wp-block-group-is-layout-flow\">\n<p>Raison n\u00b03<\/p>\n\n\n\n<p>Nos collaborateurs sp\u00e9cialistes, hautement qualifi\u00e9s et form\u00e9s sont disponibles 24\/7 !<\/p>\n<\/div>\n\n\n\n<div class=\"wp-block-group is-layout-flow wp-block-group-is-layout-flow\">\n<p>Raison n\u00b04<\/p>\n\n\n\n<p>Interventions 24\/7 sur tous vos sites d\u2019exploitation<\/p>\n<\/div>\n<\/div>\n<\/div>\n","protected":false},"excerpt":{"rendered":"<p>\u200bNous adaptons votre installation Nos charg\u00e9s d\u2019affaires et techniciens conseils ainsi que notre bureau d\u2019\u00e9tudes sont \u00e0 votre disposition pour vous accompagner dans la modification et l\u2019am\u00e9lioration existante de vos convoyeurs NETCO fait la diff\u00e9rence Nos principaux atouts qui vous assurent une prestation de haute qualit\u00e9 Raison n\u00b01 Plus de 120 ans d\u2019exp\u00e9rience et d\u2019expertise [&hellip;]<\/p>\n","protected":false},"author":1,"featured_media":2195,"parent":80,"menu_order":0,"comment_status":"closed","ping_status":"closed","template":"","meta":{"_editorskit_title_hidden":false,"_editorskit_reading_time":1,"_editorskit_is_block_options_detached":false,"_editorskit_block_options_position":"{}","ghostkit_customizer_options":"","ghostkit_custom_css":"","ghostkit_custom_js_head":"","ghostkit_custom_js_foot":"","ghostkit_typography":"","slim_seo":{"title":"Modification convoyeurs - Travaux neufs","description":"\u200bNous adaptons votre installation Nos charg\u00e9s d\u2019affaires et techniciens conseils ainsi que notre bureau d\u2019\u00e9tudes sont \u00e0 votre disposition pour vous accompagner"},"footnotes":""},"class_list":["post-921","page","type-page","status-publish","has-post-thumbnail","hentry"],"_links":{"self":[{"href":"https:\/\/travauxneufs.lasolutionglobale.eu\/fr\/wp-json\/wp\/v2\/pages\/921","targetHints":{"allow":["GET"]}}],"collection":[{"href":"https:\/\/travauxneufs.lasolutionglobale.eu\/fr\/wp-json\/wp\/v2\/pages"}],"about":[{"href":"https:\/\/travauxneufs.lasolutionglobale.eu\/fr\/wp-json\/wp\/v2\/types\/page"}],"author":[{"embeddable":true,"href":"https:\/\/travauxneufs.lasolutionglobale.eu\/fr\/wp-json\/wp\/v2\/users\/1"}],"replies":[{"embeddable":true,"href":"https:\/\/travauxneufs.lasolutionglobale.eu\/fr\/wp-json\/wp\/v2\/comments?post=921"}],"version-history":[{"count":10,"href":"https:\/\/travauxneufs.lasolutionglobale.eu\/fr\/wp-json\/wp\/v2\/pages\/921\/revisions"}],"predecessor-version":[{"id":4687,"href":"https:\/\/travauxneufs.lasolutionglobale.eu\/fr\/wp-json\/wp\/v2\/pages\/921\/revisions\/4687"}],"up":[{"embeddable":true,"href":"https:\/\/travauxneufs.lasolutionglobale.eu\/fr\/wp-json\/wp\/v2\/pages\/80"}],"wp:featuredmedia":[{"embeddable":true,"href":"https:\/\/travauxneufs.lasolutionglobale.eu\/fr\/wp-json\/wp\/v2\/media\/2195"}],"wp:attachment":[{"href":"https:\/\/travauxneufs.lasolutionglobale.eu\/fr\/wp-json\/wp\/v2\/media?parent=921"}],"curies":[{"name":"wp","href":"https:\/\/api.w.org\/{rel}","templated":true}]}}