{"id":916,"date":"2022-07-25T12:28:04","date_gmt":"2022-07-25T10:28:04","guid":{"rendered":"https:\/\/netco.lasolutionglobale.be\/?page_id=916"},"modified":"2022-10-12T13:44:39","modified_gmt":"2022-10-12T11:44:39","slug":"audit-des-installations","status":"publish","type":"page","link":"https:\/\/travauxneufs.lasolutionglobale.eu\/fr\/services-et-produits\/services-maintenance\/audit-des-installations","title":{"rendered":"Audit des installations"},"content":{"rendered":"\n<div class=\"wp-block-group is-style-white-section-yellow-shadow is-layout-flow wp-block-group-is-layout-flow\"><nav class=\"breadcrumbs\" aria-label=\"Fil d\u2019Ariane\"><a href=\"https:\/\/travauxneufs.lasolutionglobale.eu\/fr\" class=\"breadcrumb breadcrumb--first\">Accueil<\/a><\/nav>\n\n\n\n<h2 class=\"wp-block-heading\">\u200bNotre offre d&rsquo;expertise<\/h2>\n\n\n\n<p><strong>Audits sur sites<\/strong>&nbsp;pour analyse des convoyeurs et \u00e9laboration d\u2019<strong>un plan de remise \u00e0 niveau<\/strong>&nbsp;des installations,\u200b<\/p>\n\n\n\n<p>Identifier et r\u00e9f\u00e9rencer les \u00e9l\u00e9ments constitutifs de vos installations<br>V\u00e9rifier l\u2019\u00e9tat des mat\u00e9riels<br>Analyser les possibilit\u00e9s d\u2019uniformisation des mat\u00e9riels<br>D\u00e9terminer les caract\u00e9ristiques techniques des mat\u00e9riels<br>D\u00e9finir les mat\u00e9riels critiques en terme de d\u00e9lai d\u2019approvisionnement<br>D\u00e9terminer les stocks s\u00e9curit\u00e9 n\u00e9cessaires<\/p>\n\n\n\n<p><\/p>\n<\/div>\n\n\n\n<div style=\"height:5rem\" aria-hidden=\"true\" class=\"wp-block-spacer\"><\/div>\n\n\n\n<div class=\"wp-block-group is-style-lightgray-section is-layout-flow wp-block-group-is-layout-flow\">\n<h2 class=\"has-text-align-center wp-block-heading\">NETCO fait la diff\u00e9rence<\/h2>\n\n\n\n<p class=\"has-text-align-center\">NETCO propose \u00e0 ses clients des audits adapt\u00e9s de leurs convoyeurs&nbsp;et ainsi poursuivre son accompagnement dans l&rsquo;am\u00e9lioration continue des syst\u00e8mes de convoyage et de manutention.<\/p>\n\n\n\n<div class=\"wp-block-group is-style-services is-layout-flow wp-block-group-is-layout-flow\">\n<div class=\"wp-block-group is-layout-flow wp-block-group-is-layout-flow\">\n<p>Raison n\u00b01<\/p>\n\n\n\n<p>Plus de 120 ans d\u2019exp\u00e9rience et d\u2019expertise que nous partageons avec nos clients.<\/p>\n<\/div>\n\n\n\n<div class=\"wp-block-group is-layout-flow wp-block-group-is-layout-flow\">\n<p>Raison n\u00b02<\/p>\n\n\n\n<p>Nos collaborateurs sp\u00e9cialistes, hautement qualifi\u00e9s et form\u00e9s sont disponibles 24\/7 !<\/p>\n<\/div>\n\n\n\n<div class=\"wp-block-group is-layout-flow wp-block-group-is-layout-flow\">\n<p>Raison n\u00b03<\/p>\n\n\n\n<p>NETCO dispose d\u2019un bureau d\u2019\u00e9tude et fabrique depuis plusieurs d\u00e9cennies des syst\u00e8mes de convoyage de tous types. <\/p>\n<\/div>\n<\/div>\n<\/div>\n","protected":false},"excerpt":{"rendered":"<p>\u200bNotre offre d&rsquo;expertise Audits sur sites&nbsp;pour analyse des convoyeurs et \u00e9laboration d\u2019un plan de remise \u00e0 niveau&nbsp;des installations,\u200b Identifier et r\u00e9f\u00e9rencer les \u00e9l\u00e9ments constitutifs de vos installationsV\u00e9rifier l\u2019\u00e9tat des mat\u00e9rielsAnalyser les possibilit\u00e9s d\u2019uniformisation des mat\u00e9rielsD\u00e9terminer les caract\u00e9ristiques techniques des mat\u00e9rielsD\u00e9finir les mat\u00e9riels critiques en terme de d\u00e9lai d\u2019approvisionnementD\u00e9terminer les stocks s\u00e9curit\u00e9 n\u00e9cessaires NETCO fait la [&hellip;]<\/p>\n","protected":false},"author":1,"featured_media":2041,"parent":80,"menu_order":0,"comment_status":"closed","ping_status":"closed","template":"","meta":{"_editorskit_title_hidden":false,"_editorskit_reading_time":1,"_editorskit_is_block_options_detached":false,"_editorskit_block_options_position":"{}","ghostkit_customizer_options":"","ghostkit_custom_css":"","ghostkit_custom_js_head":"","ghostkit_custom_js_foot":"","ghostkit_typography":"","slim_seo":{"title":"Audit des installations - Travaux neufs","description":"\u200bNotre offre d'expertise Audits sur sites &nbsp;pour analyse des convoyeurs et \u00e9laboration d\u2019 un plan de remise \u00e0 niveau &nbsp;des installations,\u200b Identifier et"},"footnotes":""},"class_list":["post-916","page","type-page","status-publish","has-post-thumbnail","hentry"],"_links":{"self":[{"href":"https:\/\/travauxneufs.lasolutionglobale.eu\/fr\/wp-json\/wp\/v2\/pages\/916","targetHints":{"allow":["GET"]}}],"collection":[{"href":"https:\/\/travauxneufs.lasolutionglobale.eu\/fr\/wp-json\/wp\/v2\/pages"}],"about":[{"href":"https:\/\/travauxneufs.lasolutionglobale.eu\/fr\/wp-json\/wp\/v2\/types\/page"}],"author":[{"embeddable":true,"href":"https:\/\/travauxneufs.lasolutionglobale.eu\/fr\/wp-json\/wp\/v2\/users\/1"}],"replies":[{"embeddable":true,"href":"https:\/\/travauxneufs.lasolutionglobale.eu\/fr\/wp-json\/wp\/v2\/comments?post=916"}],"version-history":[{"count":21,"href":"https:\/\/travauxneufs.lasolutionglobale.eu\/fr\/wp-json\/wp\/v2\/pages\/916\/revisions"}],"predecessor-version":[{"id":5028,"href":"https:\/\/travauxneufs.lasolutionglobale.eu\/fr\/wp-json\/wp\/v2\/pages\/916\/revisions\/5028"}],"up":[{"embeddable":true,"href":"https:\/\/travauxneufs.lasolutionglobale.eu\/fr\/wp-json\/wp\/v2\/pages\/80"}],"wp:featuredmedia":[{"embeddable":true,"href":"https:\/\/travauxneufs.lasolutionglobale.eu\/fr\/wp-json\/wp\/v2\/media\/2041"}],"wp:attachment":[{"href":"https:\/\/travauxneufs.lasolutionglobale.eu\/fr\/wp-json\/wp\/v2\/media?parent=916"}],"curies":[{"name":"wp","href":"https:\/\/api.w.org\/{rel}","templated":true}]}}