{"id":914,"date":"2022-07-25T12:26:46","date_gmt":"2022-07-25T10:26:46","guid":{"rendered":"https:\/\/netco.lasolutionglobale.be\/?page_id=914"},"modified":"2022-11-02T12:17:47","modified_gmt":"2022-11-02T11:17:47","slug":"maintenance-des-systemes-de-convoyage","status":"publish","type":"page","link":"https:\/\/travauxneufs.lasolutionglobale.eu\/fr\/services-et-produits\/services-maintenance\/maintenance-des-systemes-de-convoyage","title":{"rendered":"Maintenance des syst\u00e8mes de convoyage"},"content":{"rendered":"\n<div class=\"wp-block-columns are-vertically-aligned-bottom is-layout-flex wp-container-core-columns-is-layout-9d6595d7 wp-block-columns-is-layout-flex\">\n<div class=\"wp-block-column is-vertically-aligned-bottom is-layout-flow wp-block-column-is-layout-flow\" style=\"flex-basis:70%\"><nav class=\"breadcrumbs\" aria-label=\"Fil d\u2019Ariane\"><a href=\"https:\/\/travauxneufs.lasolutionglobale.eu\/fr\" class=\"breadcrumb breadcrumb--first\">Accueil<\/a><\/nav>\n\n\n\n<h2 class=\"wp-block-heading\">Nos programmes de Maintenance des convoyeurs<\/h2>\n<\/div>\n<\/div>\n\n\n\n<div class=\"wp-block-columns are-vertically-aligned-center is-layout-flex wp-container-core-columns-is-layout-9d6595d7 wp-block-columns-is-layout-flex\">\n<div class=\"wp-block-column is-vertically-aligned-center is-layout-flow wp-block-column-is-layout-flow\" style=\"flex-basis:100%\">\n<p>Sur la base&nbsp;d&rsquo;audits techniques de vos installations, NETCO s\u2019engage \u00e0&nbsp;garantir la continuit\u00e9 du fonctionnement&nbsp;de vos convoyeurs par&nbsp;des<strong> interventions pr\u00e9ventives<\/strong>&nbsp;sur vos lignes de productions.&nbsp;<\/p>\n\n\n\n<p>D\u00e9couvrez sans attendre via notre <strong>programme e-Prod<\/strong> dont sont \u00e9quip\u00e9s tous nos techniciens notre process de maintenance&nbsp;pr\u00e9ventive des convoyeurs lors d&rsquo;arr\u00eats programm\u00e9s.<\/p>\n\n\n\n<p>Avec ses \u00e9quipes NETCO est aussi mobilis\u00e9 pour intervenir rapidement en mode <strong>maintenance curative<\/strong> sur vos convoyeurs.<\/p>\n\n\n\n<p>Nos \u00e9quipes d&rsquo;interventions respectent scrupuleusement la l\u00e9gislation,&nbsp;les directives CE de mise en conformit\u00e9, ainsi que les r\u00e8gles essentielles de s\u00e9curit\u00e9 et des normes de qualit\u00e9 totale.<\/p>\n\n\n\n<div style=\"height:32px\" aria-hidden=\"true\" class=\"wp-block-spacer\"><\/div>\n\n\n\n<p><\/p>\n<\/div>\n<\/div>\n\n\n\n<div class=\"wp-block-group is-style-lightgray-section is-layout-flow wp-block-group-is-layout-flow\">\n<div class=\"ghostkit-tabs is-style-netco\" data-tab-active=\"tab-maintenance-preventive\"><div class=\"ghostkit-tabs-buttons ghostkit-tabs-buttons-align-start\"><a href=\"#tab-maintenance-preventive\" class=\"ghostkit-tabs-buttons-item\">Maintenance pr\u00e9ventive<\/a><a href=\"#tab-programme-e-prod\" class=\"ghostkit-tabs-buttons-item\">Programme E-Prod<\/a><a href=\"#tab-maintenance-curative\" class=\"ghostkit-tabs-buttons-item\">Maintenance curative<\/a><\/div><div class=\"ghostkit-tabs-content\">\n<div class=\"ghostkit-tab is-layout-flow wp-block-ghostkit-tabs-tab-v2-is-layout-flow\" data-tab=\"tab-maintenance-preventive\">\n<div class=\"wp-block-media-text alignwide is-stacked-on-mobile is-style-size-full\"><figure class=\"wp-block-media-text__media\"><img loading=\"lazy\" decoding=\"async\" width=\"1024\" height=\"683\" src=\"https:\/\/travauxneufs.lasolutionglobale.eu\/wp-content\/uploads\/2022\/09\/iStock-1311256510-1024x683.jpg\" alt=\"\" class=\"wp-image-2472 size-full\" srcset=\"https:\/\/travauxneufs.lasolutionglobale.eu\/wp-content\/uploads\/2022\/09\/iStock-1311256510-1024x683.jpg 1024w, https:\/\/travauxneufs.lasolutionglobale.eu\/wp-content\/uploads\/2022\/09\/iStock-1311256510-300x200.jpg 300w, https:\/\/travauxneufs.lasolutionglobale.eu\/wp-content\/uploads\/2022\/09\/iStock-1311256510-768x512.jpg 768w, https:\/\/travauxneufs.lasolutionglobale.eu\/wp-content\/uploads\/2022\/09\/iStock-1311256510-1536x1024.jpg 1536w, https:\/\/travauxneufs.lasolutionglobale.eu\/wp-content\/uploads\/2022\/09\/iStock-1311256510-2048x1365.jpg 2048w\" sizes=\"auto, (max-width: 1024px) 100vw, 1024px\" \/><\/figure><div class=\"wp-block-media-text__content\">\n<h2 class=\"ghostkit-custom-Z38Aub wp-block-heading\">La maintenance pr\u00e9ventive chez NETCO<\/h2>\n\n\n\n<p><strong>Relev\u00e9 technique de vos installations :<\/strong><\/p>\n\n\n\n<p>Identifier et r\u00e9f\u00e9rencer les \u00e9l\u00e9ments constitutifs de vos installations<br>V\u00e9rifier l\u2019\u00e9tat des mat\u00e9riels<br>Analyser les possibilit\u00e9s d\u2019uniformisation des mat\u00e9riels<br>D\u00e9terminer les caract\u00e9ristiques techniques des mat\u00e9riels<br>D\u00e9finir les mat\u00e9riels critiques en terme de d\u00e9lai d\u2019approvisionnement<br>D\u00e9terminer les stocks s\u00e9curit\u00e9 n\u00e9cessaires<\/p>\n\n\n\n<div style=\"height:2rem\" aria-hidden=\"true\" class=\"wp-block-spacer\"><\/div>\n\n\n\n<p><strong>Programme de maintenance pr\u00e9ventive :<\/strong><\/p>\n\n\n\n<p>Apporter notre expertise sur l\u2019\u00e9tat de vos installations<br>Anticiper les d\u00e9faillances avant qu\u2019elles ne causent des arr\u00eats de production<br>R\u00e9f\u00e9rentiel de contr\u00f4le technique et rapport de maintenance sur mesure<br>Analyses et recommandations sur les causes des dysfonctionnements<br>Engagements avec obligation de r\u00e9sultats suivant nos recommandations<br>Pr\u00e9conisations Am\u00e9lioration \/ Evolution \/ Veille technologique<\/p>\n<\/div><\/div>\n<\/div>\n\n\n\n<div class=\"ghostkit-tab is-layout-flow wp-block-ghostkit-tabs-tab-v2-is-layout-flow\" data-tab=\"tab-programme-e-prod\">\n<h2 class=\"wp-block-heading\">NETCO digitalise les interventions de ses techniciens<\/h2>\n\n\n\n<p>Depuis&nbsp;2016 le groupe NETCO d\u00e9ploie son programme e-Prod de digitalisation des interventions :<br>Chaque technicien est \u00e9quip\u00e9 d\u2019une tablette pour y saisir ses temps pass\u00e9s d&rsquo;interventions, prendre des photos des chantiers, noter des remarques&nbsp;etc, le&nbsp;tout en interaction avec son \u00e9quipe de planification.<\/p>\n\n\n\n<p><strong>Nos Principaux Objectifs&nbsp;<\/strong>:<\/p>\n\n\n\n<p><strong>\u00catre plus proche de nos clients et de nos techniciens :<\/strong><br>Communiquer et partager \u00ab en temps r\u00e9el \u00bb les informations terrain, les formations et habilitations de nos techniciens&nbsp;<\/p>\n\n\n\n<p><strong>Optimiser le processus des interventions :<\/strong><br>Mise \u00e0 disposition de documents, modes op\u00e9ratoires, accueils s\u00e9curit\u00e9 clients, plans de pr\u00e9vention, remont\u00e9es d\u2019informations des missions et des parcs clients, rapports d\u2019intervention, photos , etc\u2026<\/p>\n\n\n\n<p><strong>Optimiser la gestion des missions et la relation client :<\/strong><br>Partage dynamique du planning et des demandes clients, suivi de parc des \u00e9quipements clients, historique des interventions, photos, informations sur l&rsquo;accessibilit\u00e9&nbsp;des \u00e9quipements, etc&#8230;.<\/p>\n\n\n\n<div class=\"wp-block-columns is-layout-flex wp-container-core-columns-is-layout-9d6595d7 wp-block-columns-is-layout-flex\">\n<div class=\"wp-block-column is-layout-flow wp-block-column-is-layout-flow\">\n<figure class=\"wp-block-image size-large zoom\"><img loading=\"lazy\" decoding=\"async\" width=\"1024\" height=\"652\" src=\"https:\/\/travauxneufs.lasolutionglobale.eu\/wp-content\/uploads\/2022\/09\/iStock-1220482483-1024x652.jpg\" alt=\"professional women  engineer checklist automated CNC in factory\" class=\"wp-image-2185\" srcset=\"https:\/\/travauxneufs.lasolutionglobale.eu\/wp-content\/uploads\/2022\/09\/iStock-1220482483-1024x652.jpg 1024w, https:\/\/travauxneufs.lasolutionglobale.eu\/wp-content\/uploads\/2022\/09\/iStock-1220482483-300x191.jpg 300w, https:\/\/travauxneufs.lasolutionglobale.eu\/wp-content\/uploads\/2022\/09\/iStock-1220482483-768x489.jpg 768w, https:\/\/travauxneufs.lasolutionglobale.eu\/wp-content\/uploads\/2022\/09\/iStock-1220482483-1536x978.jpg 1536w, https:\/\/travauxneufs.lasolutionglobale.eu\/wp-content\/uploads\/2022\/09\/iStock-1220482483-2048x1304.jpg 2048w\" sizes=\"auto, (max-width: 1024px) 100vw, 1024px\" \/><\/figure>\n<\/div>\n\n\n\n<div class=\"wp-block-column is-layout-flow wp-block-column-is-layout-flow\">\n<figure class=\"wp-block-image size-large is-resized zoom\"><img loading=\"lazy\" decoding=\"async\" src=\"https:\/\/travauxneufs.lasolutionglobale.eu\/wp-content\/uploads\/2022\/09\/iStock-1093562498-1024x683.jpg\" alt=\"\" class=\"wp-image-2462\" width=\"723\" height=\"482\" srcset=\"https:\/\/travauxneufs.lasolutionglobale.eu\/wp-content\/uploads\/2022\/09\/iStock-1093562498-1024x683.jpg 1024w, https:\/\/travauxneufs.lasolutionglobale.eu\/wp-content\/uploads\/2022\/09\/iStock-1093562498-300x200.jpg 300w, https:\/\/travauxneufs.lasolutionglobale.eu\/wp-content\/uploads\/2022\/09\/iStock-1093562498-768x512.jpg 768w, https:\/\/travauxneufs.lasolutionglobale.eu\/wp-content\/uploads\/2022\/09\/iStock-1093562498-1536x1024.jpg 1536w, https:\/\/travauxneufs.lasolutionglobale.eu\/wp-content\/uploads\/2022\/09\/iStock-1093562498-2048x1365.jpg 2048w\" sizes=\"auto, (max-width: 723px) 100vw, 723px\" \/><\/figure>\n<\/div>\n<\/div>\n<\/div>\n\n\n\n<div class=\"ghostkit-tab is-layout-flow wp-block-ghostkit-tabs-tab-v2-is-layout-flow\" data-tab=\"tab-maintenance-curative\">\n<div class=\"wp-block-media-text alignwide has-media-on-the-right is-stacked-on-mobile is-style-size-full\"><figure class=\"wp-block-media-text__media\"><img loading=\"lazy\" decoding=\"async\" width=\"1024\" height=\"674\" src=\"https:\/\/travauxneufs.lasolutionglobale.eu\/wp-content\/uploads\/2022\/09\/PASSAGE-BANDE-CC-EDF-CORDEMAIS-copie-1024x674.jpg\" alt=\"\" class=\"wp-image-3165 size-full\" srcset=\"https:\/\/travauxneufs.lasolutionglobale.eu\/wp-content\/uploads\/2022\/09\/PASSAGE-BANDE-CC-EDF-CORDEMAIS-copie-1024x674.jpg 1024w, https:\/\/travauxneufs.lasolutionglobale.eu\/wp-content\/uploads\/2022\/09\/PASSAGE-BANDE-CC-EDF-CORDEMAIS-copie-300x198.jpg 300w, https:\/\/travauxneufs.lasolutionglobale.eu\/wp-content\/uploads\/2022\/09\/PASSAGE-BANDE-CC-EDF-CORDEMAIS-copie-768x506.jpg 768w, https:\/\/travauxneufs.lasolutionglobale.eu\/wp-content\/uploads\/2022\/09\/PASSAGE-BANDE-CC-EDF-CORDEMAIS-copie-1536x1012.jpg 1536w, https:\/\/travauxneufs.lasolutionglobale.eu\/wp-content\/uploads\/2022\/09\/PASSAGE-BANDE-CC-EDF-CORDEMAIS-copie.jpg 1588w\" sizes=\"auto, (max-width: 1024px) 100vw, 1024px\" \/><\/figure><div class=\"wp-block-media-text__content\">\n<h2 class=\"ghostkit-custom-Z1P22Pk wp-block-heading\">La maintenance curative chez NETCO<\/h2>\n\n\n\n<p><strong>Votre appel mobilise nos \u00e9quipes afin de pouvoir : <\/strong><\/p>\n\n\n\n<p>Prendre en compte et analyser vos besoins lors de votre appel <br>V\u00e9rifier l\u2019historique de nos interventions sur l&rsquo;\u00e9quipement concern\u00e9<br>Analyser avec vous le degr\u00e9 d&rsquo;urgence de notre intervention  <\/p>\n\n\n\n<p><br>Envoyer nos \u00e9quipes avec le maximum d&rsquo;informations sur les sp\u00e9cificit\u00e9s de votre installation <br>Rester en contact via notre programme \u00ab\u00a0e-Prod\u00a0\u00bb avec nos techniciens sur le d\u00e9roulement de l&rsquo;intervention <\/p>\n\n\n\n<p><br>Effectuer les contr\u00f4les et la r\u00e9alisation des essais \u00e0 vide et en charge si possible avec vos \u00e9quipes.<br>Editer un rapport d&rsquo;intervention avec votre niveau de satisfaction mesurable <\/p>\n<\/div><\/div>\n<\/div>\n<\/div><\/div>\n<\/div>\n\n\n\n<div class=\"wp-block-group is-style-lightgray-section is-layout-flow wp-block-group-is-layout-flow\">\n<h2 class=\"has-text-align-center wp-block-heading\">NETCO fait la diff\u00e9rence<\/h2>\n\n\n\n<p class=\"has-text-align-center\">Notre engagement est de vous&nbsp;garantir la continuit\u00e9 de fonctionnement&nbsp;de vos convoyeurs par&nbsp;des interventions pr\u00e9ventives&nbsp;optimis\u00e9es<\/p>\n\n\n\n<div class=\"wp-block-group is-style-services is-layout-flow wp-block-group-is-layout-flow\">\n<div class=\"wp-block-group is-layout-flow wp-block-group-is-layout-flow\">\n<p>Raison n\u00b01<\/p>\n\n\n\n<p>Nos collaborateurs sp\u00e9cialistes, hautement qualifi\u00e9s et form\u00e9s sont disponibles 24\/7 !<\/p>\n<\/div>\n\n\n\n<div class=\"wp-block-group is-layout-flow wp-block-group-is-layout-flow\">\n<p>Raison n\u00b02<\/p>\n\n\n\n<p>Acc\u00e8s \u00e0 toutes les gammes avec une logistique performante et une ind\u00e9pendance technique<\/p>\n<\/div>\n\n\n\n<div class=\"wp-block-group is-layout-flow wp-block-group-is-layout-flow\">\n<p>Raison n\u00b03<\/p>\n\n\n\n<p>Interventions 24\/7 sur tous vos sites d\u2019exploitation&nbsp;<\/p>\n<\/div>\n\n\n\n<div class=\"wp-block-group is-layout-flow wp-block-group-is-layout-flow\">\n<p>Raison n\u00b04<\/p>\n\n\n\n<p>Plus de 120 ans d\u2019exp\u00e9rience et d\u2019expertise que nous partageons avec nos clients.<\/p>\n<\/div>\n<\/div>\n<\/div>\n","protected":false},"excerpt":{"rendered":"<p>Nos programmes de Maintenance des convoyeurs Sur la base&nbsp;d&rsquo;audits techniques de vos installations, NETCO s\u2019engage \u00e0&nbsp;garantir la continuit\u00e9 du fonctionnement&nbsp;de vos convoyeurs par&nbsp;des interventions pr\u00e9ventives&nbsp;sur vos lignes de productions.&nbsp; D\u00e9couvrez sans attendre via notre programme e-Prod dont sont \u00e9quip\u00e9s tous nos techniciens notre process de maintenance&nbsp;pr\u00e9ventive des convoyeurs lors d&rsquo;arr\u00eats programm\u00e9s. Avec ses \u00e9quipes NETCO [&hellip;]<\/p>\n","protected":false},"author":1,"featured_media":2593,"parent":80,"menu_order":0,"comment_status":"closed","ping_status":"closed","template":"","meta":{"_editorskit_title_hidden":false,"_editorskit_reading_time":2,"_editorskit_is_block_options_detached":false,"_editorskit_block_options_position":"{}","ghostkit_customizer_options":"","ghostkit_custom_css":"","ghostkit_custom_js_head":"","ghostkit_custom_js_foot":"","ghostkit_typography":"","slim_seo":{"title":"Maintenance des syst\u00e8mes de convoyage - Travaux neufs","description":"Nos programmes de Maintenance des convoyeurs Sur la base&nbsp;d'audits techniques de vos installations, NETCO s\u2019engage \u00e0&nbsp;garantir la continuit\u00e9 du fonction"},"footnotes":""},"class_list":["post-914","page","type-page","status-publish","has-post-thumbnail","hentry"],"_links":{"self":[{"href":"https:\/\/travauxneufs.lasolutionglobale.eu\/fr\/wp-json\/wp\/v2\/pages\/914","targetHints":{"allow":["GET"]}}],"collection":[{"href":"https:\/\/travauxneufs.lasolutionglobale.eu\/fr\/wp-json\/wp\/v2\/pages"}],"about":[{"href":"https:\/\/travauxneufs.lasolutionglobale.eu\/fr\/wp-json\/wp\/v2\/types\/page"}],"author":[{"embeddable":true,"href":"https:\/\/travauxneufs.lasolutionglobale.eu\/fr\/wp-json\/wp\/v2\/users\/1"}],"replies":[{"embeddable":true,"href":"https:\/\/travauxneufs.lasolutionglobale.eu\/fr\/wp-json\/wp\/v2\/comments?post=914"}],"version-history":[{"count":76,"href":"https:\/\/travauxneufs.lasolutionglobale.eu\/fr\/wp-json\/wp\/v2\/pages\/914\/revisions"}],"predecessor-version":[{"id":5124,"href":"https:\/\/travauxneufs.lasolutionglobale.eu\/fr\/wp-json\/wp\/v2\/pages\/914\/revisions\/5124"}],"up":[{"embeddable":true,"href":"https:\/\/travauxneufs.lasolutionglobale.eu\/fr\/wp-json\/wp\/v2\/pages\/80"}],"wp:featuredmedia":[{"embeddable":true,"href":"https:\/\/travauxneufs.lasolutionglobale.eu\/fr\/wp-json\/wp\/v2\/media\/2593"}],"wp:attachment":[{"href":"https:\/\/travauxneufs.lasolutionglobale.eu\/fr\/wp-json\/wp\/v2\/media?parent=914"}],"curies":[{"name":"wp","href":"https:\/\/api.w.org\/{rel}","templated":true}]}}