{"id":88,"date":"2022-04-12T14:26:06","date_gmt":"2022-04-12T12:26:06","guid":{"rendered":"https:\/\/netco.lasolutionglobale.be\/?page_id=88"},"modified":"2022-12-20T12:18:53","modified_gmt":"2022-12-20T11:18:53","slug":"environnement-et-valorisation-des-dechets","status":"publish","type":"page","link":"https:\/\/travauxneufs.lasolutionglobale.eu\/fr\/secteurs-dactivites\/environnement-et-valorisation-des-dechets","title":{"rendered":"Environnement et valorisation des d\u00e9chets"},"content":{"rendered":"<nav class=\"is-vertical is-style-netco wp-block-navigation is-layout-flex wp-container-core-navigation-is-layout-8cf370e7 wp-block-navigation-is-layout-flex\" aria-label=\"Secteurs d&#039;activit\u00e9s FR\"><ul class=\"wp-block-navigation__container  is-vertical is-style-netco wp-block-navigation\"><li class=\" wp-block-navigation-item wp-block-navigation-link\"><a class=\"wp-block-navigation-item__content\"  href=\"https:\/\/travauxneufs.lasolutionglobale.eu\/secteurs-dactivites\/environnement-et-valorisation-des-dechets\"><span class=\"wp-block-navigation-item__label\">Environnement et valorisation des d\u00e9chets<\/span><\/a><\/li><li class=\" wp-block-navigation-item wp-block-navigation-link\"><a class=\"wp-block-navigation-item__content\"  href=\"https:\/\/travauxneufs.lasolutionglobale.eu\/secteurs-dactivites\/logistique\"><span class=\"wp-block-navigation-item__label\">Logistique<\/span><\/a><\/li><li class=\" wp-block-navigation-item wp-block-navigation-link\"><a class=\"wp-block-navigation-item__content\"  href=\"https:\/\/travauxneufs.lasolutionglobale.eu\/secteurs-dactivites\/agroalimentaire\"><span class=\"wp-block-navigation-item__label\">Agroalimentaire<\/span><\/a><\/li><li class=\" wp-block-navigation-item wp-block-navigation-link\"><a class=\"wp-block-navigation-item__content\"  href=\"https:\/\/travauxneufs.lasolutionglobale.eu\/secteurs-dactivites\/energie\"><span class=\"wp-block-navigation-item__label\">Energie<\/span><\/a><\/li><li class=\" wp-block-navigation-item wp-block-navigation-link\"><a class=\"wp-block-navigation-item__content\"  href=\"https:\/\/travauxneufs.lasolutionglobale.eu\/secteurs-dactivites\/industrie-minerale-carriere-sabliere\"><span class=\"wp-block-navigation-item__label\">Industrie min\u00e9rale, carri\u00e8re, sabli\u00e8re<\/span><\/a><\/li><li class=\" wp-block-navigation-item wp-block-navigation-link\"><a class=\"wp-block-navigation-item__content\"  href=\"https:\/\/travauxneufs.lasolutionglobale.eu\/secteurs-dactivites\/chimie-et-pharmaceutique\"><span class=\"wp-block-navigation-item__label\">Chimie et pharmaceutique<\/span><\/a><\/li><li class=\" wp-block-navigation-item wp-block-navigation-link\"><a class=\"wp-block-navigation-item__content\"  href=\"https:\/\/travauxneufs.lasolutionglobale.eu\/secteurs-dactivites\/industrie-bois-et-derives\"><span class=\"wp-block-navigation-item__label\">Industrie bois et d\u00e9riv\u00e9s<\/span><\/a><\/li><li class=\" wp-block-navigation-item wp-block-navigation-link\"><a class=\"wp-block-navigation-item__content\"  href=\"https:\/\/travauxneufs.lasolutionglobale.eu\/secteurs-dactivites\/siderurgie-metallurgie\"><span class=\"wp-block-navigation-item__label\">Sid\u00e9rurgie, m\u00e9tallurgie<\/span><\/a><\/li><li class=\" wp-block-navigation-item wp-block-navigation-link\"><a class=\"wp-block-navigation-item__content\"  href=\"https:\/\/travauxneufs.lasolutionglobale.eu\/secteurs-dactivites\/machines-agricoles\"><span class=\"wp-block-navigation-item__label\">Machines agricoles<\/span><\/a><\/li><\/ul><\/nav>\n\n\n<h6 class=\"wp-block-heading\">Notre savoir-faire par activit\u00e9<\/h6>\n\n\n\n<h2 class=\"wp-block-heading\">Environnement et valorisation des d\u00e9chets<\/h2>\n\n\n\n<p>La croissance d\u00e9mographique ajout\u00e9e aux enjeux environnementaux actuels, impliquent une augmentation croissante des volumes de d\u00e9chets \u00e0 trier et \u00e0 revaloriser.<br>Les contraintes exerc\u00e9es sur les lignes de convoyeurs dans les centres de tri et de recyclage sont donc de plus en plus importantes.<\/p>\n\n\n\n<p>De par son exp\u00e9rience NETCO a d\u00e9velopp\u00e9 des process adapt\u00e9s et r\u00e9pondant aux besoins sp\u00e9cifiques en travaillant \u00e9troitement avec ses clients pour fournir les produits et les solutions les mieux appropri\u00e9s \u00e0 cet enjeu important.<\/p>\n\n\n\n<p>NETCO fait la diff\u00e9rence aupr\u00e8s de clients et partenaires historiques.<\/p>\n\n\n\n<div style=\"height:4rem\" aria-hidden=\"true\" class=\"wp-block-spacer\"><\/div>\n\n\n\n<figure class=\"wp-block-video\"><video height=\"1440\" style=\"aspect-ratio: 2560 \/ 1440;\" width=\"2560\" autoplay controls muted src=\"https:\/\/travauxneufs.lasolutionglobale.eu\/wp-content\/uploads\/2022\/09\/Untitled.mp4\"><\/video><\/figure>\n\n\n\n<div style=\"height:4rem\" aria-hidden=\"true\" class=\"wp-block-spacer\"><\/div>\n\n\n\n<div class=\"wp-block-group is-style-lightgray-section editorskit-no-mobile is-layout-flow wp-block-group-is-layout-flow\">\n<h2 class=\"has-text-align-center wp-block-heading\">NETCO fait la diff\u00e9rence<\/h2>\n\n\n\n<p class=\"has-text-align-center\">Nos principaux atouts qui vous assurent une prestation de haute qualit\u00e9 :<\/p>\n\n\n\n<div class=\"wp-block-group is-style-services is-layout-flow wp-block-group-is-layout-flow\">\n<div class=\"wp-block-group is-layout-flow wp-block-group-is-layout-flow\">\n<p>Raison n\u00b01<\/p>\n\n\n\n<p>Acc\u00e8s \u00e0 toutes les gammes avec une logistique performante et une ind\u00e9pendance technique<\/p>\n<\/div>\n\n\n\n<div class=\"wp-block-group is-layout-flow wp-block-group-is-layout-flow\">\n<p>Raison n\u00b02<\/p>\n\n\n\n<p>Des \u00e9quipes d\u00e9di\u00e9es et form\u00e9es \u00e0 l\u2019univers du recyclage industriel<\/p>\n<\/div>\n\n\n\n<div class=\"wp-block-group is-layout-flow wp-block-group-is-layout-flow\">\n<p>Raison n\u00b03<\/p>\n\n\n\n<p>Plus de 120 ans d\u2019exp\u00e9rience et d\u2019expertise que nous partageons avec nos clients.<\/p>\n<\/div>\n\n\n\n<div class=\"wp-block-group is-layout-flow wp-block-group-is-layout-flow\">\n<p>Raison n\u00b04<\/p>\n\n\n\n<p>Nos collaborateurs sp\u00e9cialistes, hautement qualifi\u00e9s et form\u00e9s sont disponibles 24\/7 !<\/p>\n<\/div>\n<\/div>\n<\/div>\n\n\n\n<div style=\"height:2rem\" aria-hidden=\"true\" class=\"wp-block-spacer\"><\/div>\n","protected":false},"excerpt":{"rendered":"<p>Notre savoir-faire par activit\u00e9 Environnement et valorisation des d\u00e9chets La croissance d\u00e9mographique ajout\u00e9e aux enjeux environnementaux actuels, impliquent une augmentation croissante des volumes de d\u00e9chets \u00e0 trier et \u00e0 revaloriser.Les contraintes exerc\u00e9es sur les lignes de convoyeurs dans les centres de tri et de recyclage sont donc de plus en plus importantes. De par son [&hellip;]<\/p>\n","protected":false},"author":1,"featured_media":1907,"parent":46,"menu_order":0,"comment_status":"closed","ping_status":"closed","template":"","meta":{"_editorskit_title_hidden":false,"_editorskit_reading_time":1,"_editorskit_is_block_options_detached":false,"_editorskit_block_options_position":"{}","ghostkit_customizer_options":"","ghostkit_custom_css":"","ghostkit_custom_js_head":"","ghostkit_custom_js_foot":"","ghostkit_typography":"","slim_seo":{"title":"Environnement et valorisation des d\u00e9chets","description":"Notre savoir-faire par activit\u00e9 Environnement et valorisation des d\u00e9chets La croissance d\u00e9mographique ajout\u00e9e aux enjeux environnementaux actuels, impliquent un"},"footnotes":""},"class_list":["post-88","page","type-page","status-publish","has-post-thumbnail","hentry"],"_links":{"self":[{"href":"https:\/\/travauxneufs.lasolutionglobale.eu\/fr\/wp-json\/wp\/v2\/pages\/88","targetHints":{"allow":["GET"]}}],"collection":[{"href":"https:\/\/travauxneufs.lasolutionglobale.eu\/fr\/wp-json\/wp\/v2\/pages"}],"about":[{"href":"https:\/\/travauxneufs.lasolutionglobale.eu\/fr\/wp-json\/wp\/v2\/types\/page"}],"author":[{"embeddable":true,"href":"https:\/\/travauxneufs.lasolutionglobale.eu\/fr\/wp-json\/wp\/v2\/users\/1"}],"replies":[{"embeddable":true,"href":"https:\/\/travauxneufs.lasolutionglobale.eu\/fr\/wp-json\/wp\/v2\/comments?post=88"}],"version-history":[{"count":31,"href":"https:\/\/travauxneufs.lasolutionglobale.eu\/fr\/wp-json\/wp\/v2\/pages\/88\/revisions"}],"predecessor-version":[{"id":5630,"href":"https:\/\/travauxneufs.lasolutionglobale.eu\/fr\/wp-json\/wp\/v2\/pages\/88\/revisions\/5630"}],"up":[{"embeddable":true,"href":"https:\/\/travauxneufs.lasolutionglobale.eu\/fr\/wp-json\/wp\/v2\/pages\/46"}],"wp:featuredmedia":[{"embeddable":true,"href":"https:\/\/travauxneufs.lasolutionglobale.eu\/fr\/wp-json\/wp\/v2\/media\/1907"}],"wp:attachment":[{"href":"https:\/\/travauxneufs.lasolutionglobale.eu\/fr\/wp-json\/wp\/v2\/media?parent=88"}],"curies":[{"name":"wp","href":"https:\/\/api.w.org\/{rel}","templated":true}]}}