{"id":82,"date":"2022-04-12T14:25:13","date_gmt":"2022-04-12T12:25:13","guid":{"rendered":"https:\/\/netco.lasolutionglobale.be\/?page_id=82"},"modified":"2022-10-05T12:53:24","modified_gmt":"2022-10-05T10:53:24","slug":"produits","status":"publish","type":"page","link":"https:\/\/travauxneufs.lasolutionglobale.eu\/fr\/services-et-produits\/produits","title":{"rendered":"Produits"},"content":{"rendered":"\n<h6 class=\"has-text-align-center wp-block-heading\">Produits<\/h6>\n\n\n\n<h2 class=\"has-text-align-center wp-block-heading\">Une offre produits compl\u00e8te avec du stock<br>et un acc\u00e8s \u00e0 toutes les gammes fabricants<\/h2>\n\n\n<nav class=\"netco-menus\" menu=\"produits-fr\"><a href=\"https:\/\/travauxneufs.lasolutionglobale.eu\/fr\/services-et-produits\/produits\/manutention-lourde\"><div class=\"thumbnail\" ><img decoding=\"async\" src=\"https:\/\/travauxneufs.lasolutionglobale.eu\/wp-content\/uploads\/2022\/09\/iStock-1211817688-1024x683.jpg\"\/><\/div><div class=\"title\">Manutention lourde<\/div><\/a><a href=\"https:\/\/travauxneufs.lasolutionglobale.eu\/fr\/services-et-produits\/produits\/manutention-legere\"><div class=\"thumbnail\" ><img decoding=\"async\" src=\"https:\/\/travauxneufs.lasolutionglobale.eu\/wp-content\/uploads\/2022\/09\/iStock-1399521591-1024x681.jpg\"\/><\/div><div class=\"title\">Manutention l\u00e9g\u00e8re<\/div><\/a><a href=\"https:\/\/travauxneufs.lasolutionglobale.eu\/fr\/services-et-produits\/produits\/transporteurs-a-chaine\"><div class=\"thumbnail\" ><img decoding=\"async\" src=\"https:\/\/travauxneufs.lasolutionglobale.eu\/wp-content\/uploads\/2022\/09\/Fimurex-2-1024x423.jpg\"\/><\/div><div class=\"title\">Transporteurs \u00e0 cha\u00eenes<\/div><\/a><a href=\"https:\/\/travauxneufs.lasolutionglobale.eu\/fr\/services-et-produits\/produits\/elevateurs-a-godets\"><div class=\"thumbnail\" ><img decoding=\"async\" src=\"https:\/\/travauxneufs.lasolutionglobale.eu\/wp-content\/uploads\/2022\/09\/Capture-decran-2022-09-15-a-20.21.37-1024x630.png\"\/><\/div><div class=\"title\">\u00c9l\u00e9vateurs \u00e0 godets<\/div><\/a><a href=\"https:\/\/travauxneufs.lasolutionglobale.eu\/fr\/services-et-produits\/produits\/convoyeurs-a-vis\"><div class=\"thumbnail\" ><img decoding=\"async\" src=\"https:\/\/travauxneufs.lasolutionglobale.eu\/wp-content\/uploads\/2022\/07\/convoyeur-a-vis-1024x673.png\"\/><\/div><div class=\"title\">Convoyeurs \u00e0 vis<\/div><\/a><\/nav>\n","protected":false},"excerpt":{"rendered":"<p>Produits Une offre produits compl\u00e8te avec du stocket un acc\u00e8s \u00e0 toutes les gammes fabricants<\/p>\n","protected":false},"author":1,"featured_media":2655,"parent":44,"menu_order":0,"comment_status":"closed","ping_status":"closed","template":"","meta":{"_editorskit_title_hidden":false,"_editorskit_reading_time":1,"_editorskit_is_block_options_detached":false,"_editorskit_block_options_position":"{}","ghostkit_customizer_options":"","ghostkit_custom_css":"","ghostkit_custom_js_head":"","ghostkit_custom_js_foot":"","ghostkit_typography":"","slim_seo":{"title":"Produits - Travaux neufs","description":"Produits Une offre produits compl\u00e8te avec du stock et un acc\u00e8s \u00e0 toutes les gammes fabricants"},"footnotes":""},"class_list":["post-82","page","type-page","status-publish","has-post-thumbnail","hentry"],"_links":{"self":[{"href":"https:\/\/travauxneufs.lasolutionglobale.eu\/fr\/wp-json\/wp\/v2\/pages\/82","targetHints":{"allow":["GET"]}}],"collection":[{"href":"https:\/\/travauxneufs.lasolutionglobale.eu\/fr\/wp-json\/wp\/v2\/pages"}],"about":[{"href":"https:\/\/travauxneufs.lasolutionglobale.eu\/fr\/wp-json\/wp\/v2\/types\/page"}],"author":[{"embeddable":true,"href":"https:\/\/travauxneufs.lasolutionglobale.eu\/fr\/wp-json\/wp\/v2\/users\/1"}],"replies":[{"embeddable":true,"href":"https:\/\/travauxneufs.lasolutionglobale.eu\/fr\/wp-json\/wp\/v2\/comments?post=82"}],"version-history":[{"count":8,"href":"https:\/\/travauxneufs.lasolutionglobale.eu\/fr\/wp-json\/wp\/v2\/pages\/82\/revisions"}],"predecessor-version":[{"id":4380,"href":"https:\/\/travauxneufs.lasolutionglobale.eu\/fr\/wp-json\/wp\/v2\/pages\/82\/revisions\/4380"}],"up":[{"embeddable":true,"href":"https:\/\/travauxneufs.lasolutionglobale.eu\/fr\/wp-json\/wp\/v2\/pages\/44"}],"wp:featuredmedia":[{"embeddable":true,"href":"https:\/\/travauxneufs.lasolutionglobale.eu\/fr\/wp-json\/wp\/v2\/media\/2655"}],"wp:attachment":[{"href":"https:\/\/travauxneufs.lasolutionglobale.eu\/fr\/wp-json\/wp\/v2\/media?parent=82"}],"curies":[{"name":"wp","href":"https:\/\/api.w.org\/{rel}","templated":true}]}}