{"id":80,"date":"2022-04-12T14:25:05","date_gmt":"2022-04-12T12:25:05","guid":{"rendered":"https:\/\/netco.lasolutionglobale.be\/?page_id=80"},"modified":"2022-10-05T12:51:27","modified_gmt":"2022-10-05T10:51:27","slug":"services-maintenance","status":"publish","type":"page","link":"https:\/\/travauxneufs.lasolutionglobale.eu\/fr\/services-et-produits\/services-maintenance","title":{"rendered":"Services &#038; Maintenance"},"content":{"rendered":"\n<h6 class=\"has-text-align-center wp-block-heading\">Services \/ Maintenance<\/h6>\n\n\n\n<h2 class=\"has-text-align-center wp-block-heading\">Une approche globale pour<br>une gamme de services compl\u00e8te<\/h2>\n\n\n<nav class=\"netco-menus\" menu=\"services-maintenance-fr\"><a href=\"https:\/\/travauxneufs.lasolutionglobale.eu\/fr\/services-et-produits\/services-maintenance\/maintenance-des-systemes-de-convoyage\"><div class=\"thumbnail\" ><img decoding=\"async\" src=\"https:\/\/travauxneufs.lasolutionglobale.eu\/wp-content\/uploads\/2022\/09\/iStock-1128910214-1-1024x683.jpg\"\/><\/div><div class=\"title\">Maintenance des syst\u00e8mes de convoyage<\/div><\/a><a href=\"https:\/\/travauxneufs.lasolutionglobale.eu\/fr\/services-et-produits\/services-maintenance\/service-depannage-24h-24\"><div class=\"thumbnail\" ><img decoding=\"async\" src=\"https:\/\/travauxneufs.lasolutionglobale.eu\/wp-content\/uploads\/2022\/09\/iStock-498256540-683x1024.jpg\"\/><\/div><div class=\"title\">Service d\u00e9pannage 24\/7<\/div><\/a><a href=\"https:\/\/travauxneufs.lasolutionglobale.eu\/fr\/services-et-produits\/services-maintenance\/solutions-logistiques-et-approvisionnement\"><div class=\"thumbnail\" ><img decoding=\"async\" src=\"https:\/\/travauxneufs.lasolutionglobale.eu\/wp-content\/uploads\/2022\/09\/iStock-1401249687-1024x467.jpg\"\/><\/div><div class=\"title\">Logistique et approvisionnements<\/div><\/a><a href=\"https:\/\/travauxneufs.lasolutionglobale.eu\/fr\/services-et-produits\/services-maintenance\/optimisation-energetique\"><div class=\"thumbnail\" ><img decoding=\"async\" src=\"https:\/\/travauxneufs.lasolutionglobale.eu\/wp-content\/uploads\/2022\/09\/iStock-1224034113-1024x576.jpg\"\/><\/div><div class=\"title\">Optimisation \u00e9nerg\u00e9tique &#038; r\u00e9duction des co\u00fbts<\/div><\/a><a href=\"https:\/\/travauxneufs.lasolutionglobale.eu\/fr\/services-et-produits\/services-maintenance\/decolmatage-de-tremies-et-silos\"><div class=\"thumbnail\" ><img decoding=\"async\" src=\"https:\/\/travauxneufs.lasolutionglobale.eu\/wp-content\/uploads\/2022\/10\/iStock-182467528-1024x681.jpg\"\/><\/div><div class=\"title\">D\u00e9colmatage de tr\u00e9mies et silos<\/div><\/a><a href=\"https:\/\/travauxneufs.lasolutionglobale.eu\/fr\/services-et-produits\/services-maintenance\/formation-aux-reglages\"><div class=\"thumbnail\" ><img decoding=\"async\" src=\"https:\/\/travauxneufs.lasolutionglobale.eu\/wp-content\/uploads\/2022\/09\/iStock-1208704318-1024x681.jpg\"\/><\/div><div class=\"title\">Formation aux r\u00e9glages<\/div><\/a><a href=\"https:\/\/travauxneufs.lasolutionglobale.eu\/fr\/services-et-produits\/services-maintenance\/capacite-intervention-moyens-humains-et-materiel\"><div class=\"thumbnail\" ><img decoding=\"async\" src=\"https:\/\/travauxneufs.lasolutionglobale.eu\/wp-content\/uploads\/2022\/09\/iStock-457978497-1024x674.jpg\"\/><\/div><div class=\"title\">Capacit\u00e9 d\u2019intervention<\/div><\/a><a href=\"https:\/\/travauxneufs.lasolutionglobale.eu\/fr\/services-et-produits\/services-maintenance\/audit-des-installations\"><div class=\"thumbnail\" ><img decoding=\"async\" src=\"https:\/\/travauxneufs.lasolutionglobale.eu\/wp-content\/uploads\/2022\/09\/iStock-1216709844-1024x683.jpg\"\/><\/div><div class=\"title\">Audit des installations<\/div><\/a><a href=\"https:\/\/travauxneufs.lasolutionglobale.eu\/fr\/services-et-produits\/services-maintenance\/optimisation-taux-de-disponibilite\"><div class=\"thumbnail\" ><img decoding=\"async\" src=\"https:\/\/travauxneufs.lasolutionglobale.eu\/wp-content\/uploads\/2022\/09\/iStock-530203206-1024x683.jpg\"\/><\/div><div class=\"title\">Optimisation taux de disponibilit\u00e9<\/div><\/a><a href=\"https:\/\/travauxneufs.lasolutionglobale.eu\/fr\/services-et-produits\/services-maintenance\/modification-convoyeurs\"><div class=\"thumbnail\" ><img decoding=\"async\" src=\"https:\/\/travauxneufs.lasolutionglobale.eu\/wp-content\/uploads\/2022\/09\/iStock-1127550848-1024x683.jpg\"\/><\/div><div class=\"title\">Modification convoyeurs<\/div><\/a><a href=\"https:\/\/travauxneufs.lasolutionglobale.eu\/fr\/services-et-produits\/services-maintenance\/mise-aux-normes-securite-des-convoyeurs\"><div class=\"thumbnail\" ><img decoding=\"async\" src=\"https:\/\/travauxneufs.lasolutionglobale.eu\/wp-content\/uploads\/2022\/09\/iStock-1311261792-1024x683.jpg\"\/><\/div><div class=\"title\">Normes &#038; s\u00e9curit\u00e9 des convoyeurs<\/div><\/a><a href=\"https:\/\/travauxneufs.lasolutionglobale.eu\/fr\/services-et-produits\/services-maintenance\/transformation-dans-nos-ateliers\"><div class=\"thumbnail\" ><img decoding=\"async\" src=\"https:\/\/travauxneufs.lasolutionglobale.eu\/wp-content\/uploads\/2022\/09\/iStock-1131418098-1024x683.jpg\"\/><\/div><div class=\"title\">Transformation dans nos ateliers<\/div><\/a><a href=\"https:\/\/travauxneufs.lasolutionglobale.eu\/fr\/services-et-produits\/services-maintenance\/garnissage-et-blindage\"><div class=\"thumbnail\" ><img decoding=\"async\" src=\"https:\/\/travauxneufs.lasolutionglobale.eu\/wp-content\/uploads\/2022\/09\/IMG_20200822_124527-1024x768.jpg\"\/><\/div><div class=\"title\">Garnissage et blindage<\/div><\/a><\/nav>\n","protected":false},"excerpt":{"rendered":"<p>Services \/ Maintenance Une approche globale pourune gamme de services compl\u00e8te<\/p>\n","protected":false},"author":1,"featured_media":881,"parent":44,"menu_order":0,"comment_status":"closed","ping_status":"closed","template":"","meta":{"_editorskit_title_hidden":false,"_editorskit_reading_time":1,"_editorskit_is_block_options_detached":false,"_editorskit_block_options_position":"{}","ghostkit_customizer_options":"","ghostkit_custom_css":"","ghostkit_custom_js_head":"","ghostkit_custom_js_foot":"","ghostkit_typography":"","slim_seo":{"title":"Services & Maintenance - Travaux neufs","description":"Services \/ Maintenance Une approche globale pour une gamme de services compl\u00e8te"},"footnotes":""},"class_list":["post-80","page","type-page","status-publish","has-post-thumbnail","hentry"],"_links":{"self":[{"href":"https:\/\/travauxneufs.lasolutionglobale.eu\/fr\/wp-json\/wp\/v2\/pages\/80","targetHints":{"allow":["GET"]}}],"collection":[{"href":"https:\/\/travauxneufs.lasolutionglobale.eu\/fr\/wp-json\/wp\/v2\/pages"}],"about":[{"href":"https:\/\/travauxneufs.lasolutionglobale.eu\/fr\/wp-json\/wp\/v2\/types\/page"}],"author":[{"embeddable":true,"href":"https:\/\/travauxneufs.lasolutionglobale.eu\/fr\/wp-json\/wp\/v2\/users\/1"}],"replies":[{"embeddable":true,"href":"https:\/\/travauxneufs.lasolutionglobale.eu\/fr\/wp-json\/wp\/v2\/comments?post=80"}],"version-history":[{"count":13,"href":"https:\/\/travauxneufs.lasolutionglobale.eu\/fr\/wp-json\/wp\/v2\/pages\/80\/revisions"}],"predecessor-version":[{"id":4379,"href":"https:\/\/travauxneufs.lasolutionglobale.eu\/fr\/wp-json\/wp\/v2\/pages\/80\/revisions\/4379"}],"up":[{"embeddable":true,"href":"https:\/\/travauxneufs.lasolutionglobale.eu\/fr\/wp-json\/wp\/v2\/pages\/44"}],"wp:featuredmedia":[{"embeddable":true,"href":"https:\/\/travauxneufs.lasolutionglobale.eu\/fr\/wp-json\/wp\/v2\/media\/881"}],"wp:attachment":[{"href":"https:\/\/travauxneufs.lasolutionglobale.eu\/fr\/wp-json\/wp\/v2\/media?parent=80"}],"curies":[{"name":"wp","href":"https:\/\/api.w.org\/{rel}","templated":true}]}}