{"id":630,"date":"2022-07-06T09:50:50","date_gmt":"2022-07-06T07:50:50","guid":{"rendered":"https:\/\/netco.lasolutionglobale.be\/?page_id=630"},"modified":"2025-06-05T08:51:59","modified_gmt":"2025-06-05T06:51:59","slug":"formation-aux-reglages","status":"publish","type":"page","link":"https:\/\/travauxneufs.lasolutionglobale.eu\/fr\/services-et-produits\/services-maintenance\/formation-aux-reglages","title":{"rendered":"Formation aux r\u00e9glages"},"content":{"rendered":"\n<div class=\"wp-block-group is-style-white-section-yellow-shadow is-layout-flow wp-block-group-is-layout-flow\"><nav class=\"breadcrumbs\" aria-label=\"Fil d\u2019Ariane\"><a href=\"https:\/\/travauxneufs.lasolutionglobale.eu\/fr\" class=\"breadcrumb breadcrumb--first\">Accueil<\/a><\/nav>\n\n\n\n<h2 class=\"wp-block-heading\" id=\"netco-organisme-de-formation-professionnelle\">NETCO, organisme de formation professionnelle<\/h2>\n\n\n\n<p>NETCO dispense&nbsp;des formations visant au d\u00e9veloppement des comp\u00e9tences&nbsp;sur l&rsquo;ensemble du territoire national<br>(N\u00b0 de d\u00e9claration d&rsquo;activit\u00e9 72.33.06767.33).&nbsp;&nbsp;<\/p>\n\n\n\n<div style=\"height:18px\" aria-hidden=\"true\" class=\"wp-block-spacer\"><\/div>\n\n\n\n<p>Ces formations sont destin\u00e9es \u00e0&nbsp;toutes les industries&nbsp;et soci\u00e9t\u00e9s utilisatrices de syst\u00e8mes de convoyeurs \u00e0 bandes et \u00e0 rouleaux.<br>Ces formations&nbsp;sont&nbsp;dispens\u00e9es par les responsables techniques de NETCO.<br>Chaque formation est adapt\u00e9e aux priorit\u00e9s et besoins des clients.<\/p>\n\n\n\n<div style=\"height:1rem\" aria-hidden=\"true\" class=\"wp-block-spacer\"><\/div>\n\n\n\n<h2 class=\"wp-block-heading\" id=\"formation-aux-reglages-des-convoyeurs-a-bande-textile\">Formation aux r\u00e9glages des convoyeurs \u00e0 bande textile<\/h2>\n\n\n\n<ul class=\"wp-block-list\">\n<li>Former vos \u00e9quipes op\u00e9rationnelles aux risques que repr\u00e9sentent les convoyeurs<\/li>\n\n\n\n<li>Comprendre le fonctionnement et le comportement d&rsquo;une bande transporteuse dans son environnement<\/li>\n\n\n\n<li>Savoir r\u00e9gler un convoyeur&nbsp;<\/li>\n\n\n\n<li>Comprendre et \u00e9viter les d\u00e9faillances li\u00e9es \u00e0 une mauvaise utilisation ou un mauvais r\u00e9glage<\/li>\n<\/ul>\n\n\n\n<p>La formation NETCO aux r\u00e9glages des convoyeurs se d\u00e9roule de la fa\u00e7on suivante&nbsp;:<\/p>\n\n\n\n<ul class=\"wp-block-list\">\n<li>Dur\u00e9e&nbsp;de la formation : 7 heures&nbsp; &#8211; Jusqu&rsquo;\u00e0 10 participants<\/li>\n\n\n\n<li>Cours th\u00e9orique sur les diff\u00e9rents types de convoyeurs et r\u00e9glages n\u00e9cessaires pour un fonctionnement optimal<\/li>\n\n\n\n<li>Cours pratique sur les installations du client<\/li>\n\n\n\n<li>Remise d\u2019un&nbsp;support p\u00e9dagogique pour chaque participant<\/li>\n<\/ul>\n\n\n\n<div style=\"height:23px\" aria-hidden=\"true\" class=\"wp-block-spacer\"><\/div>\n\n\n\n<h4 class=\"wp-block-heading\" id=\"demande-d-informations\">Demande d&rsquo;informations : <\/h4>\n\n\n\n<p><br>Pour toute demande concernant la formation\u00a0(programme d\u00e9taill\u00e9, tarifs, Conditions G\u00e9n\u00e9rales de Vente, R\u00e8glement int\u00e9rieur, accessibilit\u00e9 des personnes en situation de handicap&#8230;), n&rsquo;h\u00e9sitez pas \u00e0 nous \u00e9crire : <a href=\"mailto:formation.netco@netco-sas.com\" target=\"_blank\" rel=\"noopener\" title=\"\">formation.netco@netco-sas.com<\/a><\/p>\n<\/div>\n\n\n\n<div style=\"height:0px\" aria-hidden=\"true\" class=\"wp-block-spacer\"><\/div>\n\n\n\n<div style=\"height:32px\" aria-hidden=\"true\" class=\"wp-block-spacer\"><\/div>\n\n\n\n<div class=\"wp-block-columns is-layout-flex wp-container-core-columns-is-layout-9d6595d7 wp-block-columns-is-layout-flex\">\n<div class=\"wp-block-column is-layout-flow wp-block-column-is-layout-flow\"><\/div>\n\n\n\n<div class=\"wp-block-column is-layout-flow wp-block-column-is-layout-flow\">\n<div class=\"wp-block-columns is-layout-flex wp-container-core-columns-is-layout-9d6595d7 wp-block-columns-is-layout-flex\">\n<div class=\"wp-block-column is-layout-flow wp-block-column-is-layout-flow\">\n<figure data-gkt-effects=\"{&quot;reveal&quot;:{&quot;x&quot;:0,&quot;y&quot;:0,&quot;opacity&quot;:0,&quot;scale&quot;:0.9,&quot;transition&quot;:{&quot;type&quot;:&quot;easing&quot;,&quot;duration&quot;:0.9,&quot;delay&quot;:0,&quot;easing&quot;:[0.5,0,0,1]}}}\" class=\"wp-block-image size-full zoom ghostkit-effects-reveal\"><img loading=\"lazy\" decoding=\"async\" width=\"600\" height=\"500\" src=\"https:\/\/travauxneufs.lasolutionglobale.eu\/wp-content\/uploads\/2023\/04\/5.jpg\" alt=\"5\" class=\"wp-image-5692\" srcset=\"https:\/\/travauxneufs.lasolutionglobale.eu\/wp-content\/uploads\/2023\/04\/5.jpg 600w, https:\/\/travauxneufs.lasolutionglobale.eu\/wp-content\/uploads\/2023\/04\/5-300x250.jpg 300w\" sizes=\"auto, (max-width: 600px) 100vw, 600px\" \/><\/figure>\n<\/div>\n<\/div>\n<\/div>\n\n\n\n<div class=\"wp-block-column is-layout-flow wp-block-column-is-layout-flow\"><\/div>\n\n\n\n<div class=\"wp-block-column is-layout-flow wp-block-column-is-layout-flow\">\n<figure data-gkt-effects=\"{&quot;reveal&quot;:{&quot;x&quot;:0,&quot;y&quot;:0,&quot;opacity&quot;:0,&quot;scale&quot;:0.9,&quot;transition&quot;:{&quot;type&quot;:&quot;easing&quot;,&quot;duration&quot;:0.9,&quot;delay&quot;:0,&quot;easing&quot;:[0.5,0,0,1]}}}\" class=\"wp-block-image size-full zoom ghostkit-effects-reveal\"><img loading=\"lazy\" decoding=\"async\" width=\"600\" height=\"500\" src=\"https:\/\/travauxneufs.lasolutionglobale.eu\/wp-content\/uploads\/2023\/04\/4.jpg\" alt=\"4\" class=\"wp-image-5690\" srcset=\"https:\/\/travauxneufs.lasolutionglobale.eu\/wp-content\/uploads\/2023\/04\/4.jpg 600w, https:\/\/travauxneufs.lasolutionglobale.eu\/wp-content\/uploads\/2023\/04\/4-300x250.jpg 300w\" sizes=\"auto, (max-width: 600px) 100vw, 600px\" \/><\/figure>\n<\/div>\n\n\n\n<div class=\"wp-block-column is-layout-flow wp-block-column-is-layout-flow\"><\/div>\n<\/div>\n\n\n\n<p class=\"has-text-align-center\">*Moyenne sur les 3 derni\u00e8res ann\u00e9es &#8211; Mise \u00e0 jour au 31\/12\/2024<\/p>\n\n\n\n<p><\/p>\n\n\n\n<p><\/p>\n\n\n\n<div class=\"wp-block-group is-style-lightgray-section is-layout-flow wp-block-group-is-layout-flow\">\n<h2 class=\"wp-block-heading has-text-align-center\" id=\"netco-fait-la-difference\">NETCO fait la diff\u00e9rence<\/h2>\n\n\n\n<p class=\"has-text-align-center\">Certifi\u00e9 \u00ab Organisme de formation \u00bb NETCO propose \u00e0 ses clients des formations adapt\u00e9es aux r\u00e9glages et maintenance de leurs convoyeurs.<\/p>\n\n\n\n<div class=\"wp-block-group is-style-services is-layout-flow wp-block-group-is-layout-flow\">\n<div class=\"wp-block-group is-layout-flow wp-block-group-is-layout-flow\">\n<p>Raison n\u00b04<\/p>\n\n\n\n<p>A l\u2019issue de chaque cession de formation NETCO, les stagiaires notent la qualit\u00e9 de formation re\u00e7ue ainsi que leur degr\u00e9s de satisfaction.<\/p>\n<\/div>\n\n\n\n<div class=\"wp-block-group is-layout-flow wp-block-group-is-layout-flow\">\n<p>Raison n\u00b03<\/p>\n\n\n\n<p>NETCO est certifi\u00e9 QUALIOPI sous le N\u00b0 de d\u00e9claration d&rsquo;activit\u00e9 72.33.06767.33 afin de proposer&nbsp;des formations autour du convoyeur.<\/p>\n<\/div>\n\n\n\n<div class=\"wp-block-group is-layout-flow wp-block-group-is-layout-flow\">\n<p>Raison n\u00b01<\/p>\n\n\n\n<p>Fort de ses plus de 120 ans d\u2019exp\u00e9rience NETCO propose de partager son expertise avec ses clients<\/p>\n<\/div>\n<\/div>\n<\/div>\n","protected":false},"excerpt":{"rendered":"<p>NETCO, organisme de formation professionnelle NETCO dispense&nbsp;des formations visant au d\u00e9veloppement des comp\u00e9tences&nbsp;sur l&rsquo;ensemble du territoire national(N\u00b0 de d\u00e9claration d&rsquo;activit\u00e9 72.33.06767.33).&nbsp;&nbsp; Ces formations sont destin\u00e9es \u00e0&nbsp;toutes les industries&nbsp;et soci\u00e9t\u00e9s utilisatrices de syst\u00e8mes de convoyeurs \u00e0 bandes et \u00e0 rouleaux.Ces formations&nbsp;sont&nbsp;dispens\u00e9es par les responsables techniques de NETCO.Chaque formation est adapt\u00e9e aux priorit\u00e9s et besoins des clients. [&hellip;]<\/p>\n","protected":false},"author":1,"featured_media":2017,"parent":80,"menu_order":0,"comment_status":"closed","ping_status":"closed","template":"","meta":{"_editorskit_title_hidden":false,"_editorskit_reading_time":1,"_editorskit_is_block_options_detached":false,"_editorskit_block_options_position":"{}","ghostkit_customizer_options":"","ghostkit_custom_css":"","ghostkit_custom_js_head":"","ghostkit_custom_js_foot":"","ghostkit_typography":"","slim_seo":{"title":"Formation aux r\u00e9glages - Travaux neufs","description":"NETCO, organisme de formation professionnelle NETCO dispense&nbsp;des formations visant au d\u00e9veloppement des comp\u00e9tences&nbsp;sur l'ensemble du territoire natio"},"footnotes":""},"class_list":["post-630","page","type-page","status-publish","has-post-thumbnail","hentry"],"_links":{"self":[{"href":"https:\/\/travauxneufs.lasolutionglobale.eu\/fr\/wp-json\/wp\/v2\/pages\/630","targetHints":{"allow":["GET"]}}],"collection":[{"href":"https:\/\/travauxneufs.lasolutionglobale.eu\/fr\/wp-json\/wp\/v2\/pages"}],"about":[{"href":"https:\/\/travauxneufs.lasolutionglobale.eu\/fr\/wp-json\/wp\/v2\/types\/page"}],"author":[{"embeddable":true,"href":"https:\/\/travauxneufs.lasolutionglobale.eu\/fr\/wp-json\/wp\/v2\/users\/1"}],"replies":[{"embeddable":true,"href":"https:\/\/travauxneufs.lasolutionglobale.eu\/fr\/wp-json\/wp\/v2\/comments?post=630"}],"version-history":[{"count":103,"href":"https:\/\/travauxneufs.lasolutionglobale.eu\/fr\/wp-json\/wp\/v2\/pages\/630\/revisions"}],"predecessor-version":[{"id":6350,"href":"https:\/\/travauxneufs.lasolutionglobale.eu\/fr\/wp-json\/wp\/v2\/pages\/630\/revisions\/6350"}],"up":[{"embeddable":true,"href":"https:\/\/travauxneufs.lasolutionglobale.eu\/fr\/wp-json\/wp\/v2\/pages\/80"}],"wp:featuredmedia":[{"embeddable":true,"href":"https:\/\/travauxneufs.lasolutionglobale.eu\/fr\/wp-json\/wp\/v2\/media\/2017"}],"wp:attachment":[{"href":"https:\/\/travauxneufs.lasolutionglobale.eu\/fr\/wp-json\/wp\/v2\/media?parent=630"}],"curies":[{"name":"wp","href":"https:\/\/api.w.org\/{rel}","templated":true}]}}