{"id":63,"date":"2022-04-12T14:23:44","date_gmt":"2022-04-12T12:23:44","guid":{"rendered":"https:\/\/netco.lasolutionglobale.be\/?page_id=63"},"modified":"2025-02-18T11:23:43","modified_gmt":"2025-02-18T10:23:43","slug":"demarche-et-performances-rse","status":"publish","type":"page","link":"https:\/\/travauxneufs.lasolutionglobale.eu\/fr\/a-propos\/demarche-et-performances-rse","title":{"rendered":"D\u00e9marche et performances RSE"},"content":{"rendered":"\n<div class=\"wp-block-columns are-vertically-aligned-bottom is-layout-flex wp-container-core-columns-is-layout-9d6595d7 wp-block-columns-is-layout-flex\" id=\"maitrise-des-risques\">\n<div class=\"wp-block-column is-vertically-aligned-bottom is-layout-flow wp-block-column-is-layout-flow\" style=\"flex-basis:66.66%\">\n<div style=\"height:6rem\" aria-hidden=\"true\" class=\"wp-block-spacer\"><\/div>\n\n\n\n<h6 class=\"wp-block-heading\" id=\"une-demarche-groupe\">Une d\u00e9marche Groupe<\/h6>\n\n\n\n<h2 class=\"wp-block-heading\" id=\"maitriser-les-risques-dans-une-perspective-degagee\" style=\"margin-bottom:0rem\">Ma\u00eetriser les risques dans une perspective d\u00e9gag\u00e9e<\/h2>\n<\/div>\n\n\n\n<div class=\"wp-block-column is-vertically-aligned-bottom is-layout-flow wp-block-column-is-layout-flow\" style=\"flex-basis:33.33%\">\n<div class=\"wp-block-group is-style-blue-square is-layout-flow wp-block-group-is-layout-flow\">\n<figure class=\"wp-block-image size-large\"><img loading=\"lazy\" decoding=\"async\" width=\"1024\" height=\"1024\" src=\"https:\/\/travauxneufs.lasolutionglobale.eu\/wp-content\/uploads\/2024\/09\/csr-1-1024x1024.png\" alt=\"\" class=\"wp-image-6157\" srcset=\"https:\/\/travauxneufs.lasolutionglobale.eu\/wp-content\/uploads\/2024\/09\/csr-1-1024x1024.png 1024w, https:\/\/travauxneufs.lasolutionglobale.eu\/wp-content\/uploads\/2024\/09\/csr-1-300x300.png 300w, https:\/\/travauxneufs.lasolutionglobale.eu\/wp-content\/uploads\/2024\/09\/csr-1-150x150.png 150w, https:\/\/travauxneufs.lasolutionglobale.eu\/wp-content\/uploads\/2024\/09\/csr-1-768x768.png 768w, https:\/\/travauxneufs.lasolutionglobale.eu\/wp-content\/uploads\/2024\/09\/csr-1-1536x1536.png 1536w, https:\/\/travauxneufs.lasolutionglobale.eu\/wp-content\/uploads\/2024\/09\/csr-1.png 1667w\" sizes=\"auto, (max-width: 1024px) 100vw, 1024px\" \/><\/figure>\n<\/div>\n<\/div>\n<\/div>\n\n\n\n<div style=\"height:2rem\" aria-hidden=\"true\" class=\"wp-block-spacer\"><\/div>\n\n\n\n<p>Depuis 2020, le Groupe NETCO s\u2019est engag\u00e9 dans une nouvelle d\u00e9marche en proposant un mod\u00e8le d\u2019entreprise ax\u00e9 sur la responsabilit\u00e9, la gestion responsable et s\u2019engage pour le d\u00e9veloppement durable et le respect de l\u2019environnement \u00e0 travers une vision strat\u00e9gique de la RSE.<\/p>\n\n\n\n<div style=\"height:1rem\" aria-hidden=\"true\" class=\"wp-block-spacer\"><\/div>\n\n\n\n<figure class=\"wp-block-image alignright size-large is-style-alignwide\"><img loading=\"lazy\" decoding=\"async\" width=\"1024\" height=\"512\" src=\"https:\/\/travauxneufs.lasolutionglobale.eu\/wp-content\/uploads\/2022\/09\/iStock-694337774-1024x512.jpg\" alt=\"\" class=\"wp-image-1988\" srcset=\"https:\/\/travauxneufs.lasolutionglobale.eu\/wp-content\/uploads\/2022\/09\/iStock-694337774-1024x512.jpg 1024w, https:\/\/travauxneufs.lasolutionglobale.eu\/wp-content\/uploads\/2022\/09\/iStock-694337774-300x150.jpg 300w, https:\/\/travauxneufs.lasolutionglobale.eu\/wp-content\/uploads\/2022\/09\/iStock-694337774-768x384.jpg 768w, https:\/\/travauxneufs.lasolutionglobale.eu\/wp-content\/uploads\/2022\/09\/iStock-694337774-1536x768.jpg 1536w, https:\/\/travauxneufs.lasolutionglobale.eu\/wp-content\/uploads\/2022\/09\/iStock-694337774-2048x1024.jpg 2048w\" sizes=\"auto, (max-width: 1024px) 100vw, 1024px\" \/><\/figure>\n\n\n\n<div style=\"height:4rem\" aria-hidden=\"true\" class=\"wp-block-spacer\"><\/div>\n\n\n\n<div id=\"indicateurs-cles\" class=\"wp-block-group is-layout-flow wp-block-group-is-layout-flow\">\n<h6 class=\"wp-block-heading\" id=\"un-engagement-fort-et-determine\">Un engagement fort et d\u00e9termin\u00e9 <\/h6>\n\n\n\n<h2 class=\"wp-block-heading\" id=\"indicateurs-de-notre-demarche-et-performance-rse\">Indicateurs de notre d\u00e9marche et performance RSE<\/h2>\n\n\n\n<p><strong>Nos engagements s&rsquo;articulent autour de quatre&nbsp;piliers<\/strong> :<br>Environnement, Social et droits de de l&rsquo;Homme, Ethique et Achats responsables.<br><br>Ces KPI sont mesurables,&nbsp;comparables et \u00e9volutifs avec des objectifs ambitieux.<\/p>\n\n\n\n<div style=\"height:2rem\" aria-hidden=\"true\" class=\"wp-block-spacer\"><\/div>\n\n\n\n<div class=\"wp-block-group is-style-lightgray-section is-layout-flow wp-block-group-is-layout-flow\">\n<div class=\"wp-block-columns is-style-arguments-rse is-style-description-rse is-layout-flex wp-container-core-columns-is-layout-9d6595d7 wp-block-columns-is-layout-flex\">\n<div class=\"wp-block-column is-layout-flow wp-block-column-is-layout-flow\" style=\"flex-basis:20%\">\n<i class=\"fa-solid fa-leaf\"><\/i>\n\n\n\n<p class=\"has-text-align-center\"><span class=\"ghostkit-text-uppercase\">Environnemen<\/span>T<\/p>\n<\/div>\n\n\n\n<div class=\"wp-block-column is-layout-flow wp-block-column-is-layout-flow\" style=\"flex-basis:80%\">\n<p><strong>D\u00e9marche Eco-efficience op\u00e9rationnelle par NETCO<\/strong><\/p>\n\n\n\n<p>Cette approche fait r\u00e9f\u00e9rence \u00e0 l\u2019optimisation de l\u2019impact environnemental des op\u00e9rations du Groupe&nbsp;<br>par le suivi et l\u2019optimisation de nos \u00e9nergies, de nos rejets d\u2019eau, ainsi que la gestion des d\u00e9chets.<\/p>\n<\/div>\n<\/div>\n\n\n\n<div style=\"height:1rem\" aria-hidden=\"true\" class=\"wp-block-spacer\"><\/div>\n\n\n\n<div class=\"wp-block-columns is-style-arguments-rse is-style-description-rse is-layout-flex wp-container-core-columns-is-layout-9d6595d7 wp-block-columns-is-layout-flex\">\n<div class=\"wp-block-column is-layout-flow wp-block-column-is-layout-flow\" style=\"flex-basis:20%\">\n<i class=\"fa-solid fa-people-group\"><\/i>\n\n\n\n<p class=\"has-text-align-center\"><span class=\"ghostkit-text-uppercase\"><span class=\"ghostkit-text-uppercase\">SOCIAL ET DROIT DE l&rsquo;HOMME<\/span><\/span><br><\/p>\n<\/div>\n\n\n\n<div class=\"wp-block-column is-layout-flow wp-block-column-is-layout-flow\" style=\"flex-basis:80%\">\n<p><strong>Attraction et r\u00e9tention des talents<\/strong><\/p>\n\n\n\n<p>Le groupe NETCO s\u2019est lanc\u00e9 dans une d\u00e9marche pour attirer et conserver les talents qui portent les valeurs de notre Groupe.&nbsp;<br>Notre force repose sur notre organisation et nos \u00e9quipes&nbsp;: recrutements r\u00e9guliers, formation, accompagnement des \u00e9volutions professionnelles.<\/p>\n<\/div>\n<\/div>\n\n\n\n<div style=\"height:1rem\" aria-hidden=\"true\" class=\"wp-block-spacer\"><\/div>\n\n\n\n<div class=\"wp-block-columns is-style-arguments-rse is-style-description-rse is-layout-flex wp-container-core-columns-is-layout-9d6595d7 wp-block-columns-is-layout-flex\">\n<div class=\"wp-block-column is-layout-flow wp-block-column-is-layout-flow\" style=\"flex-basis:20%\">\n<i class=\"fa-solid fa-scale-balanced\"><\/i>\n\n\n\n<p class=\"has-text-align-center\"><span class=\"ghostkit-text-uppercase\">ETHIQUE<\/span><br><\/p>\n<\/div>\n\n\n\n<div class=\"wp-block-column is-layout-flow wp-block-column-is-layout-flow\" style=\"flex-basis:80%\">\n<p>Le groupe s\u2019engage \u00e0 respecter les lois et r\u00e9glementations de chaque pays o\u00f9 il exerce son activit\u00e9.<br>Le respect de la loi constitue une valeur incontournable.&nbsp;<br>Il est de la responsabilit\u00e9 de tous les collaborateurs de conna\u00eetre et respecter pleinement les lois et r\u00e9glementations applicables ainsi que les diverses politiques et directives \u00e9tablies par le Groupe dans ses domaines d\u2019activit\u00e9.<\/p>\n<\/div>\n<\/div>\n\n\n\n<div style=\"height:1rem\" aria-hidden=\"true\" class=\"wp-block-spacer\"><\/div>\n\n\n\n<div class=\"wp-block-columns is-style-arguments-rse is-style-description-rse is-layout-flex wp-container-core-columns-is-layout-9d6595d7 wp-block-columns-is-layout-flex\">\n<div class=\"wp-block-column is-layout-flow wp-block-column-is-layout-flow\" style=\"flex-basis:20%\">\n<i class=\"fa-solid fa-link\"><\/i>\n\n\n\n<p class=\"has-text-align-center\"><span class=\"ghostkit-text-uppercase\">ACHATS RESPONSABLES<\/span><br><\/p>\n<\/div>\n\n\n\n<div class=\"wp-block-column is-layout-flow wp-block-column-is-layout-flow\" style=\"flex-basis:80%\">\n<p>La mise en \u0153uvre des achats responsables est un projet f\u00e9d\u00e9rateur vecteur d\u2019innovation et de cr\u00e9ation de valeur qui pr\u00e9sente des avantages pour le Groupe NETCO&nbsp;:<\/p>\n\n\n\n<ul class=\"wp-block-list\">\n<li>Meilleure ma\u00eetrise de co\u00fbts et des risques,<\/li>\n\n\n\n<li>Un approvisionnement plus durable et s\u00e9curis\u00e9,<\/li>\n\n\n\n<li>Un avantage concurrentiel plus fort ,<\/li>\n\n\n\n<li>Meilleure image aupr\u00e8s des partenaires et de nos clients,<\/li>\n\n\n\n<li>La conformit\u00e9 avec les r\u00e9glementations gouvernementales.<\/li>\n<\/ul>\n\n\n\n<div class=\"wp-block-buttons is-layout-flex wp-block-buttons-is-layout-flex\">\n<div class=\"wp-block-button alignleft\"><a class=\"wp-block-button__link wp-element-button\" href=\"https:\/\/travauxneufs.lasolutionglobale.eu\/wp-content\/uploads\/2024\/07\/Code-de-Conduite-Fournisseurs-NETCO-AD96_FR_V2024_03.pdf\" target=\"_blank\" rel=\"noreferrer noopener\">Code de bonne conduite de nos fournisseurs<\/a><\/div>\n<\/div>\n<\/div>\n<\/div>\n<\/div>\n<\/div>\n\n\n\n<div style=\"height:4rem\" aria-hidden=\"true\" class=\"wp-block-spacer\"><\/div>\n\n\n\n<div class=\"wp-block-media-text alignwide is-stacked-on-mobile is-style-blue-panel-size-full\" id=\"developpement-durable\"><figure class=\"wp-block-media-text__media\"><img loading=\"lazy\" decoding=\"async\" width=\"1024\" height=\"767\" src=\"https:\/\/travauxneufs.lasolutionglobale.eu\/wp-content\/uploads\/2022\/09\/iStock-473454180-1024x767.jpg\" alt=\"\" class=\"wp-image-2100 size-full\" srcset=\"https:\/\/travauxneufs.lasolutionglobale.eu\/wp-content\/uploads\/2022\/09\/iStock-473454180-1024x767.jpg 1024w, https:\/\/travauxneufs.lasolutionglobale.eu\/wp-content\/uploads\/2022\/09\/iStock-473454180-300x225.jpg 300w, https:\/\/travauxneufs.lasolutionglobale.eu\/wp-content\/uploads\/2022\/09\/iStock-473454180-768x575.jpg 768w, https:\/\/travauxneufs.lasolutionglobale.eu\/wp-content\/uploads\/2022\/09\/iStock-473454180-1536x1150.jpg 1536w, https:\/\/travauxneufs.lasolutionglobale.eu\/wp-content\/uploads\/2022\/09\/iStock-473454180-2048x1533.jpg 2048w\" sizes=\"auto, (max-width: 1024px) 100vw, 1024px\" \/><\/figure><div class=\"wp-block-media-text__content\">\n<h2 class=\"wp-block-heading\" id=\"un-developpement-durable-et-responsable\">Un d\u00e9veloppement durable et responsable<\/h2>\n\n\n\n<p>L\u2019\u00e9valuation de notre politique RSE par l\u2019agence de notation Ecovadis, sur la base de normes extra-financi\u00e8res internationales et des meilleures pratiques en la mati\u00e8re,&nbsp;nous permet de nous challenger chaque ann\u00e9e afin d\u2019am\u00e9liorer nos performances sociales, environnementales et soci\u00e9tales.&nbsp;<\/p>\n\n\n\n<p>C\u2019est \u00e9galement une preuve de notre engagement aupr\u00e8s de l\u2019ensemble de nos parties prenantes.<\/p>\n\n\n\n<p>Il s\u2019agit par cons\u00e9quent d\u2019une d\u00e9marche structurante qui permet au groupe d\u2019engager un dialogue strat\u00e9gique extra-financier avec ses clients.<\/p>\n\n\n\n<p>Cette plateforme est reconnue au niveau national et international, ce qui permet d\u2019\u00e9valuer la performance de notre Groupe par rapport \u00e0 nos pairs et ainsi d\u2019appr\u00e9cier l\u2019ambition des objectifs que nous nous sommes fix\u00e9s pour les trois ann\u00e9es \u00e0 venir.<\/p>\n<\/div><\/div>\n\n\n\n<div style=\"height:1rem\" aria-hidden=\"true\" class=\"wp-block-spacer\"><\/div>\n\n\n\n<div class=\"wp-block-columns is-layout-flex wp-container-core-columns-is-layout-9d6595d7 wp-block-columns-is-layout-flex\">\n<div class=\"wp-block-column is-layout-flow wp-block-column-is-layout-flow\">\n<figure class=\"wp-block-image size-large\"><img loading=\"lazy\" decoding=\"async\" width=\"1024\" height=\"185\" src=\"https:\/\/travauxneufs.lasolutionglobale.eu\/wp-content\/uploads\/2022\/10\/logo-Ecovadis-1024x185.png\" alt=\"logo-Ecovadis\" class=\"wp-image-4960\" srcset=\"https:\/\/travauxneufs.lasolutionglobale.eu\/wp-content\/uploads\/2022\/10\/logo-Ecovadis-1024x185.png 1024w, https:\/\/travauxneufs.lasolutionglobale.eu\/wp-content\/uploads\/2022\/10\/logo-Ecovadis-300x54.png 300w, https:\/\/travauxneufs.lasolutionglobale.eu\/wp-content\/uploads\/2022\/10\/logo-Ecovadis-768x139.png 768w, https:\/\/travauxneufs.lasolutionglobale.eu\/wp-content\/uploads\/2022\/10\/logo-Ecovadis-1536x277.png 1536w, https:\/\/travauxneufs.lasolutionglobale.eu\/wp-content\/uploads\/2022\/10\/logo-Ecovadis.png 1956w\" sizes=\"auto, (max-width: 1024px) 100vw, 1024px\" \/><\/figure>\n<\/div>\n\n\n\n<div class=\"wp-block-column is-layout-flow wp-block-column-is-layout-flow\"><\/div>\n\n\n\n<div class=\"wp-block-column is-layout-flow wp-block-column-is-layout-flow\"><\/div>\n\n\n\n<div class=\"wp-block-column is-layout-flow wp-block-column-is-layout-flow\"><\/div>\n<\/div>\n\n\n\n<p>En 2024 le groupe NETCO a souhait\u00e9 faire r\u00e9-\u00e9valuer sa performance RSE en s\u2019appuyant sur ECOVADIS, Plateforme ind\u00e9pendante d\u2019\u00e9valuation des performances RSE et des achats responsables.<\/p>\n\n\n\n<p><strong>Cette nouvelle \u00e9valuation a positionn\u00e9 le groupe NETCO \u00e0 un score de 68% (\u00ab&nbsp;Silver&nbsp;\u00bb)<\/strong><br>Ce r\u00e9sultat positionne&nbsp;le Groupe NETCO parmi le TOP 15% des entreprise du m\u00eame p\u00e9rim\u00e8tre d\u2019activit\u00e9s !<\/p>\n\n\n\n<div id=\"nos-ambitions\" class=\"wp-block-group ghostkit-custom-11f7Jq is-layout-flow wp-block-group-is-layout-flow\">\n<p class=\"has-black-color has-text-color has-xx-large-font-size\">Nos ambitions et objectifs 2025<\/p>\n\n\n\n<div class=\"ghostkit-counter-box is-style-inline-arrow is-layout-flow wp-block-ghostkit-counter-box-is-layout-flow\"><div class=\"ghostkit-counter-box-number ghostkit-counter-box-number-align-top ghostkit-counter-box-number-top-align-center\"><div class=\"ghostkit-counter-box-number-wrap\">65<\/div><\/div><div class=\"ghostkit-counter-box-content\"><\/div><\/div>\n<\/div>\n\n\n\n<p><strong>En mobilisant l&rsquo;ensemble de nos \u00e9quipes et collaborateurs, notre challenge sera d\u00e9sormais de maintenir et d\u2019am\u00e9liorer ces r\u00e9sultats sur les KPIs mesurables des 4 piliers de notre d\u00e9marche RSE.<\/strong><\/p>\n\n\n\n<div style=\"height:32px\" aria-hidden=\"true\" class=\"wp-block-spacer\"><\/div>\n","protected":false},"excerpt":{"rendered":"<p>Une d\u00e9marche Groupe Ma\u00eetriser les risques dans une perspective d\u00e9gag\u00e9e Depuis 2020, le Groupe NETCO s\u2019est engag\u00e9 dans une nouvelle d\u00e9marche en proposant un mod\u00e8le d\u2019entreprise ax\u00e9 sur la responsabilit\u00e9, la gestion responsable et s\u2019engage pour le d\u00e9veloppement durable et le respect de l\u2019environnement \u00e0 travers une vision strat\u00e9gique de la RSE. Un engagement fort [&hellip;]<\/p>\n","protected":false},"author":1,"featured_media":1978,"parent":40,"menu_order":0,"comment_status":"closed","ping_status":"closed","template":"","meta":{"_editorskit_title_hidden":false,"_editorskit_reading_time":2,"_editorskit_is_block_options_detached":false,"_editorskit_block_options_position":"{}","ghostkit_customizer_options":"","ghostkit_custom_css":"","ghostkit_custom_js_head":"","ghostkit_custom_js_foot":"","ghostkit_typography":"","slim_seo":{"title":"D\u00e9marche et performances RSE - Travaux neufs","description":"Une d\u00e9marche Groupe Ma\u00eetriser les risques dans une perspective d\u00e9gag\u00e9e Depuis 2020, le Groupe NETCO s\u2019est engag\u00e9 dans une nouvelle d\u00e9marche en proposant un mod\u00e8"},"footnotes":""},"class_list":["post-63","page","type-page","status-publish","has-post-thumbnail","hentry"],"_links":{"self":[{"href":"https:\/\/travauxneufs.lasolutionglobale.eu\/fr\/wp-json\/wp\/v2\/pages\/63","targetHints":{"allow":["GET"]}}],"collection":[{"href":"https:\/\/travauxneufs.lasolutionglobale.eu\/fr\/wp-json\/wp\/v2\/pages"}],"about":[{"href":"https:\/\/travauxneufs.lasolutionglobale.eu\/fr\/wp-json\/wp\/v2\/types\/page"}],"author":[{"embeddable":true,"href":"https:\/\/travauxneufs.lasolutionglobale.eu\/fr\/wp-json\/wp\/v2\/users\/1"}],"replies":[{"embeddable":true,"href":"https:\/\/travauxneufs.lasolutionglobale.eu\/fr\/wp-json\/wp\/v2\/comments?post=63"}],"version-history":[{"count":118,"href":"https:\/\/travauxneufs.lasolutionglobale.eu\/fr\/wp-json\/wp\/v2\/pages\/63\/revisions"}],"predecessor-version":[{"id":6269,"href":"https:\/\/travauxneufs.lasolutionglobale.eu\/fr\/wp-json\/wp\/v2\/pages\/63\/revisions\/6269"}],"up":[{"embeddable":true,"href":"https:\/\/travauxneufs.lasolutionglobale.eu\/fr\/wp-json\/wp\/v2\/pages\/40"}],"wp:featuredmedia":[{"embeddable":true,"href":"https:\/\/travauxneufs.lasolutionglobale.eu\/fr\/wp-json\/wp\/v2\/media\/1978"}],"wp:attachment":[{"href":"https:\/\/travauxneufs.lasolutionglobale.eu\/fr\/wp-json\/wp\/v2\/media?parent=63"}],"curies":[{"name":"wp","href":"https:\/\/api.w.org\/{rel}","templated":true}]}}