{"id":4617,"date":"2022-10-06T14:50:20","date_gmt":"2022-10-06T12:50:20","guid":{"rendered":"https:\/\/netco.lasolutionglobale.be\/?page_id=4617"},"modified":"2024-06-13T09:01:39","modified_gmt":"2024-06-13T07:01:39","slug":"decolmatage-de-tremies-et-silos","status":"publish","type":"page","link":"https:\/\/travauxneufs.lasolutionglobale.eu\/fr\/services-et-produits\/services-maintenance\/decolmatage-de-tremies-et-silos","title":{"rendered":"D\u00e9colmatage de tr\u00e9mies et silos"},"content":{"rendered":"\n<div class=\"wp-block-group is-style-white-section-yellow-shadow is-layout-flow wp-block-group-is-layout-flow\"><nav class=\"breadcrumbs\" aria-label=\"Fil d\u2019Ariane\"><a href=\"https:\/\/travauxneufs.lasolutionglobale.eu\/fr\" class=\"breadcrumb breadcrumb--first\">Accueil<\/a><\/nav>\n\n\n\n<h2 class=\"wp-block-heading\">Une solution pour les probl\u00e8mes d\u2019\u00e9coulement difficiles :<br>AIRSWEEP !<\/h2>\n\n\n\n<p><\/p>\n\n\n\n<p><strong>Vidange imm\u00e9diate des mat\u00e9riaux<\/strong><\/p>\n\n\n\n<ul class=\"wp-block-list\"><li>Facile \u00e0 monter et \u00e0 entretenir \u00e0 partir de la paroi externe<\/li><li>Rentable et \u00e0 faible consommation <\/li><li>Utilise \u00e0 peine 10 CFM \/ 6m3\/h d\u2019air pour une application typique<\/li><li>Installation ais\u00e9e sur les silos n\u00e9cessitant une vidange, bacs, tr\u00e9mies ou goulottes en m\u00e9tal, b\u00e9ton, bois ou fibre de verre<\/li><\/ul>\n\n\n\n<div class=\"wp-block-columns is-layout-flex wp-container-core-columns-is-layout-9d6595d7 wp-block-columns-is-layout-flex\">\n<div class=\"wp-block-column is-layout-flow wp-block-column-is-layout-flow\">\n<figure class=\"wp-block-image size-full\"><img loading=\"lazy\" decoding=\"async\" width=\"598\" height=\"510\" src=\"https:\/\/travauxneufs.lasolutionglobale.eu\/wp-content\/uploads\/2022\/10\/HeaderDiagramx1.png\" alt=\"\" class=\"wp-image-4745\" srcset=\"https:\/\/travauxneufs.lasolutionglobale.eu\/wp-content\/uploads\/2022\/10\/HeaderDiagramx1.png 598w, https:\/\/travauxneufs.lasolutionglobale.eu\/wp-content\/uploads\/2022\/10\/HeaderDiagramx1-300x256.png 300w\" sizes=\"auto, (max-width: 598px) 100vw, 598px\" \/><\/figure>\n<\/div>\n\n\n\n<div class=\"wp-block-column is-layout-flow wp-block-column-is-layout-flow\" style=\"flex-basis:17rem\"><\/div>\n<\/div>\n\n\n\n<div class=\"wp-block-columns is-layout-flex wp-container-core-columns-is-layout-9d6595d7 wp-block-columns-is-layout-flex\">\n<div class=\"wp-block-column is-layout-flow wp-block-column-is-layout-flow\">\n<figure class=\"wp-block-image size-full zoom\"><img loading=\"lazy\" decoding=\"async\" width=\"375\" height=\"301\" src=\"https:\/\/travauxneufs.lasolutionglobale.eu\/wp-content\/uploads\/2022\/10\/VA-06-on-test-bin-with-inset.jpeg\" alt=\"\" class=\"wp-image-4747\" srcset=\"https:\/\/travauxneufs.lasolutionglobale.eu\/wp-content\/uploads\/2022\/10\/VA-06-on-test-bin-with-inset.jpeg 375w, https:\/\/travauxneufs.lasolutionglobale.eu\/wp-content\/uploads\/2022\/10\/VA-06-on-test-bin-with-inset-300x241.jpeg 300w\" sizes=\"auto, (max-width: 375px) 100vw, 375px\" \/><figcaption>Mod\u00e8le VA-06<\/figcaption><\/figure>\n<\/div>\n\n\n\n<div class=\"wp-block-column is-layout-flow wp-block-column-is-layout-flow\">\n<figure class=\"wp-block-image size-full zoom\"><img loading=\"lazy\" decoding=\"async\" width=\"375\" height=\"300\" src=\"https:\/\/travauxneufs.lasolutionglobale.eu\/wp-content\/uploads\/2022\/10\/VA-12-on-test-bin-with-inset.jpeg\" alt=\"\" class=\"wp-image-4751\" srcset=\"https:\/\/travauxneufs.lasolutionglobale.eu\/wp-content\/uploads\/2022\/10\/VA-12-on-test-bin-with-inset.jpeg 375w, https:\/\/travauxneufs.lasolutionglobale.eu\/wp-content\/uploads\/2022\/10\/VA-12-on-test-bin-with-inset-300x240.jpeg 300w\" sizes=\"auto, (max-width: 375px) 100vw, 375px\" \/><figcaption>Mod\u00e8le VA-12<\/figcaption><\/figure>\n<\/div>\n\n\n\n<div class=\"wp-block-column is-layout-flow wp-block-column-is-layout-flow\">\n<figure class=\"wp-block-image size-full zoom\"><img loading=\"lazy\" decoding=\"async\" width=\"375\" height=\"300\" src=\"https:\/\/travauxneufs.lasolutionglobale.eu\/wp-content\/uploads\/2022\/10\/VA-51-on-test-bin-with-inset.jpeg\" alt=\"\" class=\"wp-image-4749\" srcset=\"https:\/\/travauxneufs.lasolutionglobale.eu\/wp-content\/uploads\/2022\/10\/VA-51-on-test-bin-with-inset.jpeg 375w, https:\/\/travauxneufs.lasolutionglobale.eu\/wp-content\/uploads\/2022\/10\/VA-51-on-test-bin-with-inset-300x240.jpeg 300w\" sizes=\"auto, (max-width: 375px) 100vw, 375px\" \/><figcaption>Mod\u00e8le VA-51<\/figcaption><\/figure>\n<\/div>\n<\/div>\n\n\n\n<h2 class=\"has-text-align-center wp-block-heading\">D\u00e9couvrez AIRSWEEP en vid\u00e9o<\/h2>\n\n\n\n<div class=\"wp-block-columns is-layout-flex wp-container-core-columns-is-layout-9d6595d7 wp-block-columns-is-layout-flex\">\n<div class=\"wp-block-column is-layout-flow wp-block-column-is-layout-flow\" style=\"flex-basis:7rem\"><\/div>\n\n\n\n<div class=\"wp-block-column is-layout-flow wp-block-column-is-layout-flow\">\n<figure class=\"wp-block-embed is-type-video is-provider-youtube wp-block-embed-youtube wp-embed-aspect-16-9 wp-has-aspect-ratio\"><div class=\"wp-block-embed__wrapper\">\n<iframe loading=\"lazy\" title=\"AirSweep Sweeper Nozzle | Best Material Flow Aid System | Control Concepts USA\" width=\"500\" height=\"281\" src=\"\" frameborder=\"0\" allow=\"accelerometer; autoplay; clipboard-write; encrypted-media; gyroscope; picture-in-picture; web-share\" referrerpolicy=\"strict-origin-when-cross-origin\" allowfullscreen data-requires-vendor-consent=\"youtube\" data-src=\"https:\/\/www.youtube-nocookie.com\/embed\/JhAXwjB5djg?feature=oembed\"><\/iframe><div class=\"axeptio-iframe-consent\" data-hide-on-vendor-consent=\"youtube\">\n        <img decoding=\"async\" src=\"https:\/\/img.youtube.com\/vi\/JhAXwjB5djg\/maxresdefault.jpg\" \/>\n        Vous devez accepter l&rsquo;utilisation de cookies par Youtube pour acc\u00e9der \u00e0 cette vid\u00e9o.\n        <button onclick=\"window.axeptioSDK.requestConsent('youtube')\">\n          Modifier mes pr\u00e9f\u00e9rences\n        <\/button>\n      <\/div>\n<\/div><\/figure>\n<\/div>\n\n\n\n<div class=\"wp-block-column is-layout-flow wp-block-column-is-layout-flow\" style=\"flex-basis:7rem\"><\/div>\n<\/div>\n\n\n\n<div class=\"wp-block-buttons is-layout-flex wp-block-buttons-is-layout-flex\">\n<div class=\"wp-block-button aligncenter\"><a class=\"wp-block-button__link\" href=\"https:\/\/travauxneufs.lasolutionglobale.eu\/wp-content\/uploads\/2024\/06\/Airsweep_Overview_Brochure-FR-d.pdf\" target=\"_blank\" rel=\"noreferrer noopener\">Fiche produit<\/a><\/div>\n<\/div>\n\n\n\n<div style=\"height:35px\" aria-hidden=\"true\" class=\"wp-block-spacer\"><\/div>\n\n\n\n<p><strong>N&rsquo;h\u00e9sitez pas \u00e0 contacter notre \u00e9quipe commerciale pour tous renseignements  <\/strong><\/p>\n\n\n\n<div style=\"height:1rem\" aria-hidden=\"true\" class=\"wp-block-spacer\"><\/div>\n\n\n\n<div class=\"wp-block-buttons is-content-justification-center is-layout-flex wp-container-core-buttons-is-layout-16018d1d wp-block-buttons-is-layout-flex\">\n<div class=\"wp-block-button is-style-outline is-style-outline--1\"><a class=\"wp-block-button__link\" href=\"https:\/\/travauxneufs.lasolutionglobale.eu\/fr\/contact#formulaire\">Nous contacter<\/a><\/div>\n<\/div>\n<\/div>\n\n\n\n<div class=\"wp-block-group is-style-lightgray-section is-layout-flow wp-block-group-is-layout-flow\">\n<h2 class=\"has-text-align-center wp-block-heading\">NETCO fait la diff\u00e9rence.<\/h2>\n\n\n\n<p class=\"has-text-align-center\">Nous assurons la distribution de ce produit en exclusivit\u00e9 sur la France <\/p>\n\n\n\n<div class=\"wp-block-group is-style-services is-layout-flow wp-block-group-is-layout-flow\">\n<div class=\"wp-block-group is-layout-flow wp-block-group-is-layout-flow\">\n<p>Raison n\u00b01<\/p>\n\n\n\n<p>Un r\u00e9seau de plus de 60 sites en France  !<\/p>\n<\/div>\n\n\n\n<div class=\"wp-block-group is-layout-flow wp-block-group-is-layout-flow\">\n<p>Raison n\u00b02<\/p>\n\n\n\n<p>Plus de 120 ans d\u2019exp\u00e9rience et d\u2019expertise que nous partageons avec nos clients.<\/p>\n<\/div>\n\n\n\n<div class=\"wp-block-group is-layout-flow wp-block-group-is-layout-flow\">\n<p>Raison n\u00b03<\/p>\n\n\n\n<p>Acc\u00e8s \u00e0 toutes les gammes avec une logistique performante et une ind\u00e9pendance technique<\/p>\n<\/div>\n\n\n\n<div class=\"wp-block-group is-layout-flow wp-block-group-is-layout-flow\">\n<p>Raison n\u00b04<\/p>\n\n\n\n<p>Interventions 24\/7 sur tous vos sites d\u2019exploitation&nbsp;<\/p>\n<\/div>\n<\/div>\n<\/div>\n","protected":false},"excerpt":{"rendered":"<p>Une solution pour les probl\u00e8mes d\u2019\u00e9coulement difficiles :AIRSWEEP ! Vidange imm\u00e9diate des mat\u00e9riaux Facile \u00e0 monter et \u00e0 entretenir \u00e0 partir de la paroi externe Rentable et \u00e0 faible consommation Utilise \u00e0 peine 10 CFM \/ 6m3\/h d\u2019air pour une application typique Installation ais\u00e9e sur les silos n\u00e9cessitant une vidange, bacs, tr\u00e9mies ou goulottes en [&hellip;]<\/p>\n","protected":false},"author":1,"featured_media":4632,"parent":80,"menu_order":0,"comment_status":"closed","ping_status":"closed","template":"","meta":{"_editorskit_title_hidden":false,"_editorskit_reading_time":1,"_editorskit_is_block_options_detached":false,"_editorskit_block_options_position":"{}","ghostkit_customizer_options":"","ghostkit_custom_css":"","ghostkit_custom_js_head":"","ghostkit_custom_js_foot":"","ghostkit_typography":"","slim_seo":{"title":"D\u00e9colmatage de tr\u00e9mies et silos - Travaux neufs","description":"Une solution pour les probl\u00e8mes d\u2019\u00e9coulement difficiles : AIRSWEEP ! Vidange imm\u00e9diate des mat\u00e9riaux D\u00e9couvrez AIRSWEEP en vid\u00e9o https:\/\/www.youtube.com\/watch?v"},"footnotes":""},"class_list":["post-4617","page","type-page","status-publish","has-post-thumbnail","hentry"],"_links":{"self":[{"href":"https:\/\/travauxneufs.lasolutionglobale.eu\/fr\/wp-json\/wp\/v2\/pages\/4617","targetHints":{"allow":["GET"]}}],"collection":[{"href":"https:\/\/travauxneufs.lasolutionglobale.eu\/fr\/wp-json\/wp\/v2\/pages"}],"about":[{"href":"https:\/\/travauxneufs.lasolutionglobale.eu\/fr\/wp-json\/wp\/v2\/types\/page"}],"author":[{"embeddable":true,"href":"https:\/\/travauxneufs.lasolutionglobale.eu\/fr\/wp-json\/wp\/v2\/users\/1"}],"replies":[{"embeddable":true,"href":"https:\/\/travauxneufs.lasolutionglobale.eu\/fr\/wp-json\/wp\/v2\/comments?post=4617"}],"version-history":[{"count":44,"href":"https:\/\/travauxneufs.lasolutionglobale.eu\/fr\/wp-json\/wp\/v2\/pages\/4617\/revisions"}],"predecessor-version":[{"id":6122,"href":"https:\/\/travauxneufs.lasolutionglobale.eu\/fr\/wp-json\/wp\/v2\/pages\/4617\/revisions\/6122"}],"up":[{"embeddable":true,"href":"https:\/\/travauxneufs.lasolutionglobale.eu\/fr\/wp-json\/wp\/v2\/pages\/80"}],"wp:featuredmedia":[{"embeddable":true,"href":"https:\/\/travauxneufs.lasolutionglobale.eu\/fr\/wp-json\/wp\/v2\/media\/4632"}],"wp:attachment":[{"href":"https:\/\/travauxneufs.lasolutionglobale.eu\/fr\/wp-json\/wp\/v2\/media?parent=4617"}],"curies":[{"name":"wp","href":"https:\/\/api.w.org\/{rel}","templated":true}]}}