{"id":46,"date":"2022-04-12T11:01:07","date_gmt":"2022-04-12T09:01:07","guid":{"rendered":"https:\/\/netco.lasolutionglobale.be\/?page_id=46"},"modified":"2022-12-06T07:34:05","modified_gmt":"2022-12-06T06:34:05","slug":"secteurs-dactivites","status":"publish","type":"page","link":"https:\/\/travauxneufs.lasolutionglobale.eu\/fr\/secteurs-dactivites","title":{"rendered":"Secteurs d&rsquo;activit\u00e9s"},"content":{"rendered":"\n<h6 class=\"has-text-align-center wp-block-heading\">Services \/ Maintenance<\/h6>\n\n\n\n<h2 class=\"has-text-align-center wp-block-heading\">Notre expertise par activit\u00e9<\/h2>\n\n\n<nav class=\"netco-menus\" menu=\"secteurs-dactivites-fr\"><a href=\"https:\/\/travauxneufs.lasolutionglobale.eu\/fr\/secteurs-dactivites\/environnement-et-valorisation-des-dechets\"><div class=\"thumbnail\" ><img decoding=\"async\" src=\"https:\/\/travauxneufs.lasolutionglobale.eu\/wp-content\/uploads\/2022\/09\/iStock-1244831889-1-1024x614.jpg\"\/><\/div><div class=\"title\">Environnement et valorisation des d\u00e9chets<\/div><\/a><a href=\"https:\/\/travauxneufs.lasolutionglobale.eu\/fr\/secteurs-dactivites\/logistique\"><div class=\"thumbnail\" ><img decoding=\"async\" src=\"https:\/\/travauxneufs.lasolutionglobale.eu\/wp-content\/uploads\/2022\/09\/iStock-1131418098-1024x683.jpg\"\/><\/div><div class=\"title\">Logistique<\/div><\/a><a href=\"https:\/\/travauxneufs.lasolutionglobale.eu\/fr\/secteurs-dactivites\/agroalimentaire\"><div class=\"thumbnail\" ><img decoding=\"async\" src=\"https:\/\/travauxneufs.lasolutionglobale.eu\/wp-content\/uploads\/2022\/09\/Agroalimentaire-1024x580.png\"\/><\/div><div class=\"title\">Agroalimentaire<\/div><\/a><a href=\"https:\/\/travauxneufs.lasolutionglobale.eu\/fr\/secteurs-dactivites\/energie\"><div class=\"thumbnail\" ><img decoding=\"async\" src=\"https:\/\/travauxneufs.lasolutionglobale.eu\/wp-content\/uploads\/2022\/09\/iStock-157695303-1024x683.jpg\"\/><\/div><div class=\"title\">Energie<\/div><\/a><a href=\"https:\/\/travauxneufs.lasolutionglobale.eu\/fr\/secteurs-dactivites\/industrie-minerale-carriere-sabliere\"><div class=\"thumbnail\" ><img decoding=\"async\" src=\"https:\/\/travauxneufs.lasolutionglobale.eu\/wp-content\/uploads\/2022\/09\/CARRIERE-SABLIERES-1024x582.png\"\/><\/div><div class=\"title\">Industrie min\u00e9rale, carri\u00e8re, sabli\u00e8re<\/div><\/a><a href=\"https:\/\/travauxneufs.lasolutionglobale.eu\/fr\/secteurs-dactivites\/chimie-et-pharmaceutique\"><div class=\"thumbnail\" ><img decoding=\"async\" src=\"https:\/\/travauxneufs.lasolutionglobale.eu\/wp-content\/uploads\/2022\/09\/CHIMIE-1024x585.png\"\/><\/div><div class=\"title\">Chimie et pharmaceutique<\/div><\/a><a href=\"https:\/\/travauxneufs.lasolutionglobale.eu\/fr\/secteurs-dactivites\/industrie-bois-et-derives\"><div class=\"thumbnail\" ><img decoding=\"async\" src=\"https:\/\/travauxneufs.lasolutionglobale.eu\/wp-content\/uploads\/2022\/09\/iStock-1053182458-1024x637.jpg\"\/><\/div><div class=\"title\">Industrie bois et d\u00e9riv\u00e9s<\/div><\/a><a href=\"https:\/\/travauxneufs.lasolutionglobale.eu\/fr\/secteurs-dactivites\/siderurgie-metallurgie\"><div class=\"thumbnail\" ><img decoding=\"async\" src=\"https:\/\/travauxneufs.lasolutionglobale.eu\/wp-content\/uploads\/2022\/09\/iStock-502120934-1024x683.jpg\"\/><\/div><div class=\"title\">Sid\u00e9rurgie, m\u00e9tallurgie<\/div><\/a><a href=\"https:\/\/travauxneufs.lasolutionglobale.eu\/fr\/secteurs-dactivites\/machines-agricoles\"><div class=\"thumbnail\" ><img decoding=\"async\" src=\"https:\/\/travauxneufs.lasolutionglobale.eu\/wp-content\/uploads\/2022\/09\/GREGOIREGM7.4-P1050505BC-1024x683.jpeg\"\/><\/div><div class=\"title\">Machines agricoles<\/div><\/a><\/nav>\n\n\n\n<div style=\"height:4rem\" aria-hidden=\"true\" class=\"wp-block-spacer\"><\/div>\n\n\n\n<div id=\"nos-certifications\" class=\"wp-block-group is-style-blue-section is-layout-flow wp-block-group-is-layout-flow\">\n<h3 class=\"wp-block-heading has-text-align-center\" id=\"nos-certifications\">NOS CERTIFICATIONS<\/h3>\n\n\n\n<div class=\"wp-block-columns is-layout-flex wp-container-core-columns-is-layout-9d6595d7 wp-block-columns-is-layout-flex\">\n<div class=\"wp-block-column is-layout-flow wp-block-column-is-layout-flow\">\n<figure class=\"wp-block-image size-full\"><img loading=\"lazy\" decoding=\"async\" width=\"479\" height=\"399\" src=\"https:\/\/travauxneufs.lasolutionglobale.eu\/wp-content\/uploads\/2022\/10\/Capture-decran-2025-05-28-a-08.46.26.png\" alt=\"Capture d\u2019e\u0301cran 2025 05 28 a\u0300 08.46.26\" class=\"wp-image-6297\" srcset=\"https:\/\/travauxneufs.lasolutionglobale.eu\/wp-content\/uploads\/2022\/10\/Capture-decran-2025-05-28-a-08.46.26.png 479w, https:\/\/travauxneufs.lasolutionglobale.eu\/wp-content\/uploads\/2022\/10\/Capture-decran-2025-05-28-a-08.46.26-300x250.png 300w\" sizes=\"auto, (max-width: 479px) 100vw, 479px\" \/><\/figure>\n<\/div>\n\n\n\n<div class=\"wp-block-column is-layout-flow wp-block-column-is-layout-flow\">\n<figure class=\"wp-block-image size-full\"><img loading=\"lazy\" decoding=\"async\" width=\"480\" height=\"399\" src=\"https:\/\/travauxneufs.lasolutionglobale.eu\/wp-content\/uploads\/2022\/10\/Capture-decran-2025-05-28-a-09.28.41.png\" alt=\"Capture d\u2019e\u0301cran 2025 05 28 a\u0300 09.28.41\" class=\"wp-image-6323\" srcset=\"https:\/\/travauxneufs.lasolutionglobale.eu\/wp-content\/uploads\/2022\/10\/Capture-decran-2025-05-28-a-09.28.41.png 480w, https:\/\/travauxneufs.lasolutionglobale.eu\/wp-content\/uploads\/2022\/10\/Capture-decran-2025-05-28-a-09.28.41-300x249.png 300w\" sizes=\"auto, (max-width: 480px) 100vw, 480px\" \/><\/figure>\n<\/div>\n\n\n\n<div class=\"wp-block-column is-layout-flow wp-block-column-is-layout-flow\">\n<figure class=\"wp-block-image size-full\"><img loading=\"lazy\" decoding=\"async\" width=\"479\" height=\"399\" src=\"https:\/\/travauxneufs.lasolutionglobale.eu\/wp-content\/uploads\/2022\/10\/Capture-decran-2025-05-28-a-08.47.03-1.png\" alt=\"Capture d\u2019e\u0301cran 2025 05 28 a\u0300 08.47.03\" class=\"wp-image-6302\" srcset=\"https:\/\/travauxneufs.lasolutionglobale.eu\/wp-content\/uploads\/2022\/10\/Capture-decran-2025-05-28-a-08.47.03-1.png 479w, https:\/\/travauxneufs.lasolutionglobale.eu\/wp-content\/uploads\/2022\/10\/Capture-decran-2025-05-28-a-08.47.03-1-300x250.png 300w\" sizes=\"auto, (max-width: 479px) 100vw, 479px\" \/><\/figure>\n<\/div>\n\n\n\n<div class=\"wp-block-column is-layout-flow wp-block-column-is-layout-flow\">\n<figure class=\"wp-block-image size-full\"><img loading=\"lazy\" decoding=\"async\" width=\"481\" height=\"399\" src=\"https:\/\/travauxneufs.lasolutionglobale.eu\/wp-content\/uploads\/2022\/10\/Capture-decran-2025-05-28-a-08.51.54.png\" alt=\"Capture d\u2019e\u0301cran 2025 05 28 a\u0300 08.51.54\" class=\"wp-image-6307\" srcset=\"https:\/\/travauxneufs.lasolutionglobale.eu\/wp-content\/uploads\/2022\/10\/Capture-decran-2025-05-28-a-08.51.54.png 481w, https:\/\/travauxneufs.lasolutionglobale.eu\/wp-content\/uploads\/2022\/10\/Capture-decran-2025-05-28-a-08.51.54-300x249.png 300w\" sizes=\"auto, (max-width: 481px) 100vw, 481px\" \/><\/figure>\n<\/div>\n<\/div>\n\n\n\n<div style=\"height:41px\" aria-hidden=\"true\" class=\"wp-block-spacer\"><\/div>\n\n\n\n<div class=\"wp-block-columns are-vertically-aligned-center is-style-arguments-rse is-style-description-rse is-layout-flex wp-container-core-columns-is-layout-9d6595d7 wp-block-columns-is-layout-flex\">\n<div class=\"wp-block-column is-vertically-aligned-center is-layout-flow wp-block-column-is-layout-flow\" style=\"flex-basis:90%\">\n<div class=\"wp-block-columns is-layout-flex wp-container-core-columns-is-layout-9d6595d7 wp-block-columns-is-layout-flex\">\n<div class=\"wp-block-column is-layout-flow wp-block-column-is-layout-flow\"><\/div>\n\n\n\n<div class=\"wp-block-column is-layout-flow wp-block-column-is-layout-flow\"><\/div>\n\n\n\n<div class=\"wp-block-column is-layout-flow wp-block-column-is-layout-flow\" style=\"flex-basis:17rem\">\n<figure class=\"wp-block-image size-full\"><img loading=\"lazy\" decoding=\"async\" width=\"422\" height=\"160\" src=\"https:\/\/travauxneufs.lasolutionglobale.eu\/wp-content\/uploads\/2022\/10\/Capture-decran-2025-05-28-a-09.34.28.png\" alt=\"Capture d\u2019e\u0301cran 2025 05 28 a\u0300 09.34.28\" class=\"wp-image-6330\" srcset=\"https:\/\/travauxneufs.lasolutionglobale.eu\/wp-content\/uploads\/2022\/10\/Capture-decran-2025-05-28-a-09.34.28.png 422w, https:\/\/travauxneufs.lasolutionglobale.eu\/wp-content\/uploads\/2022\/10\/Capture-decran-2025-05-28-a-09.34.28-300x114.png 300w\" sizes=\"auto, (max-width: 422px) 100vw, 422px\" \/><\/figure>\n<\/div>\n\n\n\n<div class=\"wp-block-column is-layout-flow wp-block-column-is-layout-flow\"><\/div>\n\n\n\n<div class=\"wp-block-column is-layout-flow wp-block-column-is-layout-flow\"><\/div>\n<\/div>\n\n\n\n<p>Le MASE (Manuel d\u2019Am\u00e9lioration S\u00e9curit\u00e9 Entreprise) est un r\u00e9f\u00e9rentiel visant \u00e0 am\u00e9liorer la Sant\u00e9 et la S\u00e9curit\u00e9 au travail ainsi que la protection de notre Environnement.<\/p>\n\n\n\n<p>Cette d\u00e9marche quotidienne, s\u2019inscrit dans le professionnalisme de nos \u00e9quipes pour obtenir la confiance de nos clients car la Sant\u00e9, S\u00e9curit\u00e9 et la pr\u00e9servation de l\u2019Environnement restent une r\u00e9elle priorit\u00e9 pour l\u2019ensemble des Femmes et Hommes qui constituent notre Groupe.<\/p>\n<\/div>\n<\/div>\n\n\n\n<div style=\"height:63px\" aria-hidden=\"true\" class=\"wp-block-spacer\"><\/div>\n\n\n\n<div class=\"wp-block-columns are-vertically-aligned-center is-style-arguments-rse is-style-description-rse is-layout-flex wp-container-core-columns-is-layout-9d6595d7 wp-block-columns-is-layout-flex\">\n<div class=\"wp-block-column is-vertically-aligned-center is-layout-flow wp-block-column-is-layout-flow\" style=\"flex-basis:90%\">\n<div class=\"wp-block-columns is-layout-flex wp-container-core-columns-is-layout-9d6595d7 wp-block-columns-is-layout-flex\">\n<div class=\"wp-block-column is-layout-flow wp-block-column-is-layout-flow\"><\/div>\n\n\n\n<div class=\"wp-block-column is-layout-flow wp-block-column-is-layout-flow\"><\/div>\n\n\n\n<div class=\"wp-block-column is-layout-flow wp-block-column-is-layout-flow\" style=\"flex-basis:17rem\">\n<figure class=\"wp-block-image size-full\"><img loading=\"lazy\" decoding=\"async\" width=\"418\" height=\"183\" src=\"https:\/\/travauxneufs.lasolutionglobale.eu\/wp-content\/uploads\/2022\/10\/Capture-decran-2025-05-28-a-09.37.16.png\" alt=\"Capture d\u2019e\u0301cran 2025 05 28 a\u0300 09.37.16\" class=\"wp-image-6332\" srcset=\"https:\/\/travauxneufs.lasolutionglobale.eu\/wp-content\/uploads\/2022\/10\/Capture-decran-2025-05-28-a-09.37.16.png 418w, https:\/\/travauxneufs.lasolutionglobale.eu\/wp-content\/uploads\/2022\/10\/Capture-decran-2025-05-28-a-09.37.16-300x131.png 300w\" sizes=\"auto, (max-width: 418px) 100vw, 418px\" \/><\/figure>\n<\/div>\n\n\n\n<div class=\"wp-block-column is-layout-flow wp-block-column-is-layout-flow\"><\/div>\n\n\n\n<div class=\"wp-block-column is-layout-flow wp-block-column-is-layout-flow\"><\/div>\n<\/div>\n\n\n\n<p>La certification qualit\u00e9 a \u00e9t\u00e9 d\u00e9livr\u00e9e au titre de la cat\u00e9gorie d\u2019action suivante&nbsp;: ACTION DE FORMATION<\/p>\n\n\n\n<p>\u00ab&nbsp;La marque QUALIOPI&nbsp;\u00bb est la marque de certification des prestataires d\u2019actions concourant au d\u00e9veloppement des comp\u00e9tences. <br>Elle a pour objectif d\u2019attester la qualit\u00e9 du processus mis en \u0153uvre pour dispenser des formations. <\/p>\n\n\n\n<p>NETCO est certifi\u00e9 QUALIOPI depuis 11\/08\/2022 par un organisme ext\u00e9rieur ind\u00e9pendant. <br>Cette certification permet \u00e0 nos clients de b\u00e9n\u00e9ficier de fonds publics ou mutualis\u00e9s (OPCO, etc&#8230;.)<\/p>\n\n\n\n<div class=\"wp-block-buttons is-layout-flex wp-block-buttons-is-layout-flex\">\n<div class=\"wp-block-button\"><a class=\"wp-block-button__link wp-element-button\" href=\"https:\/\/travauxneufs.lasolutionglobale.eu\/wp-content\/uploads\/2025\/09\/444986-45371-Certificat-Qualiopi-renouvellement-Cofrac.pdf\">Certificat Qualiopi<\/a><\/div>\n<\/div>\n<\/div>\n<\/div>\n\n\n\n<div style=\"height:63px\" aria-hidden=\"true\" class=\"wp-block-spacer\"><\/div>\n\n\n\n<div class=\"wp-block-columns are-vertically-aligned-center is-style-arguments-rse is-style-description-rse is-layout-flex wp-container-core-columns-is-layout-9d6595d7 wp-block-columns-is-layout-flex\">\n<div class=\"wp-block-column is-vertically-aligned-center is-layout-flow wp-block-column-is-layout-flow\" style=\"flex-basis:90%\">\n<div class=\"wp-block-columns is-layout-flex wp-container-core-columns-is-layout-9d6595d7 wp-block-columns-is-layout-flex\">\n<div class=\"wp-block-column is-layout-flow wp-block-column-is-layout-flow\"><\/div>\n\n\n\n<div class=\"wp-block-column is-layout-flow wp-block-column-is-layout-flow\"><\/div>\n\n\n\n<div class=\"wp-block-column is-layout-flow wp-block-column-is-layout-flow\" style=\"flex-basis:17rem\">\n<figure class=\"wp-block-image size-large is-resized\"><img loading=\"lazy\" decoding=\"async\" width=\"1024\" height=\"1024\" src=\"https:\/\/travauxneufs.lasolutionglobale.eu\/wp-content\/uploads\/2022\/10\/iStock-1373494355-1024x1024.jpg\" alt=\"Qse quality hygiene safety environment symbol in france\" class=\"wp-image-6284\" style=\"width:252px;height:auto\" srcset=\"https:\/\/travauxneufs.lasolutionglobale.eu\/wp-content\/uploads\/2022\/10\/iStock-1373494355-1024x1024.jpg 1024w, https:\/\/travauxneufs.lasolutionglobale.eu\/wp-content\/uploads\/2022\/10\/iStock-1373494355-300x300.jpg 300w, https:\/\/travauxneufs.lasolutionglobale.eu\/wp-content\/uploads\/2022\/10\/iStock-1373494355-150x150.jpg 150w, https:\/\/travauxneufs.lasolutionglobale.eu\/wp-content\/uploads\/2022\/10\/iStock-1373494355-768x768.jpg 768w, https:\/\/travauxneufs.lasolutionglobale.eu\/wp-content\/uploads\/2022\/10\/iStock-1373494355-1536x1536.jpg 1536w, https:\/\/travauxneufs.lasolutionglobale.eu\/wp-content\/uploads\/2022\/10\/iStock-1373494355-2048x2048.jpg 2048w\" sizes=\"auto, (max-width: 1024px) 100vw, 1024px\" \/><\/figure>\n<\/div>\n\n\n\n<div class=\"wp-block-column is-layout-flow wp-block-column-is-layout-flow\"><\/div>\n\n\n\n<div class=\"wp-block-column is-layout-flow wp-block-column-is-layout-flow\"><\/div>\n<\/div>\n\n\n\n<p>Depuis le lancement du projet&nbsp;NETCO, nous avons b\u00e2ti un syst\u00e8me de management totalement int\u00e9gr\u00e9 sur les piliers fondamentaux dans notre management&nbsp;:&nbsp;<br><strong>Qualit\u00e9,<\/strong> en s\u2019appuyant sur le r\u00e9f\u00e9rentiel ISO 9001<br>Sant\u00e9,&nbsp;<strong>Hygi\u00e8ne<\/strong>, <strong>S\u00e9curit\u00e9,&nbsp;Environnement<\/strong> avec notre certification MASE<\/p>\n<\/div>\n<\/div>\n\n\n\n<div style=\"height:63px\" aria-hidden=\"true\" class=\"wp-block-spacer\"><\/div>\n\n\n\n<div class=\"wp-block-columns are-vertically-aligned-center is-style-arguments-rse is-style-description-rse is-layout-flex wp-container-core-columns-is-layout-9d6595d7 wp-block-columns-is-layout-flex\">\n<div class=\"wp-block-column is-vertically-aligned-center is-layout-flow wp-block-column-is-layout-flow\" style=\"flex-basis:90%\">\n<div class=\"wp-block-columns is-layout-flex wp-container-core-columns-is-layout-9d6595d7 wp-block-columns-is-layout-flex\">\n<div class=\"wp-block-column is-layout-flow wp-block-column-is-layout-flow\"><\/div>\n\n\n\n<div class=\"wp-block-column is-layout-flow wp-block-column-is-layout-flow\"><\/div>\n\n\n\n<div class=\"wp-block-column is-layout-flow wp-block-column-is-layout-flow\" style=\"flex-basis:17rem\">\n<figure class=\"wp-block-image size-full\"><img loading=\"lazy\" decoding=\"async\" width=\"472\" height=\"393\" src=\"https:\/\/travauxneufs.lasolutionglobale.eu\/wp-content\/uploads\/2022\/10\/Capture-decran-2025-05-28-a-09.53.54.png\" alt=\"Capture d\u2019e\u0301cran 2025 05 28 a\u0300 09.53.54\" class=\"wp-image-6344\" srcset=\"https:\/\/travauxneufs.lasolutionglobale.eu\/wp-content\/uploads\/2022\/10\/Capture-decran-2025-05-28-a-09.53.54.png 472w, https:\/\/travauxneufs.lasolutionglobale.eu\/wp-content\/uploads\/2022\/10\/Capture-decran-2025-05-28-a-09.53.54-300x250.png 300w\" sizes=\"auto, (max-width: 472px) 100vw, 472px\" \/><\/figure>\n<\/div>\n\n\n\n<div class=\"wp-block-column is-layout-flow wp-block-column-is-layout-flow\"><\/div>\n\n\n\n<div class=\"wp-block-column is-layout-flow wp-block-column-is-layout-flow\"><\/div>\n<\/div>\n\n\n\n<p>NETCO a b\u00e2ti son organisation selon le r\u00e9f\u00e9rentiel ISO 9001. <br>C\u2019est une norme internationale qui constitue un guide pour le management d\u2019une entreprise. <br>L\u2019am\u00e9lioration continue et permanente de nos processus sont les vertus essentielles de notre Groupe pour garantir la satisfaction de nos clients.<\/p>\n<\/div>\n<\/div>\n<\/div>\n","protected":false},"excerpt":{"rendered":"<p>Services \/ Maintenance Notre expertise par activit\u00e9<\/p>\n","protected":false},"author":1,"featured_media":4098,"parent":0,"menu_order":0,"comment_status":"closed","ping_status":"closed","template":"","meta":{"_editorskit_title_hidden":false,"_editorskit_reading_time":1,"_editorskit_is_block_options_detached":false,"_editorskit_block_options_position":"{}","ghostkit_customizer_options":"","ghostkit_custom_css":"","ghostkit_custom_js_head":"","ghostkit_custom_js_foot":"","ghostkit_typography":"","slim_seo":{"title":"Secteurs d'activit\u00e9s - Travaux neufs","description":"Services \/ Maintenance Notre expertise par activit\u00e9"},"footnotes":""},"class_list":["post-46","page","type-page","status-publish","has-post-thumbnail","hentry"],"_links":{"self":[{"href":"https:\/\/travauxneufs.lasolutionglobale.eu\/fr\/wp-json\/wp\/v2\/pages\/46","targetHints":{"allow":["GET"]}}],"collection":[{"href":"https:\/\/travauxneufs.lasolutionglobale.eu\/fr\/wp-json\/wp\/v2\/pages"}],"about":[{"href":"https:\/\/travauxneufs.lasolutionglobale.eu\/fr\/wp-json\/wp\/v2\/types\/page"}],"author":[{"embeddable":true,"href":"https:\/\/travauxneufs.lasolutionglobale.eu\/fr\/wp-json\/wp\/v2\/users\/1"}],"replies":[{"embeddable":true,"href":"https:\/\/travauxneufs.lasolutionglobale.eu\/fr\/wp-json\/wp\/v2\/comments?post=46"}],"version-history":[{"count":26,"href":"https:\/\/travauxneufs.lasolutionglobale.eu\/fr\/wp-json\/wp\/v2\/pages\/46\/revisions"}],"predecessor-version":[{"id":5462,"href":"https:\/\/travauxneufs.lasolutionglobale.eu\/fr\/wp-json\/wp\/v2\/pages\/46\/revisions\/5462"}],"wp:featuredmedia":[{"embeddable":true,"href":"https:\/\/travauxneufs.lasolutionglobale.eu\/fr\/wp-json\/wp\/v2\/media\/4098"}],"wp:attachment":[{"href":"https:\/\/travauxneufs.lasolutionglobale.eu\/fr\/wp-json\/wp\/v2\/media?parent=46"}],"curies":[{"name":"wp","href":"https:\/\/api.w.org\/{rel}","templated":true}]}}