{"id":44,"date":"2022-04-12T11:00:56","date_gmt":"2022-04-12T09:00:56","guid":{"rendered":"https:\/\/netco.lasolutionglobale.be\/?page_id=44"},"modified":"2025-09-24T10:27:06","modified_gmt":"2025-09-24T08:27:06","slug":"services-et-produits","status":"publish","type":"page","link":"https:\/\/travauxneufs.lasolutionglobale.eu\/fr\/services-et-produits","title":{"rendered":"Services et produits"},"content":{"rendered":"\n<div class=\"wp-block-media-text alignwide has-media-on-the-right is-stacked-on-mobile\"><figure class=\"wp-block-media-text__media\"><img loading=\"lazy\" decoding=\"async\" width=\"1024\" height=\"683\" src=\"https:\/\/travauxneufs.lasolutionglobale.eu\/wp-content\/uploads\/2022\/09\/iStock-1035789200-1-1024x683.jpg\" alt=\"\" class=\"wp-image-3600 size-full\" srcset=\"https:\/\/travauxneufs.lasolutionglobale.eu\/wp-content\/uploads\/2022\/09\/iStock-1035789200-1-1024x683.jpg 1024w, https:\/\/travauxneufs.lasolutionglobale.eu\/wp-content\/uploads\/2022\/09\/iStock-1035789200-1-300x200.jpg 300w, https:\/\/travauxneufs.lasolutionglobale.eu\/wp-content\/uploads\/2022\/09\/iStock-1035789200-1-768x513.jpg 768w, https:\/\/travauxneufs.lasolutionglobale.eu\/wp-content\/uploads\/2022\/09\/iStock-1035789200-1-1536x1025.jpg 1536w, https:\/\/travauxneufs.lasolutionglobale.eu\/wp-content\/uploads\/2022\/09\/iStock-1035789200-1-2048x1367.jpg 2048w\" sizes=\"auto, (max-width: 1024px) 100vw, 1024px\" \/><\/figure><div class=\"wp-block-media-text__content\">\n<p><\/p>\n\n\n\n<h6 class=\"wp-block-heading\">PLUS DE 120 ANS D&rsquo;EXPERIENCE A VOTRE SERVICE <\/h6>\n\n\n\n<h2 class=\"wp-block-heading\">Une approche globale  <\/h2>\n\n\n\n<p>L&rsquo;approche globale NETCO est sa capacit\u00e9 \u00e0 intervenir sur l&rsquo;environnement complet de tous syst\u00e8mes de convoyeurs et de leurs composants.<\/p>\n\n\n\n<p>Les \u00e9quipes d&rsquo;interventions NETCO sont hautement qualifi\u00e9es, form\u00e9es, disponibles 24\/7, au plus proche de vos sites d&rsquo;exploitation et intervenant dans le respect des r\u00e8gles de s\u00e9curit\u00e9. <\/p>\n\n\n\n<p><\/p>\n\n\n\n<p>NETCO vous propose des solutions de maintenance sur mesure, adapt\u00e9es \u00e0 vos besoins et \u00e0 vos contraintes d&rsquo;exploitation.<\/p>\n\n\n\n<p>NETCO dispose d&rsquo;un acc\u00e8s \u00e0 toutes les gammes des produits disponibles sur le march\u00e9 et b\u00e9n\u00e9ficie ainsi d&rsquo;une compl\u00e8te ind\u00e9pendance technique pour vous conseiller et vous proposer les produits les plus adapt\u00e9s \u00e0 vos besoins.<\/p>\n\n\n\n<p>NETCO dispose d&rsquo;un stock important et de solutions logistiques performantes pour garantir la disponibilit\u00e9 permanente de vos produits. <\/p>\n\n\n\n<p><\/p>\n<\/div><\/div>\n\n\n\n<div class=\"wp-block-group is-style-lightgray-section is-layout-flow wp-block-group-is-layout-flow\"><nav class=\"netco-menus\" menu=\"services-produits-fr\"><a href=\"https:\/\/travauxneufs.lasolutionglobale.eu\/fr\/services-et-produits\/services-maintenance\"><div class=\"thumbnail\" ><img decoding=\"async\" src=\"https:\/\/travauxneufs.lasolutionglobale.eu\/wp-content\/uploads\/2022\/07\/services-maintenance-1-1024x688.png\"\/><\/div><div class=\"title\">Services &#038; Maintenance<\/div><\/a><a href=\"https:\/\/travauxneufs.lasolutionglobale.eu\/fr\/services-et-produits\/produits\"><div class=\"thumbnail\" ><img decoding=\"async\" src=\"https:\/\/travauxneufs.lasolutionglobale.eu\/wp-content\/uploads\/2022\/09\/IMG_6753-1024x768.jpg\"\/><\/div><div class=\"title\">Produits<\/div><\/a><a href=\"https:\/\/travauxneufs.lasolutionglobale.eu\/fr\/services-et-produits\/travaux-neufs\"><div class=\"thumbnail\" ><img decoding=\"async\" src=\"https:\/\/travauxneufs.lasolutionglobale.eu\/wp-content\/uploads\/2024\/04\/IMG_5768-1024x531.jpg\"\/><\/div><div class=\"title\">Travaux neufs<\/div><\/a><\/nav>\n\n\n\n<div style=\"height:4rem\" aria-hidden=\"true\" class=\"wp-block-spacer\"><\/div>\n\n\n\n<div class=\"wp-block-group ghostkit-d-none is-layout-flow wp-block-group-is-layout-flow\">\n<div class=\"wp-block-group is-style-lien-services-produits ek-linked-block is-layout-flow wp-block-group-is-layout-flow\">\n<figure class=\"wp-block-image size-large\"><img loading=\"lazy\" decoding=\"async\" width=\"1024\" height=\"431\" src=\"https:\/\/travauxneufs.lasolutionglobale.eu\/wp-content\/uploads\/2022\/07\/services-maintenance-e1658499373803-1024x431.png\" alt=\"services-maintenance\" class=\"wp-image-841\" srcset=\"https:\/\/travauxneufs.lasolutionglobale.eu\/wp-content\/uploads\/2022\/07\/services-maintenance-e1658499373803-1024x431.png 1024w, https:\/\/travauxneufs.lasolutionglobale.eu\/wp-content\/uploads\/2022\/07\/services-maintenance-e1658499373803-300x126.png 300w, https:\/\/travauxneufs.lasolutionglobale.eu\/wp-content\/uploads\/2022\/07\/services-maintenance-e1658499373803-768x323.png 768w, https:\/\/travauxneufs.lasolutionglobale.eu\/wp-content\/uploads\/2022\/07\/services-maintenance-e1658499373803-1536x646.png 1536w, https:\/\/travauxneufs.lasolutionglobale.eu\/wp-content\/uploads\/2022\/07\/services-maintenance-e1658499373803.png 1901w\" sizes=\"auto, (max-width: 1024px) 100vw, 1024px\" \/><\/figure>\n\n\n\n<p>Services &amp; Maintenances<\/p>\n<a href=\"https:\/\/travauxneufs.lasolutionglobale.eu\/fr\/services-et-produits\/services-maintenance\" class=\"editorskit-block-link\" rel=\"\"><\/a><\/div>\n\n\n\n<div class=\"wp-block-group is-style-lien-services-produits ek-linked-block is-layout-flow wp-block-group-is-layout-flow\">\n<figure class=\"wp-block-image size-large\"><img loading=\"lazy\" decoding=\"async\" width=\"1024\" height=\"577\" src=\"https:\/\/travauxneufs.lasolutionglobale.eu\/wp-content\/uploads\/2022\/09\/IMG_6753-copie-1024x577.jpg\" alt=\"\" class=\"wp-image-2657\" srcset=\"https:\/\/travauxneufs.lasolutionglobale.eu\/wp-content\/uploads\/2022\/09\/IMG_6753-copie-1024x577.jpg 1024w, https:\/\/travauxneufs.lasolutionglobale.eu\/wp-content\/uploads\/2022\/09\/IMG_6753-copie-300x169.jpg 300w, https:\/\/travauxneufs.lasolutionglobale.eu\/wp-content\/uploads\/2022\/09\/IMG_6753-copie-768x433.jpg 768w, https:\/\/travauxneufs.lasolutionglobale.eu\/wp-content\/uploads\/2022\/09\/IMG_6753-copie-1536x866.jpg 1536w, https:\/\/travauxneufs.lasolutionglobale.eu\/wp-content\/uploads\/2022\/09\/IMG_6753-copie-2048x1154.jpg 2048w\" sizes=\"auto, (max-width: 1024px) 100vw, 1024px\" \/><\/figure>\n\n\n\n<p>Produits<\/p>\n<a href=\"https:\/\/travauxneufs.lasolutionglobale.eu\/fr\/services-et-produits\/produits\" class=\"editorskit-block-link\" rel=\"\"><\/a><\/div>\n\n\n\n<div class=\"wp-block-group is-style-lien-services-produits ek-linked-block is-layout-flow wp-block-group-is-layout-flow\">\n<figure class=\"wp-block-image size-large\"><img loading=\"lazy\" decoding=\"async\" width=\"1024\" height=\"663\" src=\"https:\/\/travauxneufs.lasolutionglobale.eu\/wp-content\/uploads\/2022\/09\/iStock-1333277534-1-1024x663.jpg\" alt=\"Rotary feeder isometric blueprints\" class=\"wp-image-2600\" srcset=\"https:\/\/travauxneufs.lasolutionglobale.eu\/wp-content\/uploads\/2022\/09\/iStock-1333277534-1-1024x663.jpg 1024w, https:\/\/travauxneufs.lasolutionglobale.eu\/wp-content\/uploads\/2022\/09\/iStock-1333277534-1-300x194.jpg 300w, https:\/\/travauxneufs.lasolutionglobale.eu\/wp-content\/uploads\/2022\/09\/iStock-1333277534-1-768x497.jpg 768w, https:\/\/travauxneufs.lasolutionglobale.eu\/wp-content\/uploads\/2022\/09\/iStock-1333277534-1-1536x994.jpg 1536w, https:\/\/travauxneufs.lasolutionglobale.eu\/wp-content\/uploads\/2022\/09\/iStock-1333277534-1-2048x1326.jpg 2048w\" sizes=\"auto, (max-width: 1024px) 100vw, 1024px\" \/><figcaption>Stylized vector illustration of isometric blueprints of rotary feeder<\/figcaption><\/figure>\n\n\n\n<p>Travaux neufs<\/p>\n<a href=\"https:\/\/travauxneufs.lasolutionglobale.eu\/fr\/services-et-produits\/travaux-neufs\" class=\"editorskit-block-link\" rel=\"\"><\/a><\/div>\n<\/div>\n<\/div>\n\n\n\n<div id=\"nos-certifications\" class=\"wp-block-group is-style-blue-section is-layout-flow wp-block-group-is-layout-flow\">\n<h3 class=\"wp-block-heading has-text-align-center\" id=\"nos-certifications\">NOS CERTIFICATIONS<\/h3>\n\n\n\n<div class=\"wp-block-columns is-layout-flex wp-container-core-columns-is-layout-9d6595d7 wp-block-columns-is-layout-flex\">\n<div class=\"wp-block-column is-layout-flow wp-block-column-is-layout-flow\">\n<figure class=\"wp-block-image size-full\"><img loading=\"lazy\" decoding=\"async\" width=\"479\" height=\"399\" src=\"https:\/\/travauxneufs.lasolutionglobale.eu\/wp-content\/uploads\/2022\/10\/Capture-decran-2025-05-28-a-08.46.26.png\" alt=\"Capture d\u2019e\u0301cran 2025 05 28 a\u0300 08.46.26\" class=\"wp-image-6297\" srcset=\"https:\/\/travauxneufs.lasolutionglobale.eu\/wp-content\/uploads\/2022\/10\/Capture-decran-2025-05-28-a-08.46.26.png 479w, https:\/\/travauxneufs.lasolutionglobale.eu\/wp-content\/uploads\/2022\/10\/Capture-decran-2025-05-28-a-08.46.26-300x250.png 300w\" sizes=\"auto, (max-width: 479px) 100vw, 479px\" \/><\/figure>\n<\/div>\n\n\n\n<div class=\"wp-block-column is-layout-flow wp-block-column-is-layout-flow\">\n<figure class=\"wp-block-image size-full\"><img loading=\"lazy\" decoding=\"async\" width=\"480\" height=\"399\" src=\"https:\/\/travauxneufs.lasolutionglobale.eu\/wp-content\/uploads\/2022\/10\/Capture-decran-2025-05-28-a-09.28.41.png\" alt=\"Capture d\u2019e\u0301cran 2025 05 28 a\u0300 09.28.41\" class=\"wp-image-6323\" srcset=\"https:\/\/travauxneufs.lasolutionglobale.eu\/wp-content\/uploads\/2022\/10\/Capture-decran-2025-05-28-a-09.28.41.png 480w, https:\/\/travauxneufs.lasolutionglobale.eu\/wp-content\/uploads\/2022\/10\/Capture-decran-2025-05-28-a-09.28.41-300x249.png 300w\" sizes=\"auto, (max-width: 480px) 100vw, 480px\" \/><\/figure>\n<\/div>\n\n\n\n<div class=\"wp-block-column is-layout-flow wp-block-column-is-layout-flow\">\n<figure class=\"wp-block-image size-full\"><img loading=\"lazy\" decoding=\"async\" width=\"479\" height=\"399\" src=\"https:\/\/travauxneufs.lasolutionglobale.eu\/wp-content\/uploads\/2022\/10\/Capture-decran-2025-05-28-a-08.47.03-1.png\" alt=\"Capture d\u2019e\u0301cran 2025 05 28 a\u0300 08.47.03\" class=\"wp-image-6302\" srcset=\"https:\/\/travauxneufs.lasolutionglobale.eu\/wp-content\/uploads\/2022\/10\/Capture-decran-2025-05-28-a-08.47.03-1.png 479w, https:\/\/travauxneufs.lasolutionglobale.eu\/wp-content\/uploads\/2022\/10\/Capture-decran-2025-05-28-a-08.47.03-1-300x250.png 300w\" sizes=\"auto, (max-width: 479px) 100vw, 479px\" \/><\/figure>\n<\/div>\n\n\n\n<div class=\"wp-block-column is-layout-flow wp-block-column-is-layout-flow\">\n<figure class=\"wp-block-image size-full\"><img loading=\"lazy\" decoding=\"async\" width=\"481\" height=\"399\" src=\"https:\/\/travauxneufs.lasolutionglobale.eu\/wp-content\/uploads\/2022\/10\/Capture-decran-2025-05-28-a-08.51.54.png\" alt=\"Capture d\u2019e\u0301cran 2025 05 28 a\u0300 08.51.54\" class=\"wp-image-6307\" srcset=\"https:\/\/travauxneufs.lasolutionglobale.eu\/wp-content\/uploads\/2022\/10\/Capture-decran-2025-05-28-a-08.51.54.png 481w, https:\/\/travauxneufs.lasolutionglobale.eu\/wp-content\/uploads\/2022\/10\/Capture-decran-2025-05-28-a-08.51.54-300x249.png 300w\" sizes=\"auto, (max-width: 481px) 100vw, 481px\" \/><\/figure>\n<\/div>\n<\/div>\n\n\n\n<div style=\"height:41px\" aria-hidden=\"true\" class=\"wp-block-spacer\"><\/div>\n\n\n\n<div class=\"wp-block-columns are-vertically-aligned-center is-style-arguments-rse is-style-description-rse is-layout-flex wp-container-core-columns-is-layout-9d6595d7 wp-block-columns-is-layout-flex\">\n<div class=\"wp-block-column is-vertically-aligned-center is-layout-flow wp-block-column-is-layout-flow\" style=\"flex-basis:90%\">\n<div class=\"wp-block-columns is-layout-flex wp-container-core-columns-is-layout-9d6595d7 wp-block-columns-is-layout-flex\">\n<div class=\"wp-block-column is-layout-flow wp-block-column-is-layout-flow\"><\/div>\n\n\n\n<div class=\"wp-block-column is-layout-flow wp-block-column-is-layout-flow\"><\/div>\n\n\n\n<div class=\"wp-block-column is-layout-flow wp-block-column-is-layout-flow\" style=\"flex-basis:17rem\">\n<figure class=\"wp-block-image size-full\"><img loading=\"lazy\" decoding=\"async\" width=\"422\" height=\"160\" src=\"https:\/\/travauxneufs.lasolutionglobale.eu\/wp-content\/uploads\/2022\/10\/Capture-decran-2025-05-28-a-09.34.28.png\" alt=\"Capture d\u2019e\u0301cran 2025 05 28 a\u0300 09.34.28\" class=\"wp-image-6330\" srcset=\"https:\/\/travauxneufs.lasolutionglobale.eu\/wp-content\/uploads\/2022\/10\/Capture-decran-2025-05-28-a-09.34.28.png 422w, https:\/\/travauxneufs.lasolutionglobale.eu\/wp-content\/uploads\/2022\/10\/Capture-decran-2025-05-28-a-09.34.28-300x114.png 300w\" sizes=\"auto, (max-width: 422px) 100vw, 422px\" \/><\/figure>\n<\/div>\n\n\n\n<div class=\"wp-block-column is-layout-flow wp-block-column-is-layout-flow\"><\/div>\n\n\n\n<div class=\"wp-block-column is-layout-flow wp-block-column-is-layout-flow\"><\/div>\n<\/div>\n\n\n\n<p>Le MASE (Manuel d\u2019Am\u00e9lioration S\u00e9curit\u00e9 Entreprise) est un r\u00e9f\u00e9rentiel visant \u00e0 am\u00e9liorer la Sant\u00e9 et la S\u00e9curit\u00e9 au travail ainsi que la protection de notre Environnement.<\/p>\n\n\n\n<p>Cette d\u00e9marche quotidienne, s\u2019inscrit dans le professionnalisme de nos \u00e9quipes pour obtenir la confiance de nos clients car la Sant\u00e9, S\u00e9curit\u00e9 et la pr\u00e9servation de l\u2019Environnement restent une r\u00e9elle priorit\u00e9 pour l\u2019ensemble des Femmes et Hommes qui constituent notre Groupe.<\/p>\n<\/div>\n<\/div>\n\n\n\n<div style=\"height:63px\" aria-hidden=\"true\" class=\"wp-block-spacer\"><\/div>\n\n\n\n<div class=\"wp-block-columns are-vertically-aligned-center is-style-arguments-rse is-style-description-rse is-layout-flex wp-container-core-columns-is-layout-9d6595d7 wp-block-columns-is-layout-flex\">\n<div class=\"wp-block-column is-vertically-aligned-center is-layout-flow wp-block-column-is-layout-flow\" style=\"flex-basis:90%\">\n<div class=\"wp-block-columns is-layout-flex wp-container-core-columns-is-layout-9d6595d7 wp-block-columns-is-layout-flex\">\n<div class=\"wp-block-column is-layout-flow wp-block-column-is-layout-flow\"><\/div>\n\n\n\n<div class=\"wp-block-column is-layout-flow wp-block-column-is-layout-flow\"><\/div>\n\n\n\n<div class=\"wp-block-column is-layout-flow wp-block-column-is-layout-flow\" style=\"flex-basis:17rem\">\n<figure class=\"wp-block-image size-full\"><img loading=\"lazy\" decoding=\"async\" width=\"418\" height=\"183\" src=\"https:\/\/travauxneufs.lasolutionglobale.eu\/wp-content\/uploads\/2022\/10\/Capture-decran-2025-05-28-a-09.37.16.png\" alt=\"Capture d\u2019e\u0301cran 2025 05 28 a\u0300 09.37.16\" class=\"wp-image-6332\" srcset=\"https:\/\/travauxneufs.lasolutionglobale.eu\/wp-content\/uploads\/2022\/10\/Capture-decran-2025-05-28-a-09.37.16.png 418w, https:\/\/travauxneufs.lasolutionglobale.eu\/wp-content\/uploads\/2022\/10\/Capture-decran-2025-05-28-a-09.37.16-300x131.png 300w\" sizes=\"auto, (max-width: 418px) 100vw, 418px\" \/><\/figure>\n<\/div>\n\n\n\n<div class=\"wp-block-column is-layout-flow wp-block-column-is-layout-flow\"><\/div>\n\n\n\n<div class=\"wp-block-column is-layout-flow wp-block-column-is-layout-flow\"><\/div>\n<\/div>\n\n\n\n<p>La certification qualit\u00e9 a \u00e9t\u00e9 d\u00e9livr\u00e9e au titre de la cat\u00e9gorie d\u2019action suivante&nbsp;: ACTION DE FORMATION<\/p>\n\n\n\n<p>\u00ab&nbsp;La marque QUALIOPI&nbsp;\u00bb est la marque de certification des prestataires d\u2019actions concourant au d\u00e9veloppement des comp\u00e9tences. <br>Elle a pour objectif d\u2019attester la qualit\u00e9 du processus mis en \u0153uvre pour dispenser des formations. <\/p>\n\n\n\n<p>NETCO est certifi\u00e9 QUALIOPI depuis 11\/08\/2022 par un organisme ext\u00e9rieur ind\u00e9pendant. <br>Cette certification permet \u00e0 nos clients de b\u00e9n\u00e9ficier de fonds publics ou mutualis\u00e9s (OPCO, etc&#8230;.)<\/p>\n\n\n\n<div class=\"wp-block-buttons is-layout-flex wp-block-buttons-is-layout-flex\">\n<div class=\"wp-block-button\"><a class=\"wp-block-button__link wp-element-button\" href=\"https:\/\/travauxneufs.lasolutionglobale.eu\/wp-content\/uploads\/2025\/09\/444986-45371-Certificat-Qualiopi-renouvellement-Cofrac.pdf\">Certificat Qualiopi<\/a><\/div>\n<\/div>\n<\/div>\n<\/div>\n\n\n\n<div style=\"height:63px\" aria-hidden=\"true\" class=\"wp-block-spacer\"><\/div>\n\n\n\n<div class=\"wp-block-columns are-vertically-aligned-center is-style-arguments-rse is-style-description-rse is-layout-flex wp-container-core-columns-is-layout-9d6595d7 wp-block-columns-is-layout-flex\">\n<div class=\"wp-block-column is-vertically-aligned-center is-layout-flow wp-block-column-is-layout-flow\" style=\"flex-basis:90%\">\n<div class=\"wp-block-columns is-layout-flex wp-container-core-columns-is-layout-9d6595d7 wp-block-columns-is-layout-flex\">\n<div class=\"wp-block-column is-layout-flow wp-block-column-is-layout-flow\"><\/div>\n\n\n\n<div class=\"wp-block-column is-layout-flow wp-block-column-is-layout-flow\"><\/div>\n\n\n\n<div class=\"wp-block-column is-layout-flow wp-block-column-is-layout-flow\" style=\"flex-basis:17rem\">\n<figure class=\"wp-block-image size-large is-resized\"><img loading=\"lazy\" decoding=\"async\" width=\"1024\" height=\"1024\" src=\"https:\/\/travauxneufs.lasolutionglobale.eu\/wp-content\/uploads\/2022\/10\/iStock-1373494355-1024x1024.jpg\" alt=\"Qse quality hygiene safety environment symbol in france\" class=\"wp-image-6284\" style=\"width:252px;height:auto\" srcset=\"https:\/\/travauxneufs.lasolutionglobale.eu\/wp-content\/uploads\/2022\/10\/iStock-1373494355-1024x1024.jpg 1024w, https:\/\/travauxneufs.lasolutionglobale.eu\/wp-content\/uploads\/2022\/10\/iStock-1373494355-300x300.jpg 300w, https:\/\/travauxneufs.lasolutionglobale.eu\/wp-content\/uploads\/2022\/10\/iStock-1373494355-150x150.jpg 150w, https:\/\/travauxneufs.lasolutionglobale.eu\/wp-content\/uploads\/2022\/10\/iStock-1373494355-768x768.jpg 768w, https:\/\/travauxneufs.lasolutionglobale.eu\/wp-content\/uploads\/2022\/10\/iStock-1373494355-1536x1536.jpg 1536w, https:\/\/travauxneufs.lasolutionglobale.eu\/wp-content\/uploads\/2022\/10\/iStock-1373494355-2048x2048.jpg 2048w\" sizes=\"auto, (max-width: 1024px) 100vw, 1024px\" \/><\/figure>\n<\/div>\n\n\n\n<div class=\"wp-block-column is-layout-flow wp-block-column-is-layout-flow\"><\/div>\n\n\n\n<div class=\"wp-block-column is-layout-flow wp-block-column-is-layout-flow\"><\/div>\n<\/div>\n\n\n\n<p>Depuis le lancement du projet&nbsp;NETCO, nous avons b\u00e2ti un syst\u00e8me de management totalement int\u00e9gr\u00e9 sur les piliers fondamentaux dans notre management&nbsp;:&nbsp;<br><strong>Qualit\u00e9,<\/strong> en s\u2019appuyant sur le r\u00e9f\u00e9rentiel ISO 9001<br>Sant\u00e9,&nbsp;<strong>Hygi\u00e8ne<\/strong>, <strong>S\u00e9curit\u00e9,&nbsp;Environnement<\/strong> avec notre certification MASE<\/p>\n<\/div>\n<\/div>\n\n\n\n<div style=\"height:63px\" aria-hidden=\"true\" class=\"wp-block-spacer\"><\/div>\n\n\n\n<div class=\"wp-block-columns are-vertically-aligned-center is-style-arguments-rse is-style-description-rse is-layout-flex wp-container-core-columns-is-layout-9d6595d7 wp-block-columns-is-layout-flex\">\n<div class=\"wp-block-column is-vertically-aligned-center is-layout-flow wp-block-column-is-layout-flow\" style=\"flex-basis:90%\">\n<div class=\"wp-block-columns is-layout-flex wp-container-core-columns-is-layout-9d6595d7 wp-block-columns-is-layout-flex\">\n<div class=\"wp-block-column is-layout-flow wp-block-column-is-layout-flow\"><\/div>\n\n\n\n<div class=\"wp-block-column is-layout-flow wp-block-column-is-layout-flow\"><\/div>\n\n\n\n<div class=\"wp-block-column is-layout-flow wp-block-column-is-layout-flow\" style=\"flex-basis:17rem\">\n<figure class=\"wp-block-image size-full\"><img loading=\"lazy\" decoding=\"async\" width=\"472\" height=\"393\" src=\"https:\/\/travauxneufs.lasolutionglobale.eu\/wp-content\/uploads\/2022\/10\/Capture-decran-2025-05-28-a-09.53.54.png\" alt=\"Capture d\u2019e\u0301cran 2025 05 28 a\u0300 09.53.54\" class=\"wp-image-6344\" srcset=\"https:\/\/travauxneufs.lasolutionglobale.eu\/wp-content\/uploads\/2022\/10\/Capture-decran-2025-05-28-a-09.53.54.png 472w, https:\/\/travauxneufs.lasolutionglobale.eu\/wp-content\/uploads\/2022\/10\/Capture-decran-2025-05-28-a-09.53.54-300x250.png 300w\" sizes=\"auto, (max-width: 472px) 100vw, 472px\" \/><\/figure>\n<\/div>\n\n\n\n<div class=\"wp-block-column is-layout-flow wp-block-column-is-layout-flow\"><\/div>\n\n\n\n<div class=\"wp-block-column is-layout-flow wp-block-column-is-layout-flow\"><\/div>\n<\/div>\n\n\n\n<p>NETCO a b\u00e2ti son organisation selon le r\u00e9f\u00e9rentiel ISO 9001. <br>C\u2019est une norme internationale qui constitue un guide pour le management d\u2019une entreprise. <br>L\u2019am\u00e9lioration continue et permanente de nos processus sont les vertus essentielles de notre Groupe pour garantir la satisfaction de nos clients.<\/p>\n<\/div>\n<\/div>\n<\/div>\n","protected":false},"excerpt":{"rendered":"<p>PLUS DE 120 ANS D&rsquo;EXPERIENCE A VOTRE SERVICE Une approche globale L&rsquo;approche globale NETCO est sa capacit\u00e9 \u00e0 intervenir sur l&rsquo;environnement complet de tous syst\u00e8mes de convoyeurs et de leurs composants. Les \u00e9quipes d&rsquo;interventions NETCO sont hautement qualifi\u00e9es, form\u00e9es, disponibles 24\/7, au plus proche de vos sites d&rsquo;exploitation et intervenant dans le respect des r\u00e8gles [&hellip;]<\/p>\n","protected":false},"author":1,"featured_media":1994,"parent":0,"menu_order":0,"comment_status":"closed","ping_status":"closed","template":"","meta":{"_editorskit_title_hidden":false,"_editorskit_reading_time":1,"_editorskit_is_block_options_detached":false,"_editorskit_block_options_position":"{}","ghostkit_customizer_options":"","ghostkit_custom_css":"","ghostkit_custom_js_head":"","ghostkit_custom_js_foot":"","ghostkit_typography":"","slim_seo":{"title":"Services et produits - Travaux neufs","description":"Services &amp; Maintenances Produits Travaux neufs"},"footnotes":""},"class_list":["post-44","page","type-page","status-publish","has-post-thumbnail","hentry"],"_links":{"self":[{"href":"https:\/\/travauxneufs.lasolutionglobale.eu\/fr\/wp-json\/wp\/v2\/pages\/44","targetHints":{"allow":["GET"]}}],"collection":[{"href":"https:\/\/travauxneufs.lasolutionglobale.eu\/fr\/wp-json\/wp\/v2\/pages"}],"about":[{"href":"https:\/\/travauxneufs.lasolutionglobale.eu\/fr\/wp-json\/wp\/v2\/types\/page"}],"author":[{"embeddable":true,"href":"https:\/\/travauxneufs.lasolutionglobale.eu\/fr\/wp-json\/wp\/v2\/users\/1"}],"replies":[{"embeddable":true,"href":"https:\/\/travauxneufs.lasolutionglobale.eu\/fr\/wp-json\/wp\/v2\/comments?post=44"}],"version-history":[{"count":99,"href":"https:\/\/travauxneufs.lasolutionglobale.eu\/fr\/wp-json\/wp\/v2\/pages\/44\/revisions"}],"predecessor-version":[{"id":4240,"href":"https:\/\/travauxneufs.lasolutionglobale.eu\/fr\/wp-json\/wp\/v2\/pages\/44\/revisions\/4240"}],"wp:featuredmedia":[{"embeddable":true,"href":"https:\/\/travauxneufs.lasolutionglobale.eu\/fr\/wp-json\/wp\/v2\/media\/1994"}],"wp:attachment":[{"href":"https:\/\/travauxneufs.lasolutionglobale.eu\/fr\/wp-json\/wp\/v2\/media?parent=44"}],"curies":[{"name":"wp","href":"https:\/\/api.w.org\/{rel}","templated":true}]}}