{"id":3396,"date":"2022-09-27T15:22:41","date_gmt":"2022-09-27T13:22:41","guid":{"rendered":"https:\/\/netco.lasolutionglobale.be\/?page_id=3396"},"modified":"2022-10-06T14:35:27","modified_gmt":"2022-10-06T12:35:27","slug":"service-depannage-24h-24","status":"publish","type":"page","link":"https:\/\/travauxneufs.lasolutionglobale.eu\/fr\/services-et-produits\/services-maintenance\/service-depannage-24h-24","title":{"rendered":"Service d\u00e9pannage 24\/7"},"content":{"rendered":"\n<div class=\"wp-block-columns are-vertically-aligned-bottom is-layout-flex wp-container-core-columns-is-layout-9d6595d7 wp-block-columns-is-layout-flex\">\n<div class=\"wp-block-column is-vertically-aligned-bottom is-layout-flow wp-block-column-is-layout-flow\" style=\"flex-basis:65%\"><nav class=\"breadcrumbs\" aria-label=\"Fil d\u2019Ariane\"><a href=\"https:\/\/travauxneufs.lasolutionglobale.eu\/fr\" class=\"breadcrumb breadcrumb--first\">Accueil<\/a><\/nav>\n\n\n\n<h2 class=\"wp-block-heading\">Service de d\u00e9pannage et d&rsquo;intervention 365j\/365 24h\/24<\/h2>\n<\/div>\n\n\n\n<div class=\"wp-block-column is-vertically-aligned-bottom is-layout-flow wp-block-column-is-layout-flow\" style=\"flex-basis:35%\">\n<div class=\"wp-block-group is-style-blue-square is-layout-flow wp-block-group-is-layout-flow\">\n<figure class=\"wp-block-image size-full\"><img loading=\"lazy\" decoding=\"async\" width=\"534\" height=\"452\" src=\"https:\/\/travauxneufs.lasolutionglobale.eu\/wp-content\/uploads\/2022\/09\/24-24-7-7.png\" alt=\"24-24-7-7\" class=\"wp-image-2512\" srcset=\"https:\/\/travauxneufs.lasolutionglobale.eu\/wp-content\/uploads\/2022\/09\/24-24-7-7.png 534w, https:\/\/travauxneufs.lasolutionglobale.eu\/wp-content\/uploads\/2022\/09\/24-24-7-7-300x254.png 300w\" sizes=\"auto, (max-width: 534px) 100vw, 534px\" \/><\/figure>\n\n\n\n<p class=\"has-text-align-center\">Un service disponible <br><strong>365j\/365<\/strong> et <strong>24h\/24<\/strong><\/p>\n<\/div>\n<\/div>\n<\/div>\n\n\n\n<div class=\"wp-block-columns are-vertically-aligned-center is-layout-flex wp-container-core-columns-is-layout-9d6595d7 wp-block-columns-is-layout-flex\">\n<div class=\"wp-block-column is-vertically-aligned-center is-layout-flow wp-block-column-is-layout-flow\" style=\"flex-basis:60%\">\n<p><strong>Nos \u00e9quipes sont mobilis\u00e9es pour vous offrir un service de d\u00e9pannage 7\/7 &amp; 24h\/24<\/strong><\/p>\n\n\n\n<p><br>Pour toutes interventions d&rsquo;urgences ou d&rsquo;arr\u00eats non programm\u00e9s de vos lignes de production <br>NETCO assure la disponibilit\u00e9 permanente de nos \u00e9quipes d\u2019interventions sur l&rsquo;ensemble du territoire<\/p>\n\n\n\n<p><br>NETCO et ses \u00e9quipes s&rsquo;engagement sur leur r\u00e9activit\u00e9 avec obligations de r\u00e9sultats et de remise en service de vos installations dans les meilleurs d\u00e9lais <\/p>\n\n\n\n<p><br><strong>Notre objectif est de limiter vos temps d\u2019arr\u00eats d&rsquo;urgence et non programm\u00e9s<\/strong><\/p>\n\n\n\n<p><\/p>\n<\/div>\n<\/div>\n\n\n\n<div class=\"wp-block-group is-style-lightgray-section is-layout-flow wp-block-group-is-layout-flow\">\n<h2 class=\"has-text-align-center wp-block-heading\">NETCO fait la diff\u00e9rence<\/h2>\n\n\n\n<p class=\"has-text-align-center\">Une r\u00e9activit\u00e9 24\/7 de nos \u00e9quipes d\u00e8s la prise en compte et l&rsquo;analyse de vos besoins d&rsquo;intervention urgente d&rsquo;urgente !<\/p>\n\n\n\n<div class=\"wp-block-group is-style-services is-layout-flow wp-block-group-is-layout-flow\">\n<div class=\"wp-block-group is-layout-flow wp-block-group-is-layout-flow\">\n<p>Raison n\u00b01<\/p>\n\n\n\n<p>Acc\u00e8s \u00e0 toutes les gammes avec une logistique performante et une ind\u00e9pendance technique<\/p>\n<\/div>\n\n\n\n<div class=\"wp-block-group is-layout-flow wp-block-group-is-layout-flow\">\n<p>Raison n\u00b02<\/p>\n\n\n\n<p>Nos collaborateurs sp\u00e9cialistes, hautement qualifi\u00e9s et form\u00e9s sont disponibles 24\/7 !<\/p>\n<\/div>\n\n\n\n<div class=\"wp-block-group is-layout-flow wp-block-group-is-layout-flow\">\n<p>Raison n\u00b04<\/p>\n\n\n\n<p>Interventions 24\/7 sur tous vos sites d\u2019exploitation&nbsp;<\/p>\n<\/div>\n\n\n\n<div class=\"wp-block-group is-layout-flow wp-block-group-is-layout-flow\">\n<p>Raison n\u00b03<\/p>\n\n\n\n<p>Plus de 120 ans d\u2019exp\u00e9rience et d\u2019expertise que nous partageons avec nos clients.<\/p>\n<\/div>\n<\/div>\n<\/div>\n","protected":false},"excerpt":{"rendered":"<p>Service de d\u00e9pannage et d&rsquo;intervention 365j\/365 24h\/24 Un service disponible 365j\/365 et 24h\/24 Nos \u00e9quipes sont mobilis\u00e9es pour vous offrir un service de d\u00e9pannage 7\/7 &amp; 24h\/24 Pour toutes interventions d&rsquo;urgences ou d&rsquo;arr\u00eats non programm\u00e9s de vos lignes de production NETCO assure la disponibilit\u00e9 permanente de nos \u00e9quipes d\u2019interventions sur l&rsquo;ensemble du territoire NETCO et [&hellip;]<\/p>\n","protected":false},"author":1,"featured_media":2632,"parent":80,"menu_order":0,"comment_status":"closed","ping_status":"closed","template":"","meta":{"_editorskit_title_hidden":false,"_editorskit_reading_time":1,"_editorskit_is_block_options_detached":false,"_editorskit_block_options_position":"{}","ghostkit_customizer_options":"","ghostkit_custom_css":"","ghostkit_custom_js_head":"","ghostkit_custom_js_foot":"","ghostkit_typography":"","slim_seo":{"title":"Service d\u00e9pannage 24\/7 - Travaux neufs","description":"Service de d\u00e9pannage et d'intervention 365j\/365 24h\/24 Un service disponible 365j\/365 et 24h\/24 Nos \u00e9quipes sont mobilis\u00e9es pour vous offrir un service de d\u00e9pan"},"footnotes":""},"class_list":["post-3396","page","type-page","status-publish","has-post-thumbnail","hentry"],"_links":{"self":[{"href":"https:\/\/travauxneufs.lasolutionglobale.eu\/fr\/wp-json\/wp\/v2\/pages\/3396","targetHints":{"allow":["GET"]}}],"collection":[{"href":"https:\/\/travauxneufs.lasolutionglobale.eu\/fr\/wp-json\/wp\/v2\/pages"}],"about":[{"href":"https:\/\/travauxneufs.lasolutionglobale.eu\/fr\/wp-json\/wp\/v2\/types\/page"}],"author":[{"embeddable":true,"href":"https:\/\/travauxneufs.lasolutionglobale.eu\/fr\/wp-json\/wp\/v2\/users\/1"}],"replies":[{"embeddable":true,"href":"https:\/\/travauxneufs.lasolutionglobale.eu\/fr\/wp-json\/wp\/v2\/comments?post=3396"}],"version-history":[{"count":26,"href":"https:\/\/travauxneufs.lasolutionglobale.eu\/fr\/wp-json\/wp\/v2\/pages\/3396\/revisions"}],"predecessor-version":[{"id":4607,"href":"https:\/\/travauxneufs.lasolutionglobale.eu\/fr\/wp-json\/wp\/v2\/pages\/3396\/revisions\/4607"}],"up":[{"embeddable":true,"href":"https:\/\/travauxneufs.lasolutionglobale.eu\/fr\/wp-json\/wp\/v2\/pages\/80"}],"wp:featuredmedia":[{"embeddable":true,"href":"https:\/\/travauxneufs.lasolutionglobale.eu\/fr\/wp-json\/wp\/v2\/media\/2632"}],"wp:attachment":[{"href":"https:\/\/travauxneufs.lasolutionglobale.eu\/fr\/wp-json\/wp\/v2\/media?parent=3396"}],"curies":[{"name":"wp","href":"https:\/\/api.w.org\/{rel}","templated":true}]}}