{"id":2245,"date":"2022-09-19T12:04:21","date_gmt":"2022-09-19T10:04:21","guid":{"rendered":"https:\/\/netco.lasolutionglobale.be\/?page_id=2245"},"modified":"2022-10-05T03:07:01","modified_gmt":"2022-10-05T01:07:01","slug":"amelioration-continue","status":"publish","type":"page","link":"https:\/\/travauxneufs.lasolutionglobale.eu\/fr\/lhumain-chez-netco\/amelioration-continue","title":{"rendered":"Am\u00e9lioration continue"},"content":{"rendered":"\n<div class=\"wp-block-group is-style-white-section-yellow-shadow is-layout-flow wp-block-group-is-layout-flow\"><nav class=\"breadcrumbs\" aria-label=\"Fil d\u2019Ariane\"><a href=\"https:\/\/travauxneufs.lasolutionglobale.eu\/fr\" class=\"breadcrumb breadcrumb--first\">Accueil<\/a><\/nav>\n\n\n\n<h2 class=\"wp-block-heading\">Ecoute, humilit\u00e9 et optimisation des retours d&rsquo;exp\u00e9rience<\/h2>\n\n\n\n<p>En lien\u00a0constant et \u00e0 l\u2019\u00e9coute de ses collaborateurs, la\u00a0direction op\u00e9rationnelle du groupe NETCO ne cesse d\u2019\u00eatre en veille sur les axes d\u2019am\u00e9lioration, de se remettre en question, de respecter et mettre en application les nouvelles normes ou directives.<\/p>\n\n\n\n<p>Les diff\u00e9rentes unit\u00e9s et chefs de services n\u2019h\u00e9sitent pas \u00e0 revoir et optimiser les modes op\u00e9ratoires afin de proposer un environnement de travail en constante am\u00e9lioration.<\/p>\n\n\n\n<p><\/p>\n<\/div>\n","protected":false},"excerpt":{"rendered":"<p>Ecoute, humilit\u00e9 et optimisation des retours d&rsquo;exp\u00e9rience En lien\u00a0constant et \u00e0 l\u2019\u00e9coute de ses collaborateurs, la\u00a0direction op\u00e9rationnelle du groupe NETCO ne cesse d\u2019\u00eatre en veille sur les axes d\u2019am\u00e9lioration, de se remettre en question, de respecter et mettre en application les nouvelles normes ou directives. Les diff\u00e9rentes unit\u00e9s et chefs de services n\u2019h\u00e9sitent pas \u00e0 [&hellip;]<\/p>\n","protected":false},"author":1,"featured_media":2167,"parent":42,"menu_order":0,"comment_status":"closed","ping_status":"closed","template":"","meta":{"_editorskit_title_hidden":false,"_editorskit_reading_time":1,"_editorskit_is_block_options_detached":false,"_editorskit_block_options_position":"{}","ghostkit_customizer_options":"","ghostkit_custom_css":"","ghostkit_custom_js_head":"","ghostkit_custom_js_foot":"","ghostkit_typography":"","slim_seo":{"title":"Am\u00e9lioration continue - Travaux neufs","description":"Ecoute, humilit\u00e9 et optimisation des retours d'exp\u00e9rience En lien\u00a0constant et \u00e0 l\u2019\u00e9coute de ses collaborateurs, la\u00a0direction op\u00e9rationnelle du groupe NETCO ne c"},"footnotes":""},"class_list":["post-2245","page","type-page","status-publish","has-post-thumbnail","hentry"],"_links":{"self":[{"href":"https:\/\/travauxneufs.lasolutionglobale.eu\/fr\/wp-json\/wp\/v2\/pages\/2245","targetHints":{"allow":["GET"]}}],"collection":[{"href":"https:\/\/travauxneufs.lasolutionglobale.eu\/fr\/wp-json\/wp\/v2\/pages"}],"about":[{"href":"https:\/\/travauxneufs.lasolutionglobale.eu\/fr\/wp-json\/wp\/v2\/types\/page"}],"author":[{"embeddable":true,"href":"https:\/\/travauxneufs.lasolutionglobale.eu\/fr\/wp-json\/wp\/v2\/users\/1"}],"replies":[{"embeddable":true,"href":"https:\/\/travauxneufs.lasolutionglobale.eu\/fr\/wp-json\/wp\/v2\/comments?post=2245"}],"version-history":[{"count":7,"href":"https:\/\/travauxneufs.lasolutionglobale.eu\/fr\/wp-json\/wp\/v2\/pages\/2245\/revisions"}],"predecessor-version":[{"id":4279,"href":"https:\/\/travauxneufs.lasolutionglobale.eu\/fr\/wp-json\/wp\/v2\/pages\/2245\/revisions\/4279"}],"up":[{"embeddable":true,"href":"https:\/\/travauxneufs.lasolutionglobale.eu\/fr\/wp-json\/wp\/v2\/pages\/42"}],"wp:featuredmedia":[{"embeddable":true,"href":"https:\/\/travauxneufs.lasolutionglobale.eu\/fr\/wp-json\/wp\/v2\/media\/2167"}],"wp:attachment":[{"href":"https:\/\/travauxneufs.lasolutionglobale.eu\/fr\/wp-json\/wp\/v2\/media?parent=2245"}],"curies":[{"name":"wp","href":"https:\/\/api.w.org\/{rel}","templated":true}]}}