{"id":2232,"date":"2022-09-19T12:01:45","date_gmt":"2022-09-19T10:01:45","guid":{"rendered":"https:\/\/netco.lasolutionglobale.be\/?page_id=2232"},"modified":"2022-09-27T07:21:23","modified_gmt":"2022-09-27T05:21:23","slug":"epanouissement-professionnel","status":"publish","type":"page","link":"https:\/\/travauxneufs.lasolutionglobale.eu\/fr\/lhumain-chez-netco\/epanouissement-professionnel","title":{"rendered":"\u00c9panouissement professionnel"},"content":{"rendered":"\n<div class=\"wp-block-group is-style-white-section-yellow-shadow is-layout-flow wp-block-group-is-layout-flow\"><nav class=\"breadcrumbs\" aria-label=\"Fil d\u2019Ariane\"><a href=\"https:\/\/travauxneufs.lasolutionglobale.eu\/fr\" class=\"breadcrumb breadcrumb--first\">Accueil<\/a><\/nav>\n\n\n\n<h2 class=\"wp-block-heading\">Nous nous attachons \u00e0&nbsp;:<\/h2>\n\n\n\n<ul class=\"wp-block-list\"><li>Mettre en valeur le travail de chacun,<\/li><li>Permettre \u00e0 tous de gagner en autonomie sur leurs diff\u00e9rentes missions,<\/li><li>Veiller \u00e0 la responsabilisation des \u00e9quipes dans l\u2019accomplissement de leur missions,<\/li><li>Accompagner les collaborateurs faces aux difficult\u00e9s,<\/li><li>Donner du sens au travail<\/li><\/ul>\n\n\n\n<p class=\"has-blue-color has-text-color\"><strong>Un collaborateur motiv\u00e9 = un client satisfait !<\/strong><\/p>\n\n\n\n<p><\/p>\n<\/div>\n","protected":false},"excerpt":{"rendered":"<p>Nous nous attachons \u00e0&nbsp;: Mettre en valeur le travail de chacun, Permettre \u00e0 tous de gagner en autonomie sur leurs diff\u00e9rentes missions, Veiller \u00e0 la responsabilisation des \u00e9quipes dans l\u2019accomplissement de leur missions, Accompagner les collaborateurs faces aux difficult\u00e9s, Donner du sens au travail Un collaborateur motiv\u00e9 = un client satisfait !<\/p>\n","protected":false},"author":1,"featured_media":2179,"parent":42,"menu_order":0,"comment_status":"closed","ping_status":"closed","template":"","meta":{"_editorskit_title_hidden":false,"_editorskit_reading_time":1,"_editorskit_is_block_options_detached":false,"_editorskit_block_options_position":"{}","ghostkit_customizer_options":"","ghostkit_custom_css":"","ghostkit_custom_js_head":"","ghostkit_custom_js_foot":"","ghostkit_typography":"","slim_seo":{"title":"\u00c9panouissement professionnel - Travaux neufs","description":"Nous nous attachons \u00e0&nbsp;: Un collaborateur motiv\u00e9 = un client satisfait !"},"footnotes":""},"class_list":["post-2232","page","type-page","status-publish","has-post-thumbnail","hentry"],"_links":{"self":[{"href":"https:\/\/travauxneufs.lasolutionglobale.eu\/fr\/wp-json\/wp\/v2\/pages\/2232","targetHints":{"allow":["GET"]}}],"collection":[{"href":"https:\/\/travauxneufs.lasolutionglobale.eu\/fr\/wp-json\/wp\/v2\/pages"}],"about":[{"href":"https:\/\/travauxneufs.lasolutionglobale.eu\/fr\/wp-json\/wp\/v2\/types\/page"}],"author":[{"embeddable":true,"href":"https:\/\/travauxneufs.lasolutionglobale.eu\/fr\/wp-json\/wp\/v2\/users\/1"}],"replies":[{"embeddable":true,"href":"https:\/\/travauxneufs.lasolutionglobale.eu\/fr\/wp-json\/wp\/v2\/comments?post=2232"}],"version-history":[{"count":5,"href":"https:\/\/travauxneufs.lasolutionglobale.eu\/fr\/wp-json\/wp\/v2\/pages\/2232\/revisions"}],"predecessor-version":[{"id":3222,"href":"https:\/\/travauxneufs.lasolutionglobale.eu\/fr\/wp-json\/wp\/v2\/pages\/2232\/revisions\/3222"}],"up":[{"embeddable":true,"href":"https:\/\/travauxneufs.lasolutionglobale.eu\/fr\/wp-json\/wp\/v2\/pages\/42"}],"wp:featuredmedia":[{"embeddable":true,"href":"https:\/\/travauxneufs.lasolutionglobale.eu\/fr\/wp-json\/wp\/v2\/media\/2179"}],"wp:attachment":[{"href":"https:\/\/travauxneufs.lasolutionglobale.eu\/fr\/wp-json\/wp\/v2\/media?parent=2232"}],"curies":[{"name":"wp","href":"https:\/\/api.w.org\/{rel}","templated":true}]}}