{"id":2225,"date":"2022-09-19T12:00:26","date_gmt":"2022-09-19T10:00:26","guid":{"rendered":"https:\/\/netco.lasolutionglobale.be\/?page_id=2225"},"modified":"2022-10-05T03:04:59","modified_gmt":"2022-10-05T01:04:59","slug":"evolution-et-valorisation","status":"publish","type":"page","link":"https:\/\/travauxneufs.lasolutionglobale.eu\/fr\/lhumain-chez-netco\/evolution-et-valorisation","title":{"rendered":"\u00c9volution et valorisation"},"content":{"rendered":"\n<div class=\"wp-block-group is-style-white-section-yellow-shadow is-layout-flow wp-block-group-is-layout-flow\"><nav class=\"breadcrumbs\" aria-label=\"Fil d\u2019Ariane\"><a href=\"https:\/\/travauxneufs.lasolutionglobale.eu\/fr\" class=\"breadcrumb breadcrumb--first\">Accueil<\/a><\/nav>\n\n\n\n<h2 class=\"wp-block-heading\">Chez NETCO, nos \u00e9quipes ont du talent !<\/h2>\n\n\n\n<p>L\u2019identification des potentiels pour anticiper les \u00e9volutions de carri\u00e8res et la prise de responsabilit\u00e9 est un axe fort de notre politique manag\u00e9riale.<\/p>\n\n\n\n<p>Proposer \u00e0 chacun un plan de carri\u00e8re personnalis\u00e9 nous permet de valoriser l\u2019engagement de nos collaborateurs.<\/p>\n\n\n\n<p><strong>Notre priorit\u00e9 :<\/strong> responsabilisation et autonomie de chacun d\u2019entre nous\u00a0!<\/p>\n\n\n\n<p><\/p>\n<\/div>\n","protected":false},"excerpt":{"rendered":"<p>Chez NETCO, nos \u00e9quipes ont du talent ! L\u2019identification des potentiels pour anticiper les \u00e9volutions de carri\u00e8res et la prise de responsabilit\u00e9 est un axe fort de notre politique manag\u00e9riale. Proposer \u00e0 chacun un plan de carri\u00e8re personnalis\u00e9 nous permet de valoriser l\u2019engagement de nos collaborateurs. Notre priorit\u00e9 : responsabilisation et autonomie de chacun d\u2019entre [&hellip;]<\/p>\n","protected":false},"author":1,"featured_media":2183,"parent":42,"menu_order":0,"comment_status":"closed","ping_status":"closed","template":"","meta":{"_editorskit_title_hidden":false,"_editorskit_reading_time":1,"_editorskit_is_block_options_detached":false,"_editorskit_block_options_position":"{}","ghostkit_customizer_options":"","ghostkit_custom_css":"","ghostkit_custom_js_head":"","ghostkit_custom_js_foot":"","ghostkit_typography":"","slim_seo":{"title":"\u00c9volution et valorisation - Travaux neufs","description":"Chez NETCO, nos \u00e9quipes ont du talent ! L\u2019identification des potentiels pour anticiper les \u00e9volutions de carri\u00e8res et la prise de responsabilit\u00e9 est un axe fort"},"footnotes":""},"class_list":["post-2225","page","type-page","status-publish","has-post-thumbnail","hentry"],"_links":{"self":[{"href":"https:\/\/travauxneufs.lasolutionglobale.eu\/fr\/wp-json\/wp\/v2\/pages\/2225","targetHints":{"allow":["GET"]}}],"collection":[{"href":"https:\/\/travauxneufs.lasolutionglobale.eu\/fr\/wp-json\/wp\/v2\/pages"}],"about":[{"href":"https:\/\/travauxneufs.lasolutionglobale.eu\/fr\/wp-json\/wp\/v2\/types\/page"}],"author":[{"embeddable":true,"href":"https:\/\/travauxneufs.lasolutionglobale.eu\/fr\/wp-json\/wp\/v2\/users\/1"}],"replies":[{"embeddable":true,"href":"https:\/\/travauxneufs.lasolutionglobale.eu\/fr\/wp-json\/wp\/v2\/comments?post=2225"}],"version-history":[{"count":5,"href":"https:\/\/travauxneufs.lasolutionglobale.eu\/fr\/wp-json\/wp\/v2\/pages\/2225\/revisions"}],"predecessor-version":[{"id":4277,"href":"https:\/\/travauxneufs.lasolutionglobale.eu\/fr\/wp-json\/wp\/v2\/pages\/2225\/revisions\/4277"}],"up":[{"embeddable":true,"href":"https:\/\/travauxneufs.lasolutionglobale.eu\/fr\/wp-json\/wp\/v2\/pages\/42"}],"wp:featuredmedia":[{"embeddable":true,"href":"https:\/\/travauxneufs.lasolutionglobale.eu\/fr\/wp-json\/wp\/v2\/media\/2183"}],"wp:attachment":[{"href":"https:\/\/travauxneufs.lasolutionglobale.eu\/fr\/wp-json\/wp\/v2\/media?parent=2225"}],"curies":[{"name":"wp","href":"https:\/\/api.w.org\/{rel}","templated":true}]}}