{"id":2216,"date":"2022-09-19T11:57:28","date_gmt":"2022-09-19T09:57:28","guid":{"rendered":"https:\/\/netco.lasolutionglobale.be\/?page_id=2216"},"modified":"2022-10-05T03:01:46","modified_gmt":"2022-10-05T01:01:46","slug":"qualite","status":"publish","type":"page","link":"https:\/\/travauxneufs.lasolutionglobale.eu\/fr\/lhumain-chez-netco\/qualite","title":{"rendered":"Qualit\u00e9"},"content":{"rendered":"\n<div class=\"wp-block-group is-style-white-section-yellow-shadow is-layout-flow wp-block-group-is-layout-flow\"><nav class=\"breadcrumbs\" aria-label=\"Fil d\u2019Ariane\"><a href=\"https:\/\/travauxneufs.lasolutionglobale.eu\/fr\" class=\"breadcrumb breadcrumb--first\">Accueil<\/a><\/nav>\n\n\n\n<h2 class=\"wp-block-heading\">Qualit\u00e9 de nos interventions<\/h2>\n\n\n\n<p>L\u2019ADN du Groupe NETCO&nbsp;: la performance des \u00e9quipes au service du client.<\/p>\n\n\n\n<p>Orient\u00e9s vers la satisfaction client, titulaires d\u2019un v\u00e9ritable savoir-faire, nos collaborateurs apportent une qualit\u00e9 de service sup\u00e9rieure dans l\u2019ensemble de leurs r\u00e9alisations.<\/p>\n\n\n\n<p>Int\u00e9gr\u00e9es dans un processus qualit\u00e9, nos \u00e9quipes poursuivent un objectif d\u2019am\u00e9lioration continue.<\/p>\n\n\n\n<p><\/p>\n<\/div>\n","protected":false},"excerpt":{"rendered":"<p>Qualit\u00e9 de nos interventions L\u2019ADN du Groupe NETCO&nbsp;: la performance des \u00e9quipes au service du client. Orient\u00e9s vers la satisfaction client, titulaires d\u2019un v\u00e9ritable savoir-faire, nos collaborateurs apportent une qualit\u00e9 de service sup\u00e9rieure dans l\u2019ensemble de leurs r\u00e9alisations. Int\u00e9gr\u00e9es dans un processus qualit\u00e9, nos \u00e9quipes poursuivent un objectif d\u2019am\u00e9lioration continue.<\/p>\n","protected":false},"author":1,"featured_media":2189,"parent":42,"menu_order":0,"comment_status":"closed","ping_status":"closed","template":"","meta":{"_editorskit_title_hidden":false,"_editorskit_reading_time":1,"_editorskit_is_block_options_detached":false,"_editorskit_block_options_position":"{}","ghostkit_customizer_options":"","ghostkit_custom_css":"","ghostkit_custom_js_head":"","ghostkit_custom_js_foot":"","ghostkit_typography":"","slim_seo":{"title":"Qualit\u00e9 - Travaux neufs","description":"Qualit\u00e9 de nos interventions L\u2019ADN du Groupe NETCO&nbsp;: la performance des \u00e9quipes au service du client. Orient\u00e9s vers la satisfaction client, titulaires d\u2019un"},"footnotes":""},"class_list":["post-2216","page","type-page","status-publish","has-post-thumbnail","hentry"],"_links":{"self":[{"href":"https:\/\/travauxneufs.lasolutionglobale.eu\/fr\/wp-json\/wp\/v2\/pages\/2216","targetHints":{"allow":["GET"]}}],"collection":[{"href":"https:\/\/travauxneufs.lasolutionglobale.eu\/fr\/wp-json\/wp\/v2\/pages"}],"about":[{"href":"https:\/\/travauxneufs.lasolutionglobale.eu\/fr\/wp-json\/wp\/v2\/types\/page"}],"author":[{"embeddable":true,"href":"https:\/\/travauxneufs.lasolutionglobale.eu\/fr\/wp-json\/wp\/v2\/users\/1"}],"replies":[{"embeddable":true,"href":"https:\/\/travauxneufs.lasolutionglobale.eu\/fr\/wp-json\/wp\/v2\/comments?post=2216"}],"version-history":[{"count":5,"href":"https:\/\/travauxneufs.lasolutionglobale.eu\/fr\/wp-json\/wp\/v2\/pages\/2216\/revisions"}],"predecessor-version":[{"id":4272,"href":"https:\/\/travauxneufs.lasolutionglobale.eu\/fr\/wp-json\/wp\/v2\/pages\/2216\/revisions\/4272"}],"up":[{"embeddable":true,"href":"https:\/\/travauxneufs.lasolutionglobale.eu\/fr\/wp-json\/wp\/v2\/pages\/42"}],"wp:featuredmedia":[{"embeddable":true,"href":"https:\/\/travauxneufs.lasolutionglobale.eu\/fr\/wp-json\/wp\/v2\/media\/2189"}],"wp:attachment":[{"href":"https:\/\/travauxneufs.lasolutionglobale.eu\/fr\/wp-json\/wp\/v2\/media?parent=2216"}],"curies":[{"name":"wp","href":"https:\/\/api.w.org\/{rel}","templated":true}]}}