{"id":1820,"date":"2022-09-13T15:47:23","date_gmt":"2022-09-13T13:47:23","guid":{"rendered":"https:\/\/netco.lasolutionglobale.be\/?page_id=1820"},"modified":"2022-10-06T13:26:35","modified_gmt":"2022-10-06T11:26:35","slug":"etancheite-convoyeurs-optim-auge","status":"publish","type":"page","link":"https:\/\/travauxneufs.lasolutionglobale.eu\/fr\/services-et-produits\/produits\/manutention-lourde\/etancheite-convoyeurs-optim-auge","title":{"rendered":"\u00c9tanch\u00e9it\u00e9 convoyeurs &#038; Optim&rsquo;Auge"},"content":{"rendered":"\n<div class=\"wp-block-group ghostkit-custom-1VbGAm is-style-icones-secteurs is-nowrap is-layout-flex wp-container-core-group-is-layout-ad2f72ca wp-block-group-is-layout-flex\">\n<figure class=\"wp-block-image aligncenter size-full\"><img loading=\"lazy\" decoding=\"async\" width=\"257\" height=\"250\" src=\"https:\/\/travauxneufs.lasolutionglobale.eu\/wp-content\/uploads\/2022\/09\/environnement-dechets.png\" alt=\"environnement-dechets\" class=\"wp-image-1338\"\/><figcaption>Environnement, valorisation des d\u00e9chets<\/figcaption><\/figure>\n\n\n\n<figure class=\"wp-block-image aligncenter size-full\"><img loading=\"lazy\" decoding=\"async\" width=\"348\" height=\"250\" src=\"https:\/\/travauxneufs.lasolutionglobale.eu\/wp-content\/uploads\/2022\/09\/energie.png\" alt=\"energie\" class=\"wp-image-1337\" srcset=\"https:\/\/travauxneufs.lasolutionglobale.eu\/wp-content\/uploads\/2022\/09\/energie.png 348w, https:\/\/travauxneufs.lasolutionglobale.eu\/wp-content\/uploads\/2022\/09\/energie-300x216.png 300w\" sizes=\"auto, (max-width: 348px) 100vw, 348px\" \/><figcaption>\u00c9nergie<\/figcaption><\/figure>\n\n\n\n<figure class=\"wp-block-image aligncenter size-full\"><img loading=\"lazy\" decoding=\"async\" width=\"351\" height=\"250\" src=\"https:\/\/travauxneufs.lasolutionglobale.eu\/wp-content\/uploads\/2022\/09\/industrieminerale.png\" alt=\"industrieminerale\" class=\"wp-image-1339\" srcset=\"https:\/\/travauxneufs.lasolutionglobale.eu\/wp-content\/uploads\/2022\/09\/industrieminerale.png 351w, https:\/\/travauxneufs.lasolutionglobale.eu\/wp-content\/uploads\/2022\/09\/industrieminerale-300x214.png 300w\" sizes=\"auto, (max-width: 351px) 100vw, 351px\" \/><figcaption>Industrie min\u00e9rale, carri\u00e8re, sabli\u00e8re<\/figcaption><\/figure>\n\n\n\n<figure class=\"wp-block-image aligncenter size-full\"><img loading=\"lazy\" decoding=\"async\" width=\"239\" height=\"250\" src=\"https:\/\/travauxneufs.lasolutionglobale.eu\/wp-content\/uploads\/2022\/09\/bois-derives.png\" alt=\"bois-derives\" class=\"wp-image-1335\"\/><figcaption>Industrie bois et d\u00e9riv\u00e9s<\/figcaption><\/figure>\n\n\n\n<figure class=\"wp-block-image aligncenter size-full\"><img loading=\"lazy\" decoding=\"async\" width=\"228\" height=\"250\" src=\"https:\/\/travauxneufs.lasolutionglobale.eu\/wp-content\/uploads\/2022\/09\/siderurgie-metallurgie.png\" alt=\"siderurgie-metallurgie\" class=\"wp-image-1342\"\/><figcaption>Sid\u00e9rurgie, m\u00e9talurgie<\/figcaption><\/figure>\n\n\n\n<figure class=\"wp-block-image aligncenter size-full\"><img loading=\"lazy\" decoding=\"async\" width=\"334\" height=\"250\" src=\"https:\/\/travauxneufs.lasolutionglobale.eu\/wp-content\/uploads\/2022\/09\/machines-agricoles.png\" alt=\"machines-agricoles\" class=\"wp-image-1341\" srcset=\"https:\/\/travauxneufs.lasolutionglobale.eu\/wp-content\/uploads\/2022\/09\/machines-agricoles.png 334w, https:\/\/travauxneufs.lasolutionglobale.eu\/wp-content\/uploads\/2022\/09\/machines-agricoles-300x225.png 300w\" sizes=\"auto, (max-width: 334px) 100vw, 334px\" \/><figcaption>Machines agricoles<\/figcaption><\/figure>\n<\/div>\n\n\n\n<p><\/p>\n\n\n\n<p class=\"has-text-align-left\"><\/p>\n\n\n\n<p><strong>Optim\u2019Auge<sup>\u00ae<\/sup><\/strong> :<\/p>\n\n\n\n<p>L\u2019Optim\u2019Auge\u00ae&nbsp;garantit l\u2019\u00e9tanch\u00e9it\u00e9 des convoyeurs \u00e0 bande, quels que soient les produits transport\u00e9s : lourds, l\u00e9gers, abrasifs, corrosifs, chauds, granulom\u00e9trie fine ou grosse<\/p>\n\n\n\n<div class=\"wp-block-columns is-layout-flex wp-container-core-columns-is-layout-9d6595d7 wp-block-columns-is-layout-flex\">\n<div class=\"wp-block-column is-layout-flow wp-block-column-is-layout-flow\">\n<figure class=\"wp-block-image size-large\"><img loading=\"lazy\" decoding=\"async\" width=\"1024\" height=\"287\" src=\"https:\/\/travauxneufs.lasolutionglobale.eu\/wp-content\/uploads\/2022\/09\/OPTIM-1024x287.png\" alt=\"\" class=\"wp-image-2481\" srcset=\"https:\/\/travauxneufs.lasolutionglobale.eu\/wp-content\/uploads\/2022\/09\/OPTIM-1024x287.png 1024w, https:\/\/travauxneufs.lasolutionglobale.eu\/wp-content\/uploads\/2022\/09\/OPTIM-300x84.png 300w, https:\/\/travauxneufs.lasolutionglobale.eu\/wp-content\/uploads\/2022\/09\/OPTIM-768x216.png 768w, https:\/\/travauxneufs.lasolutionglobale.eu\/wp-content\/uploads\/2022\/09\/OPTIM-1536x431.png 1536w, https:\/\/travauxneufs.lasolutionglobale.eu\/wp-content\/uploads\/2022\/09\/OPTIM-2048x575.png 2048w\" sizes=\"auto, (max-width: 1024px) 100vw, 1024px\" \/><\/figure>\n<\/div>\n<\/div>\n\n\n\n<p><strong><strong>Les avantages sont nombreux<\/strong><\/strong> :<\/p>\n\n\n\n<p>Environnement propre\u202f: plus de poussi\u00e8re en dehors du convoyeur ni&nbsp;de d\u00e9bordement de mati\u00e8re. <br>Alignement parfait des bandes\u202f<br>Un convoyeur totalement s\u00e9curis\u00e9 pour le personnel \u00e0 proximit\u00e9<\/p>\n\n\n\n<div style=\"height:2rem\" aria-hidden=\"true\" class=\"wp-block-spacer\"><\/div>\n\n\n\n<p><strong>Nouveau concept qui permet&nbsp;<\/strong><\/p>\n\n\n\n<p>Une performance accrue gr\u00e2ce \u00e0 un environnement propre<br>Un gain sur les co\u00fbts de nettoyage<br>Une meilleure valorisation de la productivit\u00e9 : ni d\u00e9bordement, ni perte de mati\u00e8re<br>Un gain sur les co\u00fbts de maintenance<br>Une r\u00e9duction des arr\u00eats de production<br>Un risque d\u2019accident nul avec ce syst\u00e8me de convoyeur<br>Un retour sur investissement tr\u00e8s rapide<\/p>\n\n\n\n<div style=\"height:3rem\" aria-hidden=\"true\" class=\"wp-block-spacer\"><\/div>\n\n\n\n<p><strong>Efficacit\u00e9 100% garantie&nbsp;<\/strong>!<\/p>\n\n\n\n<p>V\u00e9rifiez vous m\u00eame l&rsquo;efficacit\u00e9 en faisant glisser le curseur de fa\u00e7on lat\u00e9rale sur l&rsquo;image :  <\/p>\n\n\n\n<figure class=\"ghostkit-image-compare ghostkit-custom-SRTij ghostkit-custom-SRTij\"><div class=\"ghostkit-image-compare-images\"><div class=\"ghostkit-image-compare-image-before\"><img loading=\"lazy\" decoding=\"async\" src=\"https:\/\/travauxneufs.lasolutionglobale.eu\/wp-content\/uploads\/2022\/09\/sansOA1.jpg\" alt=\"\" class=\"wp-image-2784\" width=\"2048\" height=\"1536\" srcset=\"https:\/\/travauxneufs.lasolutionglobale.eu\/wp-content\/uploads\/2022\/09\/sansOA1.jpg 2048w, https:\/\/travauxneufs.lasolutionglobale.eu\/wp-content\/uploads\/2022\/09\/sansOA1-300x225.jpg 300w, https:\/\/travauxneufs.lasolutionglobale.eu\/wp-content\/uploads\/2022\/09\/sansOA1-1024x768.jpg 1024w, https:\/\/travauxneufs.lasolutionglobale.eu\/wp-content\/uploads\/2022\/09\/sansOA1-768x576.jpg 768w, https:\/\/travauxneufs.lasolutionglobale.eu\/wp-content\/uploads\/2022\/09\/sansOA1-1536x1152.jpg 1536w\" sizes=\"auto, (max-width: 2048px) 100vw, 2048px\" \/><\/div><div class=\"ghostkit-image-compare-image-after\"><img loading=\"lazy\" decoding=\"async\" src=\"https:\/\/travauxneufs.lasolutionglobale.eu\/wp-content\/uploads\/2022\/09\/avecOA1.jpg\" alt=\"\" class=\"wp-image-2786\" width=\"2048\" height=\"1536\" srcset=\"https:\/\/travauxneufs.lasolutionglobale.eu\/wp-content\/uploads\/2022\/09\/avecOA1.jpg 2048w, https:\/\/travauxneufs.lasolutionglobale.eu\/wp-content\/uploads\/2022\/09\/avecOA1-300x225.jpg 300w, https:\/\/travauxneufs.lasolutionglobale.eu\/wp-content\/uploads\/2022\/09\/avecOA1-1024x768.jpg 1024w, https:\/\/travauxneufs.lasolutionglobale.eu\/wp-content\/uploads\/2022\/09\/avecOA1-768x576.jpg 768w, https:\/\/travauxneufs.lasolutionglobale.eu\/wp-content\/uploads\/2022\/09\/avecOA1-1536x1152.jpg 1536w\" sizes=\"auto, (max-width: 2048px) 100vw, 2048px\" \/><\/div><div class=\"ghostkit-image-compare-images-divider\"><div class=\"ghostkit-image-compare-images-divider-button-arrow-left\"><svg class=\"ghostkit-svg-icon\" width=\"24\" height=\"24\" viewBox=\"0 0 24 24\" fill=\"none\" xmlns=\"http:\/\/www.w3.org\/2000\/svg\"><path d=\"M14.7803 17.7803C14.4874 18.0732 14.0126 18.0732 13.7197 17.7803L8.4697 12.5303C8.1768 12.2374 8.1768 11.7626 8.4697 11.4697L13.7197 6.21967C14.0126 5.92678 14.4874 5.92678 14.7803 6.21967C15.0732 6.51256 15.0732 6.98744 14.7803 7.28033L10.0607 12L14.7803 16.7197C15.0732 17.0126 15.0732 17.4874 14.7803 17.7803Z\" fill=\"currentColor\"><\/path><\/svg><\/div><div class=\"ghostkit-image-compare-images-divider-button-arrow-right\"><svg class=\"ghostkit-svg-icon\" width=\"24\" height=\"24\" viewBox=\"0 0 24 24\" fill=\"none\" xmlns=\"http:\/\/www.w3.org\/2000\/svg\"><path d=\"M9.21967 6.2197C9.51256 5.9268 9.98744 5.9268 10.2803 6.2197L15.5303 11.4697C15.8232 11.7626 15.8232 12.2374 15.5303 12.5303L10.2803 17.7803C9.98744 18.0732 9.51256 18.0732 9.21967 17.7803C8.92678 17.4874 8.92678 17.0126 9.21967 16.7197L13.9393 12L9.21967 7.2803C8.92678 6.9874 8.92678 6.5126 9.21967 6.2197Z\" fill=\"currentColor\"><\/path><\/svg><\/div><\/div><\/div><\/figure>\n\n\n\n<div class=\"wp-block-group is-style-lightgray-section ghostkit-custom-Z1dfC0B is-layout-flow wp-block-group-is-layout-flow\">\n<h2 class=\"has-text-align-center wp-block-heading\">NETCO fait la diff\u00e9rence<\/h2>\n\n\n\n<p class=\"has-text-align-center\">Nos principaux atouts qui vous assurent une prestation de haute qualit\u00e9<\/p>\n\n\n\n<div class=\"wp-block-group is-style-services is-layout-flow wp-block-group-is-layout-flow\">\n<div class=\"wp-block-group is-layout-flow wp-block-group-is-layout-flow\">\n<p>Raison n\u00b01<\/p>\n\n\n\n<p>Acc\u00e8s \u00e0 toutes les gammes avec une logistique performante et une ind\u00e9pendance technique<\/p>\n<\/div>\n\n\n\n<div class=\"wp-block-group is-layout-flow wp-block-group-is-layout-flow\">\n<p>Raison n\u00b02<\/p>\n\n\n\n<p>Nos collaborateurs sp\u00e9cialistes, hautement qualifi\u00e9s et form\u00e9s sont disponibles 24\/7 !<\/p>\n<\/div>\n\n\n\n<div class=\"wp-block-group is-layout-flow wp-block-group-is-layout-flow\">\n<p>Raison n\u00b03<\/p>\n\n\n\n<p>Plus de 120 ans d\u2019exp\u00e9rience et d\u2019expertise que nous partageons avec nos clients<\/p>\n<\/div>\n<\/div>\n<\/div>\n","protected":false},"excerpt":{"rendered":"<p>Optim\u2019Auge\u00ae : L\u2019Optim\u2019Auge\u00ae&nbsp;garantit l\u2019\u00e9tanch\u00e9it\u00e9 des convoyeurs \u00e0 bande, quels que soient les produits transport\u00e9s : lourds, l\u00e9gers, abrasifs, corrosifs, chauds, granulom\u00e9trie fine ou grosse Les avantages sont nombreux : Environnement propre\u202f: plus de poussi\u00e8re en dehors du convoyeur ni&nbsp;de d\u00e9bordement de mati\u00e8re. Alignement parfait des bandes\u202fUn convoyeur totalement s\u00e9curis\u00e9 pour le personnel \u00e0 proximit\u00e9 Nouveau [&hellip;]<\/p>\n","protected":false},"author":1,"featured_media":1329,"parent":959,"menu_order":0,"comment_status":"closed","ping_status":"closed","template":"","meta":{"_editorskit_title_hidden":false,"_editorskit_reading_time":1,"_editorskit_is_block_options_detached":false,"_editorskit_block_options_position":"{}","ghostkit_customizer_options":"","ghostkit_custom_css":"","ghostkit_custom_js_head":"","ghostkit_custom_js_foot":"","ghostkit_typography":"","slim_seo":{"title":"\u00c9tanch\u00e9it\u00e9 convoyeurs & Optim'Auge - Travaux neufs","description":"Optim\u2019Auge \u00ae : L\u2019Optim\u2019Auge\u00ae&nbsp;garantit l\u2019\u00e9tanch\u00e9it\u00e9 des convoyeurs \u00e0 bande, quels que soient les produits transport\u00e9s : lourds, l\u00e9gers, abrasifs, corrosifs,"},"footnotes":""},"class_list":["post-1820","page","type-page","status-publish","has-post-thumbnail","hentry"],"_links":{"self":[{"href":"https:\/\/travauxneufs.lasolutionglobale.eu\/fr\/wp-json\/wp\/v2\/pages\/1820","targetHints":{"allow":["GET"]}}],"collection":[{"href":"https:\/\/travauxneufs.lasolutionglobale.eu\/fr\/wp-json\/wp\/v2\/pages"}],"about":[{"href":"https:\/\/travauxneufs.lasolutionglobale.eu\/fr\/wp-json\/wp\/v2\/types\/page"}],"author":[{"embeddable":true,"href":"https:\/\/travauxneufs.lasolutionglobale.eu\/fr\/wp-json\/wp\/v2\/users\/1"}],"replies":[{"embeddable":true,"href":"https:\/\/travauxneufs.lasolutionglobale.eu\/fr\/wp-json\/wp\/v2\/comments?post=1820"}],"version-history":[{"count":15,"href":"https:\/\/travauxneufs.lasolutionglobale.eu\/fr\/wp-json\/wp\/v2\/pages\/1820\/revisions"}],"predecessor-version":[{"id":4555,"href":"https:\/\/travauxneufs.lasolutionglobale.eu\/fr\/wp-json\/wp\/v2\/pages\/1820\/revisions\/4555"}],"up":[{"embeddable":true,"href":"https:\/\/travauxneufs.lasolutionglobale.eu\/fr\/wp-json\/wp\/v2\/pages\/959"}],"wp:featuredmedia":[{"embeddable":true,"href":"https:\/\/travauxneufs.lasolutionglobale.eu\/fr\/wp-json\/wp\/v2\/media\/1329"}],"wp:attachment":[{"href":"https:\/\/travauxneufs.lasolutionglobale.eu\/fr\/wp-json\/wp\/v2\/media?parent=1820"}],"curies":[{"name":"wp","href":"https:\/\/api.w.org\/{rel}","templated":true}]}}