{"id":1733,"date":"2022-09-13T10:35:24","date_gmt":"2022-09-13T08:35:24","guid":{"rendered":"https:\/\/netco.lasolutionglobale.be\/?page_id=1733"},"modified":"2022-10-05T03:04:00","modified_gmt":"2022-10-05T01:04:00","slug":"competences-et-formations","status":"publish","type":"page","link":"https:\/\/travauxneufs.lasolutionglobale.eu\/fr\/lhumain-chez-netco\/competences-et-formations","title":{"rendered":"Comp\u00e9tences et formations"},"content":{"rendered":"\n<div class=\"wp-block-group is-style-white-section-yellow-shadow is-layout-flow wp-block-group-is-layout-flow\"><nav class=\"breadcrumbs\" aria-label=\"Fil d\u2019Ariane\"><a href=\"https:\/\/travauxneufs.lasolutionglobale.eu\/fr\" class=\"breadcrumb breadcrumb--first\">Accueil<\/a><\/nav>\n\n\n\n<h2 class=\"wp-block-heading\">Un Groupe \u00e0 l&rsquo;\u00e9coute <\/h2>\n\n\n\n<p>Le d\u00e9veloppement constant des comp\u00e9tences de nos collaborateurs est une priorit\u00e9 au sein du Groupe.<\/p>\n\n\n\n<p>Moments privil\u00e9gi\u00e9s d\u2019\u00e9changes, les entretiens professionnels permettent de faire part des besoins en formation mais aussi des souhaits et possibilit\u00e9s d\u2019\u00e9volution professionnelle. <\/p>\n\n\n\n<p>Soucieux de garantir la s\u00e9curit\u00e9 de chacun, des formations d\u00e9di\u00e9es \u00e0 la s\u00e9curit\u00e9 sont r\u00e9guli\u00e8rement organis\u00e9es au sein notre organisation.<\/p>\n\n\n\n<p><\/p>\n<\/div>\n","protected":false},"excerpt":{"rendered":"<p>Un Groupe \u00e0 l&rsquo;\u00e9coute Le d\u00e9veloppement constant des comp\u00e9tences de nos collaborateurs est une priorit\u00e9 au sein du Groupe. Moments privil\u00e9gi\u00e9s d\u2019\u00e9changes, les entretiens professionnels permettent de faire part des besoins en formation mais aussi des souhaits et possibilit\u00e9s d\u2019\u00e9volution professionnelle. Soucieux de garantir la s\u00e9curit\u00e9 de chacun, des formations d\u00e9di\u00e9es \u00e0 la s\u00e9curit\u00e9 sont [&hellip;]<\/p>\n","protected":false},"author":1,"featured_media":2173,"parent":42,"menu_order":0,"comment_status":"closed","ping_status":"closed","template":"","meta":{"_editorskit_title_hidden":false,"_editorskit_reading_time":1,"_editorskit_is_block_options_detached":false,"_editorskit_block_options_position":"{}","ghostkit_customizer_options":"","ghostkit_custom_css":"","ghostkit_custom_js_head":"","ghostkit_custom_js_foot":"","ghostkit_typography":"","slim_seo":{"title":"Comp\u00e9tences et formations - Travaux neufs","description":"Un Groupe \u00e0 l'\u00e9coute Le d\u00e9veloppement constant des comp\u00e9tences de nos collaborateurs est une priorit\u00e9 au sein du Groupe. Moments privil\u00e9gi\u00e9s d\u2019\u00e9changes, les ent"},"footnotes":""},"class_list":["post-1733","page","type-page","status-publish","has-post-thumbnail","hentry"],"_links":{"self":[{"href":"https:\/\/travauxneufs.lasolutionglobale.eu\/fr\/wp-json\/wp\/v2\/pages\/1733","targetHints":{"allow":["GET"]}}],"collection":[{"href":"https:\/\/travauxneufs.lasolutionglobale.eu\/fr\/wp-json\/wp\/v2\/pages"}],"about":[{"href":"https:\/\/travauxneufs.lasolutionglobale.eu\/fr\/wp-json\/wp\/v2\/types\/page"}],"author":[{"embeddable":true,"href":"https:\/\/travauxneufs.lasolutionglobale.eu\/fr\/wp-json\/wp\/v2\/users\/1"}],"replies":[{"embeddable":true,"href":"https:\/\/travauxneufs.lasolutionglobale.eu\/fr\/wp-json\/wp\/v2\/comments?post=1733"}],"version-history":[{"count":11,"href":"https:\/\/travauxneufs.lasolutionglobale.eu\/fr\/wp-json\/wp\/v2\/pages\/1733\/revisions"}],"predecessor-version":[{"id":4276,"href":"https:\/\/travauxneufs.lasolutionglobale.eu\/fr\/wp-json\/wp\/v2\/pages\/1733\/revisions\/4276"}],"up":[{"embeddable":true,"href":"https:\/\/travauxneufs.lasolutionglobale.eu\/fr\/wp-json\/wp\/v2\/pages\/42"}],"wp:featuredmedia":[{"embeddable":true,"href":"https:\/\/travauxneufs.lasolutionglobale.eu\/fr\/wp-json\/wp\/v2\/media\/2173"}],"wp:attachment":[{"href":"https:\/\/travauxneufs.lasolutionglobale.eu\/fr\/wp-json\/wp\/v2\/media?parent=1733"}],"curies":[{"name":"wp","href":"https:\/\/api.w.org\/{rel}","templated":true}]}}