{"id":1729,"date":"2022-09-13T10:33:55","date_gmt":"2022-09-13T08:33:55","guid":{"rendered":"https:\/\/netco.lasolutionglobale.be\/?page_id=1729"},"modified":"2022-10-04T09:34:50","modified_gmt":"2022-10-04T07:34:50","slug":"systeme-de-management","status":"publish","type":"page","link":"https:\/\/travauxneufs.lasolutionglobale.eu\/fr\/lhumain-chez-netco\/systeme-de-management","title":{"rendered":"Syst\u00e8me de management"},"content":{"rendered":"\n<div class=\"wp-block-group is-style-white-section-yellow-shadow is-layout-flow wp-block-group-is-layout-flow\"><nav class=\"breadcrumbs\" aria-label=\"Fil d\u2019Ariane\"><a href=\"https:\/\/travauxneufs.lasolutionglobale.eu\/fr\" class=\"breadcrumb breadcrumb--first\">Accueil<\/a><\/nav>\n\n\n\n<h2 class=\"wp-block-heading\">Ecoute, confiance et partage<\/h2>\n\n\n\n<p>Bas\u00e9 sur&nbsp;l\u2019\u00e9coute et la confiance,&nbsp;notre management est&nbsp;ouvert \u00e0&nbsp;toutes les id\u00e9es&nbsp;d\u2019am\u00e9lioration des process.<\/p>\n\n\n\n<p>Partager l\u2019information, les retours d\u2019exp\u00e9rience, le savoir-faire sont autant de principe qui animent au quotidien nos managers.<\/p>\n\n\n\n<p>Nous disposons \u00e9galement d\u2019un syst\u00e8me de management int\u00e9gr\u00e9 en termes de qualit\u00e9, sant\u00e9, s\u00e9curit\u00e9 et environnement.<\/p>\n\n\n\n<p><\/p>\n\n\n\n<p><\/p>\n<\/div>\n","protected":false},"excerpt":{"rendered":"<p>Ecoute, confiance et partage Bas\u00e9 sur&nbsp;l\u2019\u00e9coute et la confiance,&nbsp;notre management est&nbsp;ouvert \u00e0&nbsp;toutes les id\u00e9es&nbsp;d\u2019am\u00e9lioration des process. Partager l\u2019information, les retours d\u2019exp\u00e9rience, le savoir-faire sont autant de principe qui animent au quotidien nos managers. Nous disposons \u00e9galement d\u2019un syst\u00e8me de management int\u00e9gr\u00e9 en termes de qualit\u00e9, sant\u00e9, s\u00e9curit\u00e9 et environnement.<\/p>\n","protected":false},"author":1,"featured_media":2171,"parent":42,"menu_order":0,"comment_status":"closed","ping_status":"closed","template":"","meta":{"_editorskit_title_hidden":false,"_editorskit_reading_time":1,"_editorskit_is_block_options_detached":false,"_editorskit_block_options_position":"{}","ghostkit_customizer_options":"","ghostkit_custom_css":"","ghostkit_custom_js_head":"","ghostkit_custom_js_foot":"","ghostkit_typography":"","slim_seo":{"title":"Syst\u00e8me de management - Travaux neufs","description":"Ecoute, confiance et partage Bas\u00e9 sur&nbsp;l\u2019\u00e9coute et la confiance,&nbsp;notre management est&nbsp;ouvert \u00e0&nbsp;toutes les id\u00e9es&nbsp;d\u2019am\u00e9lioration des proce"},"footnotes":""},"class_list":["post-1729","page","type-page","status-publish","has-post-thumbnail","hentry"],"_links":{"self":[{"href":"https:\/\/travauxneufs.lasolutionglobale.eu\/fr\/wp-json\/wp\/v2\/pages\/1729","targetHints":{"allow":["GET"]}}],"collection":[{"href":"https:\/\/travauxneufs.lasolutionglobale.eu\/fr\/wp-json\/wp\/v2\/pages"}],"about":[{"href":"https:\/\/travauxneufs.lasolutionglobale.eu\/fr\/wp-json\/wp\/v2\/types\/page"}],"author":[{"embeddable":true,"href":"https:\/\/travauxneufs.lasolutionglobale.eu\/fr\/wp-json\/wp\/v2\/users\/1"}],"replies":[{"embeddable":true,"href":"https:\/\/travauxneufs.lasolutionglobale.eu\/fr\/wp-json\/wp\/v2\/comments?post=1729"}],"version-history":[{"count":7,"href":"https:\/\/travauxneufs.lasolutionglobale.eu\/fr\/wp-json\/wp\/v2\/pages\/1729\/revisions"}],"predecessor-version":[{"id":4062,"href":"https:\/\/travauxneufs.lasolutionglobale.eu\/fr\/wp-json\/wp\/v2\/pages\/1729\/revisions\/4062"}],"up":[{"embeddable":true,"href":"https:\/\/travauxneufs.lasolutionglobale.eu\/fr\/wp-json\/wp\/v2\/pages\/42"}],"wp:featuredmedia":[{"embeddable":true,"href":"https:\/\/travauxneufs.lasolutionglobale.eu\/fr\/wp-json\/wp\/v2\/media\/2171"}],"wp:attachment":[{"href":"https:\/\/travauxneufs.lasolutionglobale.eu\/fr\/wp-json\/wp\/v2\/media?parent=1729"}],"curies":[{"name":"wp","href":"https:\/\/api.w.org\/{rel}","templated":true}]}}