{"id":102,"date":"2022-04-12T14:26:50","date_gmt":"2022-04-12T12:26:50","guid":{"rendered":"https:\/\/netco.lasolutionglobale.be\/?page_id=102"},"modified":"2022-10-06T16:18:38","modified_gmt":"2022-10-06T14:18:38","slug":"siderurgie-metallurgie","status":"publish","type":"page","link":"https:\/\/travauxneufs.lasolutionglobale.eu\/fr\/secteurs-dactivites\/siderurgie-metallurgie","title":{"rendered":"Sid\u00e9rurgie, m\u00e9tallurgie"},"content":{"rendered":"<nav class=\"is-vertical is-style-netco wp-block-navigation is-layout-flex wp-container-core-navigation-is-layout-8cf370e7 wp-block-navigation-is-layout-flex\" aria-label=\"Secteurs d&#039;activit\u00e9s FR\"><ul class=\"wp-block-navigation__container  is-vertical is-style-netco wp-block-navigation\"><li class=\" wp-block-navigation-item wp-block-navigation-link\"><a class=\"wp-block-navigation-item__content\"  href=\"https:\/\/travauxneufs.lasolutionglobale.eu\/secteurs-dactivites\/environnement-et-valorisation-des-dechets\"><span class=\"wp-block-navigation-item__label\">Environnement et valorisation des d\u00e9chets<\/span><\/a><\/li><li class=\" wp-block-navigation-item wp-block-navigation-link\"><a class=\"wp-block-navigation-item__content\"  href=\"https:\/\/travauxneufs.lasolutionglobale.eu\/secteurs-dactivites\/logistique\"><span class=\"wp-block-navigation-item__label\">Logistique<\/span><\/a><\/li><li class=\" wp-block-navigation-item wp-block-navigation-link\"><a class=\"wp-block-navigation-item__content\"  href=\"https:\/\/travauxneufs.lasolutionglobale.eu\/secteurs-dactivites\/agroalimentaire\"><span class=\"wp-block-navigation-item__label\">Agroalimentaire<\/span><\/a><\/li><li class=\" wp-block-navigation-item wp-block-navigation-link\"><a class=\"wp-block-navigation-item__content\"  href=\"https:\/\/travauxneufs.lasolutionglobale.eu\/secteurs-dactivites\/energie\"><span class=\"wp-block-navigation-item__label\">Energie<\/span><\/a><\/li><li class=\" wp-block-navigation-item wp-block-navigation-link\"><a class=\"wp-block-navigation-item__content\"  href=\"https:\/\/travauxneufs.lasolutionglobale.eu\/secteurs-dactivites\/industrie-minerale-carriere-sabliere\"><span class=\"wp-block-navigation-item__label\">Industrie min\u00e9rale, carri\u00e8re, sabli\u00e8re<\/span><\/a><\/li><li class=\" wp-block-navigation-item wp-block-navigation-link\"><a class=\"wp-block-navigation-item__content\"  href=\"https:\/\/travauxneufs.lasolutionglobale.eu\/secteurs-dactivites\/chimie-et-pharmaceutique\"><span class=\"wp-block-navigation-item__label\">Chimie et pharmaceutique<\/span><\/a><\/li><li class=\" wp-block-navigation-item wp-block-navigation-link\"><a class=\"wp-block-navigation-item__content\"  href=\"https:\/\/travauxneufs.lasolutionglobale.eu\/secteurs-dactivites\/industrie-bois-et-derives\"><span class=\"wp-block-navigation-item__label\">Industrie bois et d\u00e9riv\u00e9s<\/span><\/a><\/li><li class=\" wp-block-navigation-item wp-block-navigation-link\"><a class=\"wp-block-navigation-item__content\"  href=\"https:\/\/travauxneufs.lasolutionglobale.eu\/secteurs-dactivites\/siderurgie-metallurgie\"><span class=\"wp-block-navigation-item__label\">Sid\u00e9rurgie, m\u00e9tallurgie<\/span><\/a><\/li><li class=\" wp-block-navigation-item wp-block-navigation-link\"><a class=\"wp-block-navigation-item__content\"  href=\"https:\/\/travauxneufs.lasolutionglobale.eu\/secteurs-dactivites\/machines-agricoles\"><span class=\"wp-block-navigation-item__label\">Machines agricoles<\/span><\/a><\/li><\/ul><\/nav>\n\n\n<h6 class=\"wp-block-heading\">Notre savoir-faire par activit\u00e9<\/h6>\n\n\n\n<h2 class=\"wp-block-heading\"> Sid\u00e9rurgie, m\u00e9tallurgie<\/h2>\n\n\n\n<p>NETCO est le partenaire historique des industries sid\u00e9rurgiques et m\u00e9tallurgiques.\u00a0\u200b<\/p>\n\n\n\n<p>Nos \u00e9quipes d\u2019interventions ont capitalis\u00e9 une connaissance approfondie des contraintes de ces secteurs tr\u00e8s complexes et hostiles afin de ma\u00eetriser nos interventions en toute s\u00e9curit\u00e9.&nbsp;\u200b<\/p>\n\n\n\n<p>Ces expertises nous ont permis de nouer des partenariats solides et historiques avec les principales industries sid\u00e9rurgiques et m\u00e9tallurgiques d&rsquo;Europe.&nbsp;\u200b<\/p>\n\n\n\n<p>Nos techniciens travaillent en \u00e9troite collaboration avec les \u00e9quipes maintenances de nos clients afin de leur garantir une&nbsp;disponibilit\u00e9 de leurs \u00e9quipements industriels.\u200b<\/p>\n\n\n\n<p><\/p>\n\n\n\n<p><\/p>\n\n\n\n<div style=\"height:4rem\" aria-hidden=\"true\" class=\"wp-block-spacer\"><\/div>\n\n\n\n<figure class=\"wp-block-video\"><video height=\"1080\" style=\"aspect-ratio: 1920 \/ 1080;\" width=\"1920\" autoplay controls muted src=\"https:\/\/travauxneufs.lasolutionglobale.eu\/wp-content\/uploads\/2022\/09\/iStock-467704458.mp4\"><\/video><\/figure>\n\n\n\n<div style=\"height:4rem\" aria-hidden=\"true\" class=\"wp-block-spacer\"><\/div>\n\n\n\n<div class=\"wp-block-group is-style-lightgray-section is-layout-flow wp-block-group-is-layout-flow\">\n<h2 class=\"has-text-align-center wp-block-heading\">NETCO fait la diff\u00e9rence<\/h2>\n\n\n\n<p class=\"has-text-align-center\">Nos principaux atouts qui vous assurent une prestation de haute qualit\u00e9 :<\/p>\n\n\n\n<div class=\"wp-block-group is-style-services is-layout-flow wp-block-group-is-layout-flow\">\n<div class=\"wp-block-group is-layout-flow wp-block-group-is-layout-flow\">\n<p>Raison n\u00b01<\/p>\n\n\n\n<p>Interventions 24\/7 sur tous vos sites d\u2019exploitation&nbsp;<\/p>\n<\/div>\n\n\n\n<div class=\"wp-block-group is-layout-flow wp-block-group-is-layout-flow\">\n<p>Raison n\u00b02<\/p>\n\n\n\n<p>Des \u00e9quipes d\u00e9di\u00e9es et form\u00e9es \u00e0 l\u2019univers de la sid\u00e9rurgie<\/p>\n<\/div>\n\n\n\n<div class=\"wp-block-group is-layout-flow wp-block-group-is-layout-flow\">\n<p>Raison n\u00b03<\/p>\n\n\n\n<p>Acc\u00e8s \u00e0 toutes les gammes avec une logistique performante et une ind\u00e9pendance technique<\/p>\n<\/div>\n\n\n\n<div class=\"wp-block-group is-layout-flow wp-block-group-is-layout-flow\">\n<p>Raison n\u00b04<\/p>\n\n\n\n<p>Plus de 120 ans d\u2019exp\u00e9rience et d\u2019expertise que nous partageons avec nos clients<\/p>\n<\/div>\n<\/div>\n<\/div>\n\n\n\n<div style=\"height:2rem\" aria-hidden=\"true\" class=\"wp-block-spacer\"><\/div>\n","protected":false},"excerpt":{"rendered":"<p>Notre savoir-faire par activit\u00e9 Sid\u00e9rurgie, m\u00e9tallurgie NETCO est le partenaire historique des industries sid\u00e9rurgiques et m\u00e9tallurgiques.\u00a0\u200b Nos \u00e9quipes d\u2019interventions ont capitalis\u00e9 une connaissance approfondie des contraintes de ces secteurs tr\u00e8s complexes et hostiles afin de ma\u00eetriser nos interventions en toute s\u00e9curit\u00e9.&nbsp;\u200b Ces expertises nous ont permis de nouer des partenariats solides et historiques avec les [&hellip;]<\/p>\n","protected":false},"author":1,"featured_media":1926,"parent":46,"menu_order":0,"comment_status":"closed","ping_status":"closed","template":"","meta":{"_editorskit_title_hidden":false,"_editorskit_reading_time":1,"_editorskit_is_block_options_detached":false,"_editorskit_block_options_position":"{}","ghostkit_customizer_options":"","ghostkit_custom_css":"","ghostkit_custom_js_head":"","ghostkit_custom_js_foot":"","ghostkit_typography":"","slim_seo":{"title":"Sid\u00e9rurgie, m\u00e9tallurgie - Travaux neufs","description":"Notre savoir-faire par activit\u00e9 Sid\u00e9rurgie, m\u00e9tallurgie NETCO est le partenaire historique des industries sid\u00e9rurgiques et m\u00e9tallurgiques.\u00a0\u200b Nos \u00e9quipes d\u2019inter"},"footnotes":""},"class_list":["post-102","page","type-page","status-publish","has-post-thumbnail","hentry"],"_links":{"self":[{"href":"https:\/\/travauxneufs.lasolutionglobale.eu\/fr\/wp-json\/wp\/v2\/pages\/102","targetHints":{"allow":["GET"]}}],"collection":[{"href":"https:\/\/travauxneufs.lasolutionglobale.eu\/fr\/wp-json\/wp\/v2\/pages"}],"about":[{"href":"https:\/\/travauxneufs.lasolutionglobale.eu\/fr\/wp-json\/wp\/v2\/types\/page"}],"author":[{"embeddable":true,"href":"https:\/\/travauxneufs.lasolutionglobale.eu\/fr\/wp-json\/wp\/v2\/users\/1"}],"replies":[{"embeddable":true,"href":"https:\/\/travauxneufs.lasolutionglobale.eu\/fr\/wp-json\/wp\/v2\/comments?post=102"}],"version-history":[{"count":25,"href":"https:\/\/travauxneufs.lasolutionglobale.eu\/fr\/wp-json\/wp\/v2\/pages\/102\/revisions"}],"predecessor-version":[{"id":4672,"href":"https:\/\/travauxneufs.lasolutionglobale.eu\/fr\/wp-json\/wp\/v2\/pages\/102\/revisions\/4672"}],"up":[{"embeddable":true,"href":"https:\/\/travauxneufs.lasolutionglobale.eu\/fr\/wp-json\/wp\/v2\/pages\/46"}],"wp:featuredmedia":[{"embeddable":true,"href":"https:\/\/travauxneufs.lasolutionglobale.eu\/fr\/wp-json\/wp\/v2\/media\/1926"}],"wp:attachment":[{"href":"https:\/\/travauxneufs.lasolutionglobale.eu\/fr\/wp-json\/wp\/v2\/media?parent=102"}],"curies":[{"name":"wp","href":"https:\/\/api.w.org\/{rel}","templated":true}]}}