{"id":5185,"date":"2022-04-12T11:00:56","date_gmt":"2022-04-12T09:00:56","guid":{"rendered":"https:\/\/travauxneufs.lasolutionglobale.eu\/services-and-products"},"modified":"2022-11-30T08:10:52","modified_gmt":"2022-11-30T07:10:52","slug":"services-and-products","status":"publish","type":"page","link":"https:\/\/travauxneufs.lasolutionglobale.eu\/en\/services-and-products","title":{"rendered":"Services and products"},"content":{"rendered":"\n<div class=\"wp-block-media-text alignwide has-media-on-the-right is-stacked-on-mobile\"><figure class=\"wp-block-media-text__media\"><img loading=\"lazy\" decoding=\"async\" width=\"1024\" height=\"683\" src=\"https:\/\/travauxneufs.lasolutionglobale.eu\/wp-content\/uploads\/2022\/09\/iStock-1035789200-1-1024x683.jpg\" alt=\"\" class=\"wp-image-3600 size-full\" srcset=\"https:\/\/travauxneufs.lasolutionglobale.eu\/wp-content\/uploads\/2022\/09\/iStock-1035789200-1-1024x683.jpg 1024w, https:\/\/travauxneufs.lasolutionglobale.eu\/wp-content\/uploads\/2022\/09\/iStock-1035789200-1-300x200.jpg 300w, https:\/\/travauxneufs.lasolutionglobale.eu\/wp-content\/uploads\/2022\/09\/iStock-1035789200-1-768x513.jpg 768w, https:\/\/travauxneufs.lasolutionglobale.eu\/wp-content\/uploads\/2022\/09\/iStock-1035789200-1-1536x1025.jpg 1536w, https:\/\/travauxneufs.lasolutionglobale.eu\/wp-content\/uploads\/2022\/09\/iStock-1035789200-1-2048x1367.jpg 2048w\" sizes=\"auto, (max-width: 1024px) 100vw, 1024px\" \/><\/figure><div class=\"wp-block-media-text__content\">\n<p><\/p>\n\n\n\n<h6 class=\"wp-block-heading\">OVER 120 YEARS OF EXPERIENCE AT YOUR SERVICE  <\/h6>\n\n\n\n<h2 class=\"wp-block-heading\">A global approach  <\/h2>\n\n\n\n<p>NETCO&#8217;s global approach is its ability to intervene on the complete environment of all conveyor systems and their components.<\/p>\n\n\n\n<p>NETCO&#8217;s intervention teams are highly qualified, trained, available 24\/7, as close as possible to your operating sites and intervening in compliance with safety regulations.  <\/p>\n\n\n\n<p><\/p>\n\n\n\n<p>NETCO offers you customized maintenance solutions, adapted to your needs and operating constraints.<\/p>\n\n\n\n<p>NETCO has access to all the product ranges available on the market and thus benefits from a complete technical independence to advise you and propose the products best adapted to your needs.<\/p>\n\n\n\n<p>NETCO has a large stock and efficient logistic solutions to guarantee the permanent availability of your products.  <\/p>\n\n\n\n<p><\/p>\n<\/div><\/div>\n\n\n\n<div class=\"wp-block-group is-style-lightgray-section is-layout-flow wp-block-group-is-layout-flow\"><nav class=\"netco-menus\" menu=\"services-produits-fr\"><a href=\"https:\/\/travauxneufs.lasolutionglobale.eu\/fr\/services-et-produits\/services-maintenance\"><div class=\"thumbnail\" ><img decoding=\"async\" src=\"https:\/\/travauxneufs.lasolutionglobale.eu\/wp-content\/uploads\/2022\/07\/services-maintenance-1-1024x688.png\"\/><\/div><div class=\"title\">Services &amp; Maintenance<\/div><\/a><a href=\"https:\/\/travauxneufs.lasolutionglobale.eu\/fr\/services-et-produits\/produits\"><div class=\"thumbnail\" ><img decoding=\"async\" src=\"https:\/\/travauxneufs.lasolutionglobale.eu\/wp-content\/uploads\/2022\/09\/IMG_6753-1024x768.jpg\"\/><\/div><div class=\"title\">Products<\/div><\/a><a href=\"https:\/\/travauxneufs.lasolutionglobale.eu\/fr\/services-et-produits\/travaux-neufs\"><div class=\"thumbnail\" ><img decoding=\"async\" src=\"https:\/\/travauxneufs.lasolutionglobale.eu\/wp-content\/uploads\/2024\/04\/IMG_5768-1024x531.jpg\"\/><\/div><div class=\"title\">New works<\/div><\/a><\/nav>\n\n\n\n<div style=\"height:4rem\" aria-hidden=\"true\" class=\"wp-block-spacer\"><\/div>\n\n\n\n<div class=\"wp-block-group ghostkit-d-none is-layout-flow wp-block-group-is-layout-flow\">\n<div class=\"wp-block-group is-style-lien-services-produits ek-linked-block is-layout-flow wp-block-group-is-layout-flow\">\n<figure class=\"wp-block-image size-large\"><img loading=\"lazy\" decoding=\"async\" width=\"1024\" height=\"431\" src=\"https:\/\/travauxneufs.lasolutionglobale.eu\/wp-content\/uploads\/2022\/07\/services-maintenance-e1658499373803-1024x431.png\" alt=\"services-maintenance\" class=\"wp-image-841\" srcset=\"https:\/\/travauxneufs.lasolutionglobale.eu\/wp-content\/uploads\/2022\/07\/services-maintenance-e1658499373803-1024x431.png 1024w, https:\/\/travauxneufs.lasolutionglobale.eu\/wp-content\/uploads\/2022\/07\/services-maintenance-e1658499373803-300x126.png 300w, https:\/\/travauxneufs.lasolutionglobale.eu\/wp-content\/uploads\/2022\/07\/services-maintenance-e1658499373803-768x323.png 768w, https:\/\/travauxneufs.lasolutionglobale.eu\/wp-content\/uploads\/2022\/07\/services-maintenance-e1658499373803-1536x646.png 1536w, https:\/\/travauxneufs.lasolutionglobale.eu\/wp-content\/uploads\/2022\/07\/services-maintenance-e1658499373803.png 1901w\" sizes=\"auto, (max-width: 1024px) 100vw, 1024px\" \/><\/figure>\n\n\n\n<p>Services &amp; Maintenance<\/p>\n<a href=\"https:\/\/travauxneufs.lasolutionglobale.eu\/fr\/services-et-produits\/services-maintenance\" class=\"editorskit-block-link\" rel=\"\"><\/a><\/div>\n\n\n\n<div class=\"wp-block-group is-style-lien-services-produits ek-linked-block is-layout-flow wp-block-group-is-layout-flow\">\n<figure class=\"wp-block-image size-large\"><img loading=\"lazy\" decoding=\"async\" width=\"1024\" height=\"577\" src=\"https:\/\/travauxneufs.lasolutionglobale.eu\/wp-content\/uploads\/2022\/09\/IMG_6753-copie-1024x577.jpg\" alt=\"\" class=\"wp-image-2657\" srcset=\"https:\/\/travauxneufs.lasolutionglobale.eu\/wp-content\/uploads\/2022\/09\/IMG_6753-copie-1024x577.jpg 1024w, https:\/\/travauxneufs.lasolutionglobale.eu\/wp-content\/uploads\/2022\/09\/IMG_6753-copie-300x169.jpg 300w, https:\/\/travauxneufs.lasolutionglobale.eu\/wp-content\/uploads\/2022\/09\/IMG_6753-copie-768x433.jpg 768w, https:\/\/travauxneufs.lasolutionglobale.eu\/wp-content\/uploads\/2022\/09\/IMG_6753-copie-1536x866.jpg 1536w, https:\/\/travauxneufs.lasolutionglobale.eu\/wp-content\/uploads\/2022\/09\/IMG_6753-copie-2048x1154.jpg 2048w\" sizes=\"auto, (max-width: 1024px) 100vw, 1024px\" \/><\/figure>\n\n\n\n<p>Products<\/p>\n<a href=\"https:\/\/travauxneufs.lasolutionglobale.eu\/fr\/services-et-produits\/produits\" class=\"editorskit-block-link\" rel=\"\"><\/a><\/div>\n\n\n\n<div class=\"wp-block-group is-style-lien-services-produits ek-linked-block is-layout-flow wp-block-group-is-layout-flow\">\n<figure class=\"wp-block-image size-large\"><img loading=\"lazy\" decoding=\"async\" width=\"1024\" height=\"663\" src=\"https:\/\/travauxneufs.lasolutionglobale.eu\/wp-content\/uploads\/2022\/09\/iStock-1333277534-1-1024x663.jpg\" alt=\"Rotary feeder isometric blueprints\" class=\"wp-image-2600\" srcset=\"https:\/\/travauxneufs.lasolutionglobale.eu\/wp-content\/uploads\/2022\/09\/iStock-1333277534-1-1024x663.jpg 1024w, https:\/\/travauxneufs.lasolutionglobale.eu\/wp-content\/uploads\/2022\/09\/iStock-1333277534-1-300x194.jpg 300w, https:\/\/travauxneufs.lasolutionglobale.eu\/wp-content\/uploads\/2022\/09\/iStock-1333277534-1-768x497.jpg 768w, https:\/\/travauxneufs.lasolutionglobale.eu\/wp-content\/uploads\/2022\/09\/iStock-1333277534-1-1536x994.jpg 1536w, https:\/\/travauxneufs.lasolutionglobale.eu\/wp-content\/uploads\/2022\/09\/iStock-1333277534-1-2048x1326.jpg 2048w\" sizes=\"auto, (max-width: 1024px) 100vw, 1024px\" \/><figcaption>Stylized vector illustration of isometric blueprints of rotary feeder<\/figcaption><\/figure>\n\n\n\n<p>New works<\/p>\n<a href=\"https:\/\/travauxneufs.lasolutionglobale.eu\/fr\/services-et-produits\/travaux-neufs\" class=\"editorskit-block-link\" rel=\"\"><\/a><\/div>\n<\/div>\n<\/div>\n\n\n\n<div id=\"nos-certifications\" class=\"wp-block-group is-style-blue-section is-layout-flow wp-block-group-is-layout-flow\">\n<h3 class=\"has-text-align-center wp-block-heading\">OUR CERTIFICATIONS<\/h3>\n\n\n\n<div class=\"wp-block-columns are-vertically-aligned-center is-style-arguments-rse is-style-description-rse is-layout-flex wp-container-core-columns-is-layout-9d6595d7 wp-block-columns-is-layout-flex\">\n<div class=\"wp-block-column is-vertically-aligned-center is-layout-flow wp-block-column-is-layout-flow\" style=\"flex-basis:10%\">\n<figure class=\"wp-block-image size-full\"><img loading=\"lazy\" decoding=\"async\" width=\"355\" height=\"113\" src=\"https:\/\/travauxneufs.lasolutionglobale.eu\/wp-content\/uploads\/2022\/10\/mase-e1664887740104.png\" alt=\"mase\" class=\"wp-image-4170\" srcset=\"https:\/\/travauxneufs.lasolutionglobale.eu\/wp-content\/uploads\/2022\/10\/mase-e1664887740104.png 355w, https:\/\/travauxneufs.lasolutionglobale.eu\/wp-content\/uploads\/2022\/10\/mase-e1664887740104-300x95.png 300w\" sizes=\"auto, (max-width: 355px) 100vw, 355px\" \/><\/figure>\n<\/div>\n\n\n\n<div class=\"wp-block-column is-vertically-aligned-center is-layout-flow wp-block-column-is-layout-flow\" style=\"flex-basis:90%\">\n<p>The MASE (Manuel d&#8217;Am\u00e9lioration S\u00e9curit\u00e9 Entreprise) is a reference system aimed at improving health and safety in the workplace as well as the protection of our environment.<br>This daily approach is part of the professionalism of our teams to obtain the trust of our customers, because Health, Safety and the preservation of the Environment remain a real priority for all the Women and Men who make up our Group.<\/p>\n<\/div>\n<\/div>\n\n\n\n<div class=\"wp-block-columns are-vertically-aligned-center is-style-arguments-rse is-style-description-rse is-layout-flex wp-container-core-columns-is-layout-9d6595d7 wp-block-columns-is-layout-flex\">\n<div class=\"wp-block-column is-vertically-aligned-center is-layout-flow wp-block-column-is-layout-flow\" style=\"flex-basis:10%\">\n<figure class=\"wp-block-image size-full\"><img loading=\"lazy\" decoding=\"async\" width=\"300\" height=\"311\" src=\"https:\/\/travauxneufs.lasolutionglobale.eu\/wp-content\/uploads\/2022\/10\/iso-e1664887726924.png\" alt=\"iso\" class=\"wp-image-4172\" srcset=\"https:\/\/travauxneufs.lasolutionglobale.eu\/wp-content\/uploads\/2022\/10\/iso-e1664887726924.png 300w, https:\/\/travauxneufs.lasolutionglobale.eu\/wp-content\/uploads\/2022\/10\/iso-e1664887726924-289x300.png 289w\" sizes=\"auto, (max-width: 300px) 100vw, 300px\" \/><\/figure>\n<\/div>\n\n\n\n<div class=\"wp-block-column is-vertically-aligned-center is-layout-flow wp-block-column-is-layout-flow\" style=\"flex-basis:90%\">\n<p>NETCO has built its organization according to the ISO 9001 standard. <br>It is an international standard that constitutes a guide for the management of a company. <br>The continuous and permanent improvement of our processes are the essential virtues of our Group to guarantee the satisfaction of our customers.<\/p>\n<\/div>\n<\/div>\n\n\n\n<div class=\"wp-block-columns are-vertically-aligned-center is-style-arguments-rse is-style-description-rse is-layout-flex wp-container-core-columns-is-layout-9d6595d7 wp-block-columns-is-layout-flex\">\n<div class=\"wp-block-column is-vertically-aligned-center is-layout-flow wp-block-column-is-layout-flow\" style=\"flex-basis:10%\">\n<figure class=\"wp-block-image size-full\"><img loading=\"lazy\" decoding=\"async\" width=\"500\" height=\"129\" src=\"https:\/\/travauxneufs.lasolutionglobale.eu\/wp-content\/uploads\/2022\/10\/qualipopi-1024x264-2.png\" alt=\"\" class=\"wp-image-4224\" srcset=\"https:\/\/travauxneufs.lasolutionglobale.eu\/wp-content\/uploads\/2022\/10\/qualipopi-1024x264-2.png 500w, https:\/\/travauxneufs.lasolutionglobale.eu\/wp-content\/uploads\/2022\/10\/qualipopi-1024x264-2-300x77.png 300w\" sizes=\"auto, (max-width: 500px) 100vw, 500px\" \/><\/figure>\n<\/div>\n\n\n\n<div class=\"wp-block-column is-vertically-aligned-center is-layout-flow wp-block-column-is-layout-flow\" style=\"flex-basis:90%\">\n<p>&#8221;&nbsp;The QUALIOPI mark&nbsp;is the certification mark for providers of actions contributing to the development of skills.  <br>Its objective is to certify the quality of the process implemented to provide training. <br>NETCO has been certified QUALIOPI since 11\/08\/2022 by an independent external organization.  <br>This certification allows our clients to benefit from public or mutualized funds (OPCO, etc. &#8230;.)<\/p>\n<\/div>\n<\/div>\n\n\n\n<div class=\"wp-block-columns are-vertically-aligned-center is-style-arguments-rse is-style-description-rse is-layout-flex wp-container-core-columns-is-layout-9d6595d7 wp-block-columns-is-layout-flex\">\n<div class=\"wp-block-column is-vertically-aligned-center is-layout-flow wp-block-column-is-layout-flow\" style=\"flex-basis:10%\">\n<figure class=\"wp-block-image size-full\"><img loading=\"lazy\" decoding=\"async\" width=\"291\" height=\"273\" src=\"https:\/\/travauxneufs.lasolutionglobale.eu\/wp-content\/uploads\/2022\/10\/qse.png\" alt=\"qse\" class=\"wp-image-4235\"><\/figure>\n<\/div>\n\n\n\n<div class=\"wp-block-column is-vertically-aligned-center is-layout-flow wp-block-column-is-layout-flow\" style=\"flex-basis:90%\">\n<p>Since the launch of the&nbsp;NETCO project, we have built a fully integrated management system on the fundamental pillars in our management&nbsp;:&nbsp;<br><strong>Quality, based on the ISO 9001 standard<\/strong><br>Health,&nbsp;<strong>Safety,&nbsp;Environment<\/strong> with our MASE certification<\/p>\n<\/div>\n<\/div>\n<\/div>\n","protected":false},"excerpt":{"rendered":"<p>OVER 120 YEARS OF EXPERIENCE AT YOUR SERVICE A global approach NETCO&#8217;s global approach is its ability to intervene on the complete environment of all conveyor systems and their components. NETCO&#8217;s intervention teams are highly qualified, trained, available 24\/7, as close as possible to your operating sites and intervening in compliance with safety regulations. NETCO [&hellip;]<\/p>\n","protected":false},"author":1,"featured_media":1995,"parent":0,"menu_order":0,"comment_status":"closed","ping_status":"closed","template":"","meta":{"_editorskit_title_hidden":false,"_editorskit_reading_time":0,"_editorskit_is_block_options_detached":false,"_editorskit_block_options_position":"{}","ghostkit_customizer_options":"","ghostkit_custom_css":"","ghostkit_custom_js_head":"","ghostkit_custom_js_foot":"","ghostkit_typography":"","slim_seo":{"title":"Services and products - Travaux neufs","description":"Services &amp; Maintenance Products New works"},"footnotes":""},"class_list":["post-5185","page","type-page","status-publish","has-post-thumbnail","hentry"],"_links":{"self":[{"href":"https:\/\/travauxneufs.lasolutionglobale.eu\/en\/wp-json\/wp\/v2\/pages\/5185","targetHints":{"allow":["GET"]}}],"collection":[{"href":"https:\/\/travauxneufs.lasolutionglobale.eu\/en\/wp-json\/wp\/v2\/pages"}],"about":[{"href":"https:\/\/travauxneufs.lasolutionglobale.eu\/en\/wp-json\/wp\/v2\/types\/page"}],"author":[{"embeddable":true,"href":"https:\/\/travauxneufs.lasolutionglobale.eu\/en\/wp-json\/wp\/v2\/users\/1"}],"replies":[{"embeddable":true,"href":"https:\/\/travauxneufs.lasolutionglobale.eu\/en\/wp-json\/wp\/v2\/comments?post=5185"}],"version-history":[{"count":2,"href":"https:\/\/travauxneufs.lasolutionglobale.eu\/en\/wp-json\/wp\/v2\/pages\/5185\/revisions"}],"predecessor-version":[{"id":5389,"href":"https:\/\/travauxneufs.lasolutionglobale.eu\/en\/wp-json\/wp\/v2\/pages\/5185\/revisions\/5389"}],"wp:featuredmedia":[{"embeddable":true,"href":"https:\/\/travauxneufs.lasolutionglobale.eu\/en\/wp-json\/wp\/v2\/media\/1995"}],"wp:attachment":[{"href":"https:\/\/travauxneufs.lasolutionglobale.eu\/en\/wp-json\/wp\/v2\/media?parent=5185"}],"curies":[{"name":"wp","href":"https:\/\/api.w.org\/{rel}","templated":true}]}}