{"id":5183,"date":"2022-04-12T11:01:07","date_gmt":"2022-04-12T09:01:07","guid":{"rendered":"https:\/\/travauxneufs.lasolutionglobale.eu\/sectors-of-activity"},"modified":"2022-12-06T07:53:28","modified_gmt":"2022-12-06T06:53:28","slug":"sectors-of-activity","status":"publish","type":"page","link":"https:\/\/travauxneufs.lasolutionglobale.eu\/en\/sectors-of-activity","title":{"rendered":"Sectors of activity"},"content":{"rendered":"\n<h6 class=\"has-text-align-center wp-block-heading\">Services \/ Maintenance<\/h6>\n\n\n\n<h2 class=\"has-text-align-center wp-block-heading\">Notre expertise par activit\u00e9<\/h2>\n\n\n<nav class=\"netco-menus\" menu=\"secteurs-dactivites-fr\"><a href=\"https:\/\/travauxneufs.lasolutionglobale.eu\/fr\/secteurs-dactivites\/environnement-et-valorisation-des-dechets\"><div class=\"thumbnail\" ><img decoding=\"async\" src=\"https:\/\/travauxneufs.lasolutionglobale.eu\/wp-content\/uploads\/2022\/09\/iStock-1244831889-1-1024x614.jpg\"\/><\/div><div class=\"title\">Environnement et valorisation des d\u00e9chets<\/div><\/a><a href=\"https:\/\/travauxneufs.lasolutionglobale.eu\/fr\/secteurs-dactivites\/logistique\"><div class=\"thumbnail\" ><img decoding=\"async\" src=\"https:\/\/travauxneufs.lasolutionglobale.eu\/wp-content\/uploads\/2022\/09\/iStock-1131418098-1024x683.jpg\"\/><\/div><div class=\"title\">Logistique<\/div><\/a><a href=\"https:\/\/travauxneufs.lasolutionglobale.eu\/fr\/secteurs-dactivites\/agroalimentaire\"><div class=\"thumbnail\" ><img decoding=\"async\" src=\"https:\/\/travauxneufs.lasolutionglobale.eu\/wp-content\/uploads\/2022\/09\/Agroalimentaire-1024x580.png\"\/><\/div><div class=\"title\">Agroalimentaire<\/div><\/a><a href=\"https:\/\/travauxneufs.lasolutionglobale.eu\/fr\/secteurs-dactivites\/energie\"><div class=\"thumbnail\" ><img decoding=\"async\" src=\"https:\/\/travauxneufs.lasolutionglobale.eu\/wp-content\/uploads\/2022\/09\/iStock-157695303-1024x683.jpg\"\/><\/div><div class=\"title\">Energie<\/div><\/a><a href=\"https:\/\/travauxneufs.lasolutionglobale.eu\/fr\/secteurs-dactivites\/industrie-minerale-carriere-sabliere\"><div class=\"thumbnail\" ><img decoding=\"async\" src=\"https:\/\/travauxneufs.lasolutionglobale.eu\/wp-content\/uploads\/2022\/09\/CARRIERE-SABLIERES-1024x582.png\"\/><\/div><div class=\"title\">Industrie min\u00e9rale, carri\u00e8re, sabli\u00e8re<\/div><\/a><a href=\"https:\/\/travauxneufs.lasolutionglobale.eu\/fr\/secteurs-dactivites\/chimie-et-pharmaceutique\"><div class=\"thumbnail\" ><img decoding=\"async\" src=\"https:\/\/travauxneufs.lasolutionglobale.eu\/wp-content\/uploads\/2022\/09\/CHIMIE-1024x585.png\"\/><\/div><div class=\"title\">Chimie et pharmaceutique<\/div><\/a><a href=\"https:\/\/travauxneufs.lasolutionglobale.eu\/fr\/secteurs-dactivites\/industrie-bois-et-derives\"><div class=\"thumbnail\" ><img decoding=\"async\" src=\"https:\/\/travauxneufs.lasolutionglobale.eu\/wp-content\/uploads\/2022\/09\/iStock-1053182458-1024x637.jpg\"\/><\/div><div class=\"title\">Industrie bois et d\u00e9riv\u00e9s<\/div><\/a><a href=\"https:\/\/travauxneufs.lasolutionglobale.eu\/fr\/secteurs-dactivites\/siderurgie-metallurgie\"><div class=\"thumbnail\" ><img decoding=\"async\" src=\"https:\/\/travauxneufs.lasolutionglobale.eu\/wp-content\/uploads\/2022\/09\/iStock-502120934-1024x683.jpg\"\/><\/div><div class=\"title\">Sid\u00e9rurgie, m\u00e9tallurgie<\/div><\/a><a href=\"https:\/\/travauxneufs.lasolutionglobale.eu\/fr\/secteurs-dactivites\/machines-agricoles\"><div class=\"thumbnail\" ><img decoding=\"async\" src=\"https:\/\/travauxneufs.lasolutionglobale.eu\/wp-content\/uploads\/2022\/09\/GREGOIREGM7.4-P1050505BC-1024x683.jpeg\"\/><\/div><div class=\"title\">Machines agricoles<\/div><\/a><\/nav>\n\n\n\n<div style=\"height:4rem\" aria-hidden=\"true\" class=\"wp-block-spacer\"><\/div>\n\n\n\n<div id=\"nos-certifications\" class=\"wp-block-group is-style-blue-section is-layout-flow wp-block-group-is-layout-flow\">\n<h3 class=\"has-text-align-center wp-block-heading\">OUR CERTIFICATIONS<\/h3>\n\n\n\n<div class=\"wp-block-columns are-vertically-aligned-center is-style-arguments-rse is-style-description-rse is-layout-flex wp-container-core-columns-is-layout-9d6595d7 wp-block-columns-is-layout-flex\">\n<div class=\"wp-block-column is-vertically-aligned-center is-layout-flow wp-block-column-is-layout-flow\" style=\"flex-basis:10%\">\n<figure class=\"wp-block-image size-full\"><img loading=\"lazy\" decoding=\"async\" width=\"355\" height=\"113\" src=\"https:\/\/travauxneufs.lasolutionglobale.eu\/wp-content\/uploads\/2022\/10\/mase-e1664887740104.png\" alt=\"mase\" class=\"wp-image-4170\" srcset=\"https:\/\/travauxneufs.lasolutionglobale.eu\/wp-content\/uploads\/2022\/10\/mase-e1664887740104.png 355w, https:\/\/travauxneufs.lasolutionglobale.eu\/wp-content\/uploads\/2022\/10\/mase-e1664887740104-300x95.png 300w\" sizes=\"auto, (max-width: 355px) 100vw, 355px\" \/><\/figure>\n<\/div>\n\n\n\n<div class=\"wp-block-column is-vertically-aligned-center is-layout-flow wp-block-column-is-layout-flow\" style=\"flex-basis:90%\">\n<p>The MASE (Manuel d&#8217;Am\u00e9lioration S\u00e9curit\u00e9 Entreprise) is a reference system aimed at improving health and safety in the workplace as well as the protection of our environment.<br>This daily approach is part of the professionalism of our teams to obtain the trust of our customers, because Health, Safety and the preservation of the Environment remain a real priority for all the Women and Men who make up our Group.<\/p>\n<\/div>\n<\/div>\n\n\n\n<div class=\"wp-block-columns are-vertically-aligned-center is-style-arguments-rse is-style-description-rse is-layout-flex wp-container-core-columns-is-layout-9d6595d7 wp-block-columns-is-layout-flex\">\n<div class=\"wp-block-column is-vertically-aligned-center is-layout-flow wp-block-column-is-layout-flow\" style=\"flex-basis:10%\">\n<figure class=\"wp-block-image size-full\"><img loading=\"lazy\" decoding=\"async\" width=\"300\" height=\"311\" src=\"https:\/\/travauxneufs.lasolutionglobale.eu\/wp-content\/uploads\/2022\/10\/iso-e1664887726924.png\" alt=\"iso\" class=\"wp-image-4172\" srcset=\"https:\/\/travauxneufs.lasolutionglobale.eu\/wp-content\/uploads\/2022\/10\/iso-e1664887726924.png 300w, https:\/\/travauxneufs.lasolutionglobale.eu\/wp-content\/uploads\/2022\/10\/iso-e1664887726924-289x300.png 289w\" sizes=\"auto, (max-width: 300px) 100vw, 300px\" \/><\/figure>\n<\/div>\n\n\n\n<div class=\"wp-block-column is-vertically-aligned-center is-layout-flow wp-block-column-is-layout-flow\" style=\"flex-basis:90%\">\n<p>NETCO has built its organization according to the ISO 9001 standard. <br>It is an international standard that constitutes a guide for the management of a company. <br>The continuous and permanent improvement of our processes are the essential virtues of our Group to guarantee the satisfaction of our customers.<\/p>\n<\/div>\n<\/div>\n\n\n\n<div class=\"wp-block-columns are-vertically-aligned-center is-style-arguments-rse is-style-description-rse is-layout-flex wp-container-core-columns-is-layout-9d6595d7 wp-block-columns-is-layout-flex\">\n<div class=\"wp-block-column is-vertically-aligned-center is-layout-flow wp-block-column-is-layout-flow\" style=\"flex-basis:10%\">\n<figure class=\"wp-block-image size-full\"><img loading=\"lazy\" decoding=\"async\" width=\"500\" height=\"129\" src=\"https:\/\/travauxneufs.lasolutionglobale.eu\/wp-content\/uploads\/2022\/10\/qualipopi-1024x264-2.png\" alt=\"\" class=\"wp-image-4224\" srcset=\"https:\/\/travauxneufs.lasolutionglobale.eu\/wp-content\/uploads\/2022\/10\/qualipopi-1024x264-2.png 500w, https:\/\/travauxneufs.lasolutionglobale.eu\/wp-content\/uploads\/2022\/10\/qualipopi-1024x264-2-300x77.png 300w\" sizes=\"auto, (max-width: 500px) 100vw, 500px\" \/><\/figure>\n<\/div>\n\n\n\n<div class=\"wp-block-column is-vertically-aligned-center is-layout-flow wp-block-column-is-layout-flow\" style=\"flex-basis:90%\">\n<p>&#8221;&nbsp;The QUALIOPI mark&nbsp;is the certification mark for providers of actions contributing to the development of skills.  <br>Its objective is to certify the quality of the process implemented to provide training. <br>NETCO has been certified QUALIOPI since 11\/08\/2022 by an independent external organization.  <br>This certification allows our clients to benefit from public or mutualized funds (OPCO, etc. &#8230;.)<\/p>\n<\/div>\n<\/div>\n\n\n\n<div class=\"wp-block-columns are-vertically-aligned-center is-style-arguments-rse is-style-description-rse is-layout-flex wp-container-core-columns-is-layout-9d6595d7 wp-block-columns-is-layout-flex\">\n<div class=\"wp-block-column is-vertically-aligned-center is-layout-flow wp-block-column-is-layout-flow\" style=\"flex-basis:10%\">\n<figure class=\"wp-block-image size-full\"><img loading=\"lazy\" decoding=\"async\" width=\"291\" height=\"273\" src=\"https:\/\/travauxneufs.lasolutionglobale.eu\/wp-content\/uploads\/2022\/10\/qse.png\" alt=\"qse\" class=\"wp-image-4235\"><\/figure>\n<\/div>\n\n\n\n<div class=\"wp-block-column is-vertically-aligned-center is-layout-flow wp-block-column-is-layout-flow\" style=\"flex-basis:90%\">\n<p>Since the launch of the&nbsp;NETCO project, we have built a fully integrated management system on the fundamental pillars in our management&nbsp;:&nbsp;<br><strong>Quality, based on the ISO 9001 standard<\/strong><br>Health,&nbsp;<strong>Safety,&nbsp;Environment<\/strong> with our MASE certification<\/p>\n<\/div>\n<\/div>\n<\/div>\n","protected":false},"excerpt":{"rendered":"<p>Services \/ Maintenance Notre expertise par activit\u00e9<\/p>\n","protected":false},"author":1,"featured_media":4099,"parent":0,"menu_order":0,"comment_status":"closed","ping_status":"closed","template":"","meta":{"_editorskit_title_hidden":false,"_editorskit_reading_time":0,"_editorskit_is_block_options_detached":false,"_editorskit_block_options_position":"{}","ghostkit_customizer_options":"","ghostkit_custom_css":"","ghostkit_custom_js_head":"","ghostkit_custom_js_foot":"","ghostkit_typography":"","slim_seo":{"title":"Sectors of activity - Travaux neufs","description":"Services \/ Maintenance Notre expertise par activit\u00e9"},"footnotes":""},"class_list":["post-5183","page","type-page","status-publish","has-post-thumbnail","hentry"],"_links":{"self":[{"href":"https:\/\/travauxneufs.lasolutionglobale.eu\/en\/wp-json\/wp\/v2\/pages\/5183","targetHints":{"allow":["GET"]}}],"collection":[{"href":"https:\/\/travauxneufs.lasolutionglobale.eu\/en\/wp-json\/wp\/v2\/pages"}],"about":[{"href":"https:\/\/travauxneufs.lasolutionglobale.eu\/en\/wp-json\/wp\/v2\/types\/page"}],"author":[{"embeddable":true,"href":"https:\/\/travauxneufs.lasolutionglobale.eu\/en\/wp-json\/wp\/v2\/users\/1"}],"replies":[{"embeddable":true,"href":"https:\/\/travauxneufs.lasolutionglobale.eu\/en\/wp-json\/wp\/v2\/comments?post=5183"}],"version-history":[{"count":10,"href":"https:\/\/travauxneufs.lasolutionglobale.eu\/en\/wp-json\/wp\/v2\/pages\/5183\/revisions"}],"predecessor-version":[{"id":5480,"href":"https:\/\/travauxneufs.lasolutionglobale.eu\/en\/wp-json\/wp\/v2\/pages\/5183\/revisions\/5480"}],"wp:featuredmedia":[{"embeddable":true,"href":"https:\/\/travauxneufs.lasolutionglobale.eu\/en\/wp-json\/wp\/v2\/media\/4099"}],"wp:attachment":[{"href":"https:\/\/travauxneufs.lasolutionglobale.eu\/en\/wp-json\/wp\/v2\/media?parent=5183"}],"curies":[{"name":"wp","href":"https:\/\/api.w.org\/{rel}","templated":true}]}}